{"id":57188,"date":"2023-10-15T11:39:57","date_gmt":"2023-10-15T11:39:57","guid":{"rendered":"https:\/\/ilmoliulampar.is\/?page_id=57188"},"modified":"2023-10-15T15:39:07","modified_gmt":"2023-10-15T15:39:07","slug":"thank-you","status":"publish","type":"page","link":"https:\/\/ilmoliulampar.is\/en_gb\/thank-you\/","title":{"rendered":"Thank You"},"content":{"rendered":"<div data-elementor-type=\"wp-page\" data-elementor-id=\"57188\" class=\"elementor elementor-57188\" data-elementor-post-type=\"page\">\n\t\t\t\t\t\t<section class=\"elementor-section elementor-top-section elementor-element elementor-element-d0654fd elementor-section-boxed elementor-section-height-default elementor-section-height-default\" data-id=\"d0654fd\" data-element_type=\"section\" data-e-type=\"section\">\n\t\t\t\t\t\t<div class=\"elementor-container elementor-column-gap-default\">\n\t\t\t\t\t<div class=\"elementor-column elementor-col-100 elementor-top-column elementor-element elementor-element-c12d34c\" data-id=\"c12d34c\" data-element_type=\"column\" data-e-type=\"column\">\n\t\t\t<div class=\"elementor-widget-wrap elementor-element-populated\">\n\t\t\t\t\t\t<div class=\"elementor-element elementor-element-228e8d1 elementor-widget elementor-widget-heading\" data-id=\"228e8d1\" data-element_type=\"widget\" data-e-type=\"widget\" data-widget_type=\"heading.default\">\n\t\t\t\t<div class=\"elementor-widget-container\">\n\t\t\t\t\t<h2 class=\"elementor-heading-title elementor-size-default\">Velkomin \u00ed Vildarkl\u00fabb Zolo<br>\u00deakka \u00fe\u00e9r fyrir p\u00f6ntunina!<\/h2>\t\t\t\t<\/div>\n\t\t\t\t<\/div>\n\t\t\t\t<div class=\"elementor-element elementor-element-71f7b7f elementor-widget__width-initial elementor-widget elementor-widget-text-editor\" data-id=\"71f7b7f\" data-element_type=\"widget\" data-e-type=\"widget\" data-widget_type=\"text-editor.default\">\n\t\t\t\t<div class=\"elementor-widget-container\">\n\t\t\t\t\t\t\t\t\t<p>\u00dea\u00f0 er okkur s\u00f6nn \u00e1n\u00e6gja a\u00f0 bj\u00f3\u00f0a \u00fe\u00e9r 10% afsl\u00e1tt af fyrstu kaupum \u00fe\u00ednum hj\u00e1 okkur \u00ed vefversluninni. \u00de\u00fa einfaldlega sl\u00e6r\u00f0 inn k\u00f3\u00f0ann h\u00e9r a\u00f0 ne\u00f0an og f\u00e6r\u00f0 10% afsl\u00e1tt af heildarver\u00f0i p\u00f6ntunar.<\/p>\t\t\t\t\t\t\t\t<\/div>\n\t\t\t\t<\/div>\n\t\t\t\t<div class=\"elementor-element elementor-element-1d3cb74 elementor-widget elementor-widget-heading\" data-id=\"1d3cb74\" data-element_type=\"widget\" data-e-type=\"widget\" data-widget_type=\"heading.default\">\n\t\t\t\t<div class=\"elementor-widget-container\">\n\t\t\t\t\t<h2 class=\"elementor-heading-title elementor-size-default\">10FYRSTA<\/h2>\t\t\t\t<\/div>\n\t\t\t\t<\/div>\n\t\t\t\t<div class=\"elementor-element elementor-element-0422e83 elementor-widget__width-initial elementor-widget elementor-widget-text-editor\" data-id=\"0422e83\" data-element_type=\"widget\" data-e-type=\"widget\" data-widget_type=\"text-editor.default\">\n\t\t\t\t<div class=\"elementor-widget-container\">\n\t\t\t\t\t\t\t\t\t<p>Me\u00f0 skr\u00e1ningu \u00ed vildarkl\u00fabb \u00e1ttu von \u00e1 t\u00f6lvup\u00f3sti me\u00f0 uppl\u00fdsingum um n\u00fdjustu v\u00f6rur og tilbo\u00f0.<\/p><p>Okkar bestu kve\u00f0jur,\u00a0<\/p><p>Starsf\u00f3lk Zolo.<\/p>\t\t\t\t\t\t\t\t<\/div>\n\t\t\t\t<\/div>\n\t\t\t\t\t<\/div>\n\t\t<\/div>\n\t\t\t\t\t<\/div>\n\t\t<\/section>\n\t\t\t\t<\/div>","protected":false},"excerpt":{"rendered":"<p>Velkomin \u00ed Vildarkl\u00fabb Zolo\u00deakka \u00fe\u00e9r fyrir p\u00f6ntunina! \u00dea\u00f0 er okkur s\u00f6nn \u00e1n\u00e6gja a\u00f0 bj\u00f3\u00f0a \u00fe\u00e9r 10% afsl\u00e1tt af fyrstu kaupum \u00fe\u00ednum hj\u00e1 okkur \u00ed vefversluninni. \u00de\u00fa einfaldlega sl\u00e6r\u00f0 inn k\u00f3\u00f0ann h\u00e9r a\u00f0 ne\u00f0an og f\u00e6r\u00f0 10% afsl\u00e1tt af heildarver\u00f0i p\u00f6ntunar. 10FYRSTA Me\u00f0 skr\u00e1ningu \u00ed vildarkl\u00fabb \u00e1ttu von \u00e1 t\u00f6lvup\u00f3sti me\u00f0 uppl\u00fdsingum um n\u00fdjustu v\u00f6rur og [&hellip;]<\/p>\n","protected":false},"author":1,"featured_media":0,"parent":0,"menu_order":0,"comment_status":"closed","ping_status":"closed","template":"","meta":{"footnotes":""},"class_list":["post-57188","page","type-page","status-publish","hentry"],"_links":{"self":[{"href":"https:\/\/ilmoliulampar.is\/en_gb\/wp-json\/wp\/v2\/pages\/57188","targetHints":{"allow":["GET"]}}],"collection":[{"href":"https:\/\/ilmoliulampar.is\/en_gb\/wp-json\/wp\/v2\/pages"}],"about":[{"href":"https:\/\/ilmoliulampar.is\/en_gb\/wp-json\/wp\/v2\/types\/page"}],"author":[{"embeddable":true,"href":"https:\/\/ilmoliulampar.is\/en_gb\/wp-json\/wp\/v2\/users\/1"}],"replies":[{"embeddable":true,"href":"https:\/\/ilmoliulampar.is\/en_gb\/wp-json\/wp\/v2\/comments?post=57188"}],"version-history":[{"count":34,"href":"https:\/\/ilmoliulampar.is\/en_gb\/wp-json\/wp\/v2\/pages\/57188\/revisions"}],"predecessor-version":[{"id":57243,"href":"https:\/\/ilmoliulampar.is\/en_gb\/wp-json\/wp\/v2\/pages\/57188\/revisions\/57243"}],"wp:attachment":[{"href":"https:\/\/ilmoliulampar.is\/en_gb\/wp-json\/wp\/v2\/media?parent=57188"}],"curies":[{"name":"wp","href":"https:\/\/api.w.org\/{rel}","templated":true}]}}