{"id":584,"date":"2020-10-13T06:47:01","date_gmt":"2020-10-13T06:47:01","guid":{"rendered":"http:\/\/localhost\/razzi\/?page_id=584"},"modified":"2023-04-17T11:48:57","modified_gmt":"2023-04-17T11:48:57","slug":"samband","status":"publish","type":"page","link":"https:\/\/ilmoliulampar.is\/en_gb\/samband\/","title":{"rendered":"Be in touch"},"content":{"rendered":"\t\t<div data-elementor-type=\"wp-page\" data-elementor-id=\"584\" class=\"elementor elementor-584\" data-elementor-post-type=\"page\">\n\t\t\t\t\t\t<section class=\"elementor-section elementor-top-section elementor-element elementor-element-0d70590 elementor-section-boxed elementor-section-height-default elementor-section-height-default\" data-id=\"0d70590\" data-element_type=\"section\" data-e-type=\"section\">\n\t\t\t\t\t\t<div class=\"elementor-container elementor-column-gap-wider\">\n\t\t\t\t\t<div class=\"elementor-column elementor-col-50 elementor-top-column elementor-element elementor-element-d16c733\" data-id=\"d16c733\" data-element_type=\"column\" data-e-type=\"column\">\n\t\t\t<div class=\"elementor-widget-wrap elementor-element-populated\">\n\t\t\t\t\t\t<div class=\"elementor-element elementor-element-8136ce3 elementor-position-left elementor-view-default elementor-vertical-align-top elementor-widget elementor-widget-razzi-icon-box\" data-id=\"8136ce3\" data-element_type=\"widget\" data-e-type=\"widget\" data-widget_type=\"razzi-icon-box.default\">\n\t\t\t\t<div class=\"elementor-widget-container\">\n\t\t\t\t\t\t\t<div class=\"razzi-icon-box\">\r\n\t\t\t\t\t\t<div class=\"razzi-icon-box__icon\">\r\n\t\t\t\t<span class=\"razzi-img-icon elementor-animation-\" >\r\n\t\t\t\t<img decoding=\"async\" src=\"https:\/\/demo4.drfuri.com\/media\/razzi\/ct_svg_1.svg\" alt=\"Hringdu \u00ed okkur:\" \/>\t\t\t\t<\/span>\r\n\t\t\t<\/div>\r\n\t\t\t\t\t\t<div class=\"razzi-icon-box__content\">\r\n\t\t\t\t<div class=\"razzi-icon-box__item\">\r\n\t\t\t\t\t<div class=\"razzi-icon-box__title\">\r\n\t\t\t\t\t\t<span  >\r\n\t\t\t\t\t\t\tHringdu \u00ed okkur:\t\t\t\t\t\t<\/span>\r\n\t\t\t\t\t<\/div>\r\n\t\t\t\t\t\t\t\t\t<\/div>\r\n\t\t\t\t\t\t\t<\/div>\r\n\t\t<\/div>\r\n\t\t\t\t\t\t<\/div>\n\t\t\t\t<\/div>\n\t\t\t\t<div class=\"elementor-element elementor-element-6792f4f elementor-widget elementor-widget-text-editor\" data-id=\"6792f4f\" data-element_type=\"widget\" data-e-type=\"widget\" data-widget_type=\"text-editor.default\">\n\t\t\t\t<div class=\"elementor-widget-container\">\n\t\t\t\t\t\t\t\t\t<p>Opi\u00f0 fr\u00e1 klukkan 11 til 18 alla virka daga og fr\u00e1 kl. 11-16 laugardaga.<\/p>\t\t\t\t\t\t\t\t<\/div>\n\t\t\t\t<\/div>\n\t\t\t\t<div class=\"elementor-element elementor-element-c7f0ddf elementor-widget elementor-widget-heading\" data-id=\"c7f0ddf\" data-element_type=\"widget\" data-e-type=\"widget\" data-widget_type=\"heading.default\">\n\t\t\t\t<div class=\"elementor-widget-container\">\n\t\t\t\t\t<h6 class=\"elementor-heading-title elementor-size-default\">S\u00edminn okkar:\n<\/h6>\t\t\t\t<\/div>\n\t\t\t\t<\/div>\n\t\t\t\t<div class=\"elementor-element elementor-element-dbea1cf elementor-widget elementor-widget-text-editor\" data-id=\"dbea1cf\" data-element_type=\"widget\" data-e-type=\"widget\" data-widget_type=\"text-editor.default\">\n\t\t\t\t<div class=\"elementor-widget-container\">\n\t\t\t\t\t\t\t\t\t<p>588 6777<\/p>\t\t\t\t\t\t\t\t<\/div>\n\t\t\t\t<\/div>\n\t\t\t\t<div class=\"elementor-element elementor-element-8c5368c elementor-position-left elementor-view-default elementor-vertical-align-top elementor-widget elementor-widget-razzi-icon-box\" data-id=\"8c5368c\" data-element_type=\"widget\" data-e-type=\"widget\" data-widget_type=\"razzi-icon-box.default\">\n\t\t\t\t<div class=\"elementor-widget-container\">\n\t\t\t\t\t\t\t<div class=\"razzi-icon-box\">\r\n\t\t\t\t\t\t<div class=\"razzi-icon-box__icon\">\r\n\t\t\t\t<span class=\"razzi-img-icon elementor-animation-\" >\r\n\t\t\t\t<img decoding=\"async\" src=\"https:\/\/demo4.drfuri.com\/media\/razzi\/ct_svg_2.svg\" alt=\"Sendu okkur t\u00f6lvup\u00f3st:\" \/>\t\t\t\t<\/span>\r\n\t\t\t<\/div>\r\n\t\t\t\t\t\t<div class=\"razzi-icon-box__content\">\r\n\t\t\t\t<div class=\"razzi-icon-box__item\">\r\n\t\t\t\t\t<div class=\"razzi-icon-box__title\">\r\n\t\t\t\t\t\t<span  >\r\n\t\t\t\t\t\t\tSendu okkur t\u00f6lvup\u00f3st:\t\t\t\t\t\t<\/span>\r\n\t\t\t\t\t<\/div>\r\n\t\t\t\t\t\t\t\t\t<\/div>\r\n\t\t\t\t\t\t\t<\/div>\r\n\t\t<\/div>\r\n\t\t\t\t\t\t<\/div>\n\t\t\t\t<\/div>\n\t\t\t\t<div class=\"elementor-element elementor-element-4573e52 elementor-widget elementor-widget-text-editor\" data-id=\"4573e52\" data-element_type=\"widget\" data-e-type=\"widget\" data-widget_type=\"text-editor.default\">\n\t\t\t\t<div class=\"elementor-widget-container\">\n\t\t\t\t\t\t\t\t\t<p>Fylltu \u00fat formi\u00f0 og vi\u00f0 sv\u00f6rum um h\u00e6l. Stefnan er a\u00f0 svara innan 24 t\u00edma.<\/p>\t\t\t\t\t\t\t\t<\/div>\n\t\t\t\t<\/div>\n\t\t\t\t<div class=\"elementor-element elementor-element-d60c5fd elementor-position-left elementor-view-default elementor-vertical-align-top elementor-widget elementor-widget-razzi-icon-box\" data-id=\"d60c5fd\" data-element_type=\"widget\" data-e-type=\"widget\" data-widget_type=\"razzi-icon-box.default\">\n\t\t\t\t<div class=\"elementor-widget-container\">\n\t\t\t\t\t\t\t<div class=\"razzi-icon-box\">\r\n\t\t\t\t\t\t<div class=\"razzi-icon-box__icon\">\r\n\t\t\t\t<span class=\"razzi-img-icon elementor-animation-\" >\r\n\t\t\t\t<img decoding=\"async\" src=\"https:\/\/demo4.drfuri.com\/media\/razzi\/ct_svg_3.svg\" alt=\"Heimilisfang:\" \/>\t\t\t\t<\/span>\r\n\t\t\t<\/div>\r\n\t\t\t\t\t\t<div class=\"razzi-icon-box__content\">\r\n\t\t\t\t<div class=\"razzi-icon-box__item\">\r\n\t\t\t\t\t<div class=\"razzi-icon-box__title\">\r\n\t\t\t\t\t\t<span  >\r\n\t\t\t\t\t\t\tHeimilisfang:\t\t\t\t\t\t<\/span>\r\n\t\t\t\t\t<\/div>\r\n\t\t\t\t\t\t\t\t\t<\/div>\r\n\t\t\t\t\t\t\t<\/div>\r\n\t\t<\/div>\r\n\t\t\t\t\t\t<\/div>\n\t\t\t\t<\/div>\n\t\t\t\t<div class=\"elementor-element elementor-element-6c4046f elementor-widget elementor-widget-text-editor\" data-id=\"6c4046f\" data-element_type=\"widget\" data-e-type=\"widget\" data-widget_type=\"text-editor.default\">\n\t\t\t\t<div class=\"elementor-widget-container\">\n\t\t\t\t\t\t\t\t\t<p>Hafnarg\u00f6tu 23, 230 Keflav\u00edk<\/p>\t\t\t\t\t\t\t\t<\/div>\n\t\t\t\t<\/div>\n\t\t\t\t\t<\/div>\n\t\t<\/div>\n\t\t\t\t<div class=\"elementor-column elementor-col-50 elementor-top-column elementor-element elementor-element-a39218f\" data-id=\"a39218f\" data-element_type=\"column\" data-e-type=\"column\">\n\t\t\t<div class=\"elementor-widget-wrap elementor-element-populated\">\n\t\t\t\t\t\t<div class=\"elementor-element elementor-element-d5306b6 elementor-button-align-start elementor-widget elementor-widget-form\" data-id=\"d5306b6\" data-element_type=\"widget\" data-e-type=\"widget\" data-settings=\"{&quot;step_next_label&quot;:&quot;Next&quot;,&quot;step_previous_label&quot;:&quot;Previous&quot;,&quot;button_width&quot;:&quot;100&quot;,&quot;step_type&quot;:&quot;number_text&quot;,&quot;step_icon_shape&quot;:&quot;circle&quot;}\" data-widget_type=\"form.default\">\n\t\t\t\t<div class=\"elementor-widget-container\">\n\t\t\t\t\t\t\t<form class=\"elementor-form\" method=\"post\" name=\"Haf\u00f0u samband form\" aria-label=\"Haf\u00f0u samband form\">\n\t\t\t<input type=\"hidden\" name=\"post_id\" value=\"584\"\/>\n\t\t\t<input type=\"hidden\" name=\"form_id\" value=\"d5306b6\"\/>\n\t\t\t<input type=\"hidden\" name=\"referer_title\" value=\"\" \/>\n\n\t\t\t\n\t\t\t<div class=\"elementor-form-fields-wrapper elementor-labels-above\">\n\t\t\t\t\t\t\t\t<div class=\"elementor-field-type-text elementor-field-group elementor-column elementor-field-group-name elementor-col-100 elementor-field-required elementor-mark-required\">\n\t\t\t\t\t\t\t\t\t\t\t\t<label for=\"form-field-name\" class=\"elementor-field-label\">\n\t\t\t\t\t\t\t\tNafn\t\t\t\t\t\t\t<\/label>\n\t\t\t\t\t\t\t\t\t\t\t\t\t\t<input size=\"1\" type=\"text\" name=\"form_fields[name]\" id=\"form-field-name\" class=\"elementor-field elementor-size-sm  elementor-field-textual\" placeholder=\"Nafn\" required=\"required\">\n\t\t\t\t\t\t\t\t\t\t\t<\/div>\n\t\t\t\t\t\t\t\t<div class=\"elementor-field-type-email elementor-field-group elementor-column elementor-field-group-email elementor-col-100 elementor-field-required elementor-mark-required\">\n\t\t\t\t\t\t\t\t\t\t\t\t<label for=\"form-field-email\" class=\"elementor-field-label\">\n\t\t\t\t\t\t\t\tNetfang\t\t\t\t\t\t\t<\/label>\n\t\t\t\t\t\t\t\t\t\t\t\t\t\t<input size=\"1\" type=\"email\" name=\"form_fields[email]\" id=\"form-field-email\" class=\"elementor-field elementor-size-sm  elementor-field-textual\" placeholder=\"Netfang\" required=\"required\">\n\t\t\t\t\t\t\t\t\t\t\t<\/div>\n\t\t\t\t\t\t\t\t<div class=\"elementor-field-type-text elementor-field-group elementor-column elementor-field-group-field_550afb1 elementor-col-100\">\n\t\t\t\t\t\t\t\t\t\t\t\t<label for=\"form-field-field_550afb1\" class=\"elementor-field-label\">\n\t\t\t\t\t\t\t\tS\u00edman\u00famer\t\t\t\t\t\t\t<\/label>\n\t\t\t\t\t\t\t\t\t\t\t\t\t\t<input size=\"1\" type=\"text\" name=\"form_fields[field_550afb1]\" id=\"form-field-field_550afb1\" class=\"elementor-field elementor-size-sm  elementor-field-textual\" placeholder=\"S\u00edmi\">\n\t\t\t\t\t\t\t\t\t\t\t<\/div>\n\t\t\t\t\t\t\t\t<div class=\"elementor-field-type-textarea elementor-field-group elementor-column elementor-field-group-message elementor-col-100 elementor-field-required elementor-mark-required\">\n\t\t\t\t\t\t\t\t\t\t\t\t<label for=\"form-field-message\" class=\"elementor-field-label\">\n\t\t\t\t\t\t\t\tSkilabo\u00f0\t\t\t\t\t\t\t<\/label>\n\t\t\t\t\t\t<textarea class=\"elementor-field-textual elementor-field  elementor-size-sm\" name=\"form_fields[message]\" id=\"form-field-message\" rows=\"4\" placeholder=\"Hvernig getum vi\u00f0 a\u00f0sto\u00f0a\u00f0?\" required=\"required\"><\/textarea>\t\t\t\t<\/div>\n\t\t\t\t\t\t\t\t<div class=\"elementor-field-group elementor-column elementor-field-type-submit elementor-col-100 e-form__buttons\">\n\t\t\t\t\t<button class=\"elementor-button elementor-size-md\" type=\"submit\">\n\t\t\t\t\t\t<span class=\"elementor-button-content-wrapper\">\n\t\t\t\t\t\t\t\t\t\t\t\t\t\t\t\t\t\t\t\t\t\t<span class=\"elementor-button-text\">Senda<\/span>\n\t\t\t\t\t\t\t\t\t\t\t\t\t<\/span>\n\t\t\t\t\t<\/button>\n\t\t\t\t<\/div>\n\t\t\t<\/div>\n\t\t<\/form>\n\t\t\t\t\t\t<\/div>\n\t\t\t\t<\/div>\n\t\t\t\t\t<\/div>\n\t\t<\/div>\n\t\t\t\t\t<\/div>\n\t\t<\/section>\n\t\t\t\t<\/div>\n\t\t","protected":false},"excerpt":{"rendered":"<p>Hringdu \u00ed okkur: Opi\u00f0 fr\u00e1 klukkan 11 til 18 alla virka daga og fr\u00e1 kl. 11-16 laugardaga. S\u00edminn okkar: 588 6777 Sendu okkur t\u00f6lvup\u00f3st: Fylltu \u00fat formi\u00f0 og vi\u00f0 sv\u00f6rum um h\u00e6l. Stefnan er a\u00f0 svara innan 24 t\u00edma. Heimilisfang: Hafnarg\u00f6tu 23, 230 Keflav\u00edk<\/p>","protected":false},"author":1,"featured_media":0,"parent":0,"menu_order":0,"comment_status":"closed","ping_status":"closed","template":"","meta":{"footnotes":""},"class_list":["post-584","page","type-page","status-publish","hentry"],"_links":{"self":[{"href":"https:\/\/ilmoliulampar.is\/en_gb\/wp-json\/wp\/v2\/pages\/584","targetHints":{"allow":["GET"]}}],"collection":[{"href":"https:\/\/ilmoliulampar.is\/en_gb\/wp-json\/wp\/v2\/pages"}],"about":[{"href":"https:\/\/ilmoliulampar.is\/en_gb\/wp-json\/wp\/v2\/types\/page"}],"author":[{"embeddable":true,"href":"https:\/\/ilmoliulampar.is\/en_gb\/wp-json\/wp\/v2\/users\/1"}],"replies":[{"embeddable":true,"href":"https:\/\/ilmoliulampar.is\/en_gb\/wp-json\/wp\/v2\/comments?post=584"}],"version-history":[{"count":50,"href":"https:\/\/ilmoliulampar.is\/en_gb\/wp-json\/wp\/v2\/pages\/584\/revisions"}],"predecessor-version":[{"id":54801,"href":"https:\/\/ilmoliulampar.is\/en_gb\/wp-json\/wp\/v2\/pages\/584\/revisions\/54801"}],"wp:attachment":[{"href":"https:\/\/ilmoliulampar.is\/en_gb\/wp-json\/wp\/v2\/media?parent=584"}],"curies":[{"name":"wp","href":"https:\/\/api.w.org\/{rel}","templated":true}]}}