{"id":63154,"date":"2025-03-12T12:39:53","date_gmt":"2025-03-12T12:39:53","guid":{"rendered":"https:\/\/ilmoliulampar.is\/?page_id=63154"},"modified":"2025-03-12T12:44:07","modified_gmt":"2025-03-12T12:44:07","slug":"takk-fyrir-skraninguna","status":"publish","type":"page","link":"https:\/\/ilmoliulampar.is\/en_gb\/takk-fyrir-skraninguna\/","title":{"rendered":"Takk fyrir skr\u00e1ningu \u00e1 p\u00f3stlista"},"content":{"rendered":"","protected":false},"excerpt":{"rendered":"","protected":false},"author":1,"featured_media":0,"parent":0,"menu_order":0,"comment_status":"closed","ping_status":"closed","template":"elementor_header_footer","meta":{"footnotes":""},"class_list":["post-63154","page","type-page","status-publish","hentry"],"_links":{"self":[{"href":"https:\/\/ilmoliulampar.is\/en_gb\/wp-json\/wp\/v2\/pages\/63154","targetHints":{"allow":["GET"]}}],"collection":[{"href":"https:\/\/ilmoliulampar.is\/en_gb\/wp-json\/wp\/v2\/pages"}],"about":[{"href":"https:\/\/ilmoliulampar.is\/en_gb\/wp-json\/wp\/v2\/types\/page"}],"author":[{"embeddable":true,"href":"https:\/\/ilmoliulampar.is\/en_gb\/wp-json\/wp\/v2\/users\/1"}],"replies":[{"embeddable":true,"href":"https:\/\/ilmoliulampar.is\/en_gb\/wp-json\/wp\/v2\/comments?post=63154"}],"version-history":[{"count":7,"href":"https:\/\/ilmoliulampar.is\/en_gb\/wp-json\/wp\/v2\/pages\/63154\/revisions"}],"predecessor-version":[{"id":63162,"href":"https:\/\/ilmoliulampar.is\/en_gb\/wp-json\/wp\/v2\/pages\/63154\/revisions\/63162"}],"wp:attachment":[{"href":"https:\/\/ilmoliulampar.is\/en_gb\/wp-json\/wp\/v2\/media?parent=63154"}],"curies":[{"name":"wp","href":"https:\/\/api.w.org\/{rel}","templated":true}]}}