{"id":633,"date":"2020-10-13T09:00:26","date_gmt":"2020-10-13T09:00:26","guid":{"rendered":"http:\/\/localhost\/razzi\/?page_id=633"},"modified":"2023-04-05T11:55:00","modified_gmt":"2023-04-05T11:55:00","slug":"about-us","status":"publish","type":"page","link":"https:\/\/ilmoliulampar.is\/en_gb\/about-us\/","title":{"rendered":"About us"},"content":{"rendered":"<div data-elementor-type=\"wp-page\" data-elementor-id=\"633\" class=\"elementor elementor-633\" data-elementor-post-type=\"page\">\n\t\t\t\t\t\t<section class=\"elementor-section elementor-top-section elementor-element elementor-element-b1be108 elementor-section-boxed elementor-section-height-default elementor-section-height-default\" data-id=\"b1be108\" data-element_type=\"section\" data-e-type=\"section\" data-settings=\"{&quot;background_background&quot;:&quot;classic&quot;}\">\n\t\t\t\t\t\t<div class=\"elementor-container elementor-column-gap-no\">\n\t\t\t\t\t<div class=\"elementor-column elementor-col-100 elementor-top-column elementor-element elementor-element-2e0515c\" data-id=\"2e0515c\" data-element_type=\"column\" data-e-type=\"column\" data-settings=\"{&quot;background_background&quot;:&quot;classic&quot;}\">\n\t\t\t<div class=\"elementor-widget-wrap elementor-element-populated\">\n\t\t\t\t\t\t<div class=\"elementor-element elementor-element-062d9d3 elementor-widget elementor-widget-heading\" data-id=\"062d9d3\" data-element_type=\"widget\" data-e-type=\"widget\" data-widget_type=\"heading.default\">\n\t\t\t\t<div class=\"elementor-widget-container\">\n\t\t\t\t\t<h2 class=\"elementor-heading-title elementor-size-default\">Vi\u00f0 tr\u00faum \u00fev\u00ed a\u00f0 fallegt<br>\numhverfi auki l\u00edfsgle\u00f0ina.<\/h2>\t\t\t\t<\/div>\n\t\t\t\t<\/div>\n\t\t\t\t\t<\/div>\n\t\t<\/div>\n\t\t\t\t\t<\/div>\n\t\t<\/section>\n\t\t\t\t<section class=\"elementor-section elementor-top-section elementor-element elementor-element-a9435d9 elementor-section-boxed elementor-section-height-default elementor-section-height-default\" data-id=\"a9435d9\" data-element_type=\"section\" data-e-type=\"section\">\n\t\t\t\t\t\t<div class=\"elementor-container elementor-column-gap-extended\">\n\t\t\t\t\t<div class=\"elementor-column elementor-col-50 elementor-top-column elementor-element elementor-element-2ca6e37\" data-id=\"2ca6e37\" data-element_type=\"column\" data-e-type=\"column\">\n\t\t\t<div class=\"elementor-widget-wrap elementor-element-populated\">\n\t\t\t\t\t\t<div class=\"elementor-element elementor-element-19a047b elementor-widget elementor-widget-image\" data-id=\"19a047b\" data-element_type=\"widget\" data-e-type=\"widget\" data-widget_type=\"image.default\">\n\t\t\t\t<div class=\"elementor-widget-container\">\n\t\t\t\t\t\t\t\t\t\t\t\t\t\t\t<img fetchpriority=\"high\" decoding=\"async\" width=\"640\" height=\"692\" src=\"https:\/\/ilmoliulampar.is\/wp-content\/uploads\/2022\/01\/mynd_33_zolo_600x649.jpg\" class=\"attachment-large size-large wp-image-11950\" alt=\"\" srcset=\"https:\/\/ilmoliulampar.is\/wp-content\/uploads\/2022\/01\/mynd_33_zolo_600x649.jpg 888w, https:\/\/ilmoliulampar.is\/wp-content\/uploads\/2022\/01\/mynd_33_zolo_600x649-670x724.jpg 670w, https:\/\/ilmoliulampar.is\/wp-content\/uploads\/2022\/01\/mynd_33_zolo_600x649-278x300.jpg 278w, https:\/\/ilmoliulampar.is\/wp-content\/uploads\/2022\/01\/mynd_33_zolo_600x649-768x830.jpg 768w\" sizes=\"(max-width: 640px) 100vw, 640px\" \/>\t\t\t\t\t\t\t\t\t\t\t\t\t\t\t<\/div>\n\t\t\t\t<\/div>\n\t\t\t\t\t<\/div>\n\t\t<\/div>\n\t\t\t\t<div class=\"elementor-column elementor-col-50 elementor-top-column elementor-element elementor-element-0f3eef1\" data-id=\"0f3eef1\" data-element_type=\"column\" data-e-type=\"column\">\n\t\t\t<div class=\"elementor-widget-wrap elementor-element-populated\">\n\t\t\t\t\t\t<div class=\"elementor-element elementor-element-57f1c50 elementor-widget elementor-widget-heading\" data-id=\"57f1c50\" data-element_type=\"widget\" data-e-type=\"widget\" data-widget_type=\"heading.default\">\n\t\t\t\t<div class=\"elementor-widget-container\">\n\t\t\t\t\t<h6 class=\"elementor-heading-title elementor-size-default\">sagan okkar<\/h6>\t\t\t\t<\/div>\n\t\t\t\t<\/div>\n\t\t\t\t<div class=\"elementor-element elementor-element-b2daf09 elementor-widget elementor-widget-heading\" data-id=\"b2daf09\" data-element_type=\"widget\" data-e-type=\"widget\" data-widget_type=\"heading.default\">\n\t\t\t\t<div class=\"elementor-widget-container\">\n\t\t\t\t\t<h3 class=\"elementor-heading-title elementor-size-default\">Um Zolo<\/h3>\t\t\t\t<\/div>\n\t\t\t\t<\/div>\n\t\t\t\t<div class=\"elementor-element elementor-element-20f4454 elementor-widget elementor-widget-text-editor\" data-id=\"20f4454\" data-element_type=\"widget\" data-e-type=\"widget\" data-widget_type=\"text-editor.default\">\n\t\t\t\t<div class=\"elementor-widget-container\">\n\t\t\t\t\t\t\t\t\t<p>ZOLO &amp; CO er l\u00edti\u00f0 fj\u00f6lskyldufyrirt\u00e6ki \u00ed Keflav\u00edk, sta\u00f0sett a\u00f0 Hafnarg\u00f6tu 23.Okkar markmi\u00f0 er a\u00f0 \u00fej\u00f3na \u00fe\u00e9r vi\u00f0skiptavinur g\u00f3\u00f0ur,eins vel og vi\u00f0 getum.<\/p><p>Hj\u00e1 okkur er a\u00f0 finna st\u00f3rkostlegt \u00farval af ilmol\u00edul\u00f6mpum og l\u00edklega landsins mesta \u00farval af ilm- og ilmkjarnaol\u00edum, \u00e1samt ilmst\u00f6ngum, ilmkertum og h\u00edb\u00fdlaspreyjum.<\/p><p>Vi\u00f0 erum l\u00edka me\u00f0 fj\u00f6ldan allan af skemmtilegum v\u00f6rumerkjum \u00e1 bor\u00f0 vi\u00f0 Revitalash, Eco by Sonya, Marc Inbane og listinn heldur \u00e1fram.Allskonar \u00f6\u00f0ruv\u00edsi heimilis- og gjafavara, oft \u00e1 t\u00ed\u00f0um me\u00f0 l\u00edti\u00f0 af hverju, \u00feegar um er a\u00f0 r\u00e6\u00f0a s\u00e9rstaka og miki\u00f0 \u00f6\u00f0ruv\u00edsi hluti!<\/p><p>Starfsf\u00f3lk ZOLO &amp; CO<\/p>\t\t\t\t\t\t\t\t<\/div>\n\t\t\t\t<\/div>\n\t\t\t\t\t<\/div>\n\t\t<\/div>\n\t\t\t\t\t<\/div>\n\t\t<\/section>\n\t\t\t\t<section class=\"elementor-section elementor-top-section elementor-element elementor-element-7f110f1 elementor-section-boxed elementor-section-height-default elementor-section-height-default\" data-id=\"7f110f1\" data-element_type=\"section\" data-e-type=\"section\">\n\t\t\t\t\t\t<div class=\"elementor-container elementor-column-gap-default\">\n\t\t\t\t\t<div class=\"elementor-column elementor-col-25 elementor-top-column elementor-element elementor-element-08c91c3\" data-id=\"08c91c3\" data-element_type=\"column\" data-e-type=\"column\">\n\t\t\t<div class=\"elementor-widget-wrap elementor-element-populated\">\n\t\t\t\t\t\t<div class=\"elementor-element elementor-element-e87ef6f elementor-widget elementor-widget-image\" data-id=\"e87ef6f\" data-element_type=\"widget\" data-e-type=\"widget\" data-widget_type=\"image.default\">\n\t\t\t\t<div class=\"elementor-widget-container\">\n\t\t\t\t\t\t\t\t\t\t\t\t\t\t\t<img decoding=\"async\" width=\"640\" height=\"640\" src=\"https:\/\/ilmoliulampar.is\/wp-content\/uploads\/2022\/01\/Runa-1024x1024.png\" class=\"attachment-large size-large wp-image-12023\" alt=\"\" srcset=\"https:\/\/ilmoliulampar.is\/wp-content\/uploads\/2022\/01\/Runa-1024x1024.png 1024w, https:\/\/ilmoliulampar.is\/wp-content\/uploads\/2022\/01\/Runa-100x100.png 100w, https:\/\/ilmoliulampar.is\/wp-content\/uploads\/2022\/01\/Runa-670x670.png 670w, https:\/\/ilmoliulampar.is\/wp-content\/uploads\/2022\/01\/Runa-300x300.png 300w, https:\/\/ilmoliulampar.is\/wp-content\/uploads\/2022\/01\/Runa-150x150.png 150w, https:\/\/ilmoliulampar.is\/wp-content\/uploads\/2022\/01\/Runa-768x768.png 768w, https:\/\/ilmoliulampar.is\/wp-content\/uploads\/2022\/01\/Runa-12x12.png 12w, https:\/\/ilmoliulampar.is\/wp-content\/uploads\/2022\/01\/Runa.png 1042w\" sizes=\"(max-width: 640px) 100vw, 640px\" \/>\t\t\t\t\t\t\t\t\t\t\t\t\t\t\t<\/div>\n\t\t\t\t<\/div>\n\t\t\t\t<div class=\"elementor-element elementor-element-9573765 elementor-widget elementor-widget-heading\" data-id=\"9573765\" data-element_type=\"widget\" data-e-type=\"widget\" data-widget_type=\"heading.default\">\n\t\t\t\t<div class=\"elementor-widget-container\">\n\t\t\t\t\t<h5 class=\"elementor-heading-title elementor-size-default\">R\u00fana \u00d3lad\u00f3ttir<\/h5>\t\t\t\t<\/div>\n\t\t\t\t<\/div>\n\t\t\t\t<div class=\"elementor-element elementor-element-9995652 elementor-widget elementor-widget-heading\" data-id=\"9995652\" data-element_type=\"widget\" data-e-type=\"widget\" data-widget_type=\"heading.default\">\n\t\t\t\t<div class=\"elementor-widget-container\">\n\t\t\t\t\t<h2 class=\"elementor-heading-title elementor-size-small\">Framkv\u00e6mdastj\u00f3ri<\/h2>\t\t\t\t<\/div>\n\t\t\t\t<\/div>\n\t\t\t\t\t<\/div>\n\t\t<\/div>\n\t\t\t\t<div class=\"elementor-column elementor-col-25 elementor-top-column elementor-element elementor-element-bfbde19\" data-id=\"bfbde19\" data-element_type=\"column\" data-e-type=\"column\">\n\t\t\t<div class=\"elementor-widget-wrap elementor-element-populated\">\n\t\t\t\t\t\t<div class=\"elementor-element elementor-element-b3d3461 elementor-widget elementor-widget-image\" data-id=\"b3d3461\" data-element_type=\"widget\" data-e-type=\"widget\" data-widget_type=\"image.default\">\n\t\t\t\t<div class=\"elementor-widget-container\">\n\t\t\t\t\t\t\t\t\t\t\t\t\t\t\t<img decoding=\"async\" width=\"640\" height=\"640\" src=\"https:\/\/ilmoliulampar.is\/wp-content\/uploads\/2023\/04\/Hanna2-1024x1024.png\" class=\"attachment-large size-large wp-image-53816\" alt=\"\" srcset=\"https:\/\/ilmoliulampar.is\/wp-content\/uploads\/2023\/04\/Hanna2-1024x1024.png 1024w, https:\/\/ilmoliulampar.is\/wp-content\/uploads\/2023\/04\/Hanna2-100x100.png 100w, https:\/\/ilmoliulampar.is\/wp-content\/uploads\/2023\/04\/Hanna2-670x670.png 670w, https:\/\/ilmoliulampar.is\/wp-content\/uploads\/2023\/04\/Hanna2-300x300.png 300w, https:\/\/ilmoliulampar.is\/wp-content\/uploads\/2023\/04\/Hanna2-150x150.png 150w, https:\/\/ilmoliulampar.is\/wp-content\/uploads\/2023\/04\/Hanna2-768x768.png 768w, https:\/\/ilmoliulampar.is\/wp-content\/uploads\/2023\/04\/Hanna2-12x12.png 12w, https:\/\/ilmoliulampar.is\/wp-content\/uploads\/2023\/04\/Hanna2-190x190.png 190w, https:\/\/ilmoliulampar.is\/wp-content\/uploads\/2023\/04\/Hanna2-90x90.png 90w, https:\/\/ilmoliulampar.is\/wp-content\/uploads\/2023\/04\/Hanna2.png 1080w\" sizes=\"(max-width: 640px) 100vw, 640px\" \/>\t\t\t\t\t\t\t\t\t\t\t\t\t\t\t<\/div>\n\t\t\t\t<\/div>\n\t\t\t\t<div class=\"elementor-element elementor-element-e8bf02f elementor-widget elementor-widget-heading\" data-id=\"e8bf02f\" data-element_type=\"widget\" data-e-type=\"widget\" data-widget_type=\"heading.default\">\n\t\t\t\t<div class=\"elementor-widget-container\">\n\t\t\t\t\t<h5 class=\"elementor-heading-title elementor-size-default\">Hanna \u00deur\u00fd \u00d3lafsd\u00f3ttir<\/h5>\t\t\t\t<\/div>\n\t\t\t\t<\/div>\n\t\t\t\t\t<\/div>\n\t\t<\/div>\n\t\t\t\t<div class=\"elementor-column elementor-col-25 elementor-top-column elementor-element elementor-element-1ac48d1\" data-id=\"1ac48d1\" data-element_type=\"column\" data-e-type=\"column\">\n\t\t\t<div class=\"elementor-widget-wrap elementor-element-populated\">\n\t\t\t\t\t\t<div class=\"elementor-element elementor-element-6410373 elementor-widget elementor-widget-image\" data-id=\"6410373\" data-element_type=\"widget\" data-e-type=\"widget\" data-widget_type=\"image.default\">\n\t\t\t\t<div class=\"elementor-widget-container\">\n\t\t\t\t\t\t\t\t\t\t\t\t\t\t\t<img loading=\"lazy\" decoding=\"async\" width=\"640\" height=\"640\" src=\"https:\/\/ilmoliulampar.is\/wp-content\/uploads\/2022\/01\/Elli.png\" class=\"attachment-large size-large wp-image-12026\" alt=\"\" srcset=\"https:\/\/ilmoliulampar.is\/wp-content\/uploads\/2022\/01\/Elli.png 1042w, https:\/\/ilmoliulampar.is\/wp-content\/uploads\/2022\/01\/Elli-100x100.png 100w, https:\/\/ilmoliulampar.is\/wp-content\/uploads\/2022\/01\/Elli-670x670.png 670w\" sizes=\"(max-width: 640px) 100vw, 640px\" \/>\t\t\t\t\t\t\t\t\t\t\t\t\t\t\t<\/div>\n\t\t\t\t<\/div>\n\t\t\t\t<div class=\"elementor-element elementor-element-eac50f6 elementor-widget elementor-widget-heading\" data-id=\"eac50f6\" data-element_type=\"widget\" data-e-type=\"widget\" data-widget_type=\"heading.default\">\n\t\t\t\t<div class=\"elementor-widget-container\">\n\t\t\t\t\t<h5 class=\"elementor-heading-title elementor-size-default\">Erlingur J\u00f3nsson<\/h5>\t\t\t\t<\/div>\n\t\t\t\t<\/div>\n\t\t\t\t\t<\/div>\n\t\t<\/div>\n\t\t\t\t<div class=\"elementor-column elementor-col-25 elementor-top-column elementor-element elementor-element-08223e7\" data-id=\"08223e7\" data-element_type=\"column\" data-e-type=\"column\">\n\t\t\t<div class=\"elementor-widget-wrap elementor-element-populated\">\n\t\t\t\t\t\t<div class=\"elementor-element elementor-element-7d7cbe8 elementor-widget elementor-widget-image\" data-id=\"7d7cbe8\" data-element_type=\"widget\" data-e-type=\"widget\" data-widget_type=\"image.default\">\n\t\t\t\t<div class=\"elementor-widget-container\">\n\t\t\t\t\t\t\t\t\t\t\t\t\t\t\t<img loading=\"lazy\" decoding=\"async\" width=\"640\" height=\"643\" src=\"https:\/\/ilmoliulampar.is\/wp-content\/uploads\/2023\/04\/Thelma-1020x1024.png\" class=\"attachment-large size-large wp-image-53817\" alt=\"\" srcset=\"https:\/\/ilmoliulampar.is\/wp-content\/uploads\/2023\/04\/Thelma-1020x1024.png 1020w, https:\/\/ilmoliulampar.is\/wp-content\/uploads\/2023\/04\/Thelma-100x100.png 100w, https:\/\/ilmoliulampar.is\/wp-content\/uploads\/2023\/04\/Thelma-670x672.png 670w, https:\/\/ilmoliulampar.is\/wp-content\/uploads\/2023\/04\/Thelma-300x300.png 300w, https:\/\/ilmoliulampar.is\/wp-content\/uploads\/2023\/04\/Thelma-150x150.png 150w, https:\/\/ilmoliulampar.is\/wp-content\/uploads\/2023\/04\/Thelma-768x771.png 768w, https:\/\/ilmoliulampar.is\/wp-content\/uploads\/2023\/04\/Thelma-12x12.png 12w, https:\/\/ilmoliulampar.is\/wp-content\/uploads\/2023\/04\/Thelma-190x190.png 190w, https:\/\/ilmoliulampar.is\/wp-content\/uploads\/2023\/04\/Thelma-90x90.png 90w, https:\/\/ilmoliulampar.is\/wp-content\/uploads\/2023\/04\/Thelma.png 1080w\" sizes=\"(max-width: 640px) 100vw, 640px\" \/>\t\t\t\t\t\t\t\t\t\t\t\t\t\t\t<\/div>\n\t\t\t\t<\/div>\n\t\t\t\t<div class=\"elementor-element elementor-element-80cdb9a elementor-widget elementor-widget-heading\" data-id=\"80cdb9a\" data-element_type=\"widget\" data-e-type=\"widget\" data-widget_type=\"heading.default\">\n\t\t\t\t<div class=\"elementor-widget-container\">\n\t\t\t\t\t<h5 class=\"elementor-heading-title elementor-size-default\">Thelma Rut Stef\u00e1nsd\u00f3ttir<\/h5>\t\t\t\t<\/div>\n\t\t\t\t<\/div>\n\t\t\t\t\t<\/div>\n\t\t<\/div>\n\t\t\t\t\t<\/div>\n\t\t<\/section>\n\t\t\t\t<section class=\"elementor-section elementor-top-section elementor-element elementor-element-d546ecf elementor-section-boxed elementor-section-height-default elementor-section-height-default\" data-id=\"d546ecf\" data-element_type=\"section\" data-e-type=\"section\">\n\t\t\t\t\t\t<div class=\"elementor-container elementor-column-gap-extended\">\n\t\t\t\t\t<div class=\"elementor-column elementor-col-50 elementor-top-column elementor-element elementor-element-d2c4dae\" data-id=\"d2c4dae\" data-element_type=\"column\" data-e-type=\"column\">\n\t\t\t<div class=\"elementor-widget-wrap elementor-element-populated\">\n\t\t\t\t\t\t<div class=\"elementor-element elementor-element-44106c2 elementor-widget elementor-widget-heading\" data-id=\"44106c2\" data-element_type=\"widget\" data-e-type=\"widget\" data-widget_type=\"heading.default\">\n\t\t\t\t<div class=\"elementor-widget-container\">\n\t\t\t\t\t<h6 class=\"elementor-heading-title elementor-size-default\">fj\u00f6lbreytt v\u00f6ru\u00farval<\/h6>\t\t\t\t<\/div>\n\t\t\t\t<\/div>\n\t\t\t\t<div class=\"elementor-element elementor-element-571e772 elementor-widget elementor-widget-heading\" data-id=\"571e772\" data-element_type=\"widget\" data-e-type=\"widget\" data-widget_type=\"heading.default\">\n\t\t\t\t<div class=\"elementor-widget-container\">\n\t\t\t\t\t<h3 class=\"elementor-heading-title elementor-size-default\">Different gift items<\/h3>\t\t\t\t<\/div>\n\t\t\t\t<\/div>\n\t\t\t\t<div class=\"elementor-element elementor-element-92f7a50 elementor-widget elementor-widget-text-editor\" data-id=\"92f7a50\" data-element_type=\"widget\" data-e-type=\"widget\" data-widget_type=\"text-editor.default\">\n\t\t\t\t<div class=\"elementor-widget-container\">\n\t\t\t\t\t\t\t\t\t<p>&#8222;Nj\u00f3ttu \u00feess a\u00f0 vera heima&#8220; \u00dea\u00f0 er eiginlega okkar \u201cmott\u00f3\u201d og hugsum vi\u00f0 verslunina og v\u00f6ru\u00farvali\u00f0 okkar miki\u00f0 \u00fat fr\u00e1 \u00fev\u00ed, \u00fev\u00ed \u00fea\u00f0 \u00e1 a\u00f0 vera notalegt og k\u00f3s\u00fd a\u00f0 koma heim, \u00fear sem heimili\u00f0 er j\u00fa okkar gri\u00f0arsta\u00f0ur.\u00a0<\/p>\t\t\t\t\t\t\t\t<\/div>\n\t\t\t\t<\/div>\n\t\t\t\t<div class=\"elementor-element elementor-element-7b074ab elementor-widget elementor-widget-text-editor\" data-id=\"7b074ab\" data-element_type=\"widget\" data-e-type=\"widget\" data-widget_type=\"text-editor.default\">\n\t\t\t\t<div class=\"elementor-widget-container\">\n\t\t\t\t\t\t\t\t\t<p>\u00dea\u00f0 er alveg pott\u00fe\u00e9tt \u00feess vir\u00f0i a\u00f0 gera s\u00e9r fer\u00f0 og k\u00edkja til okkar \u00ed heims\u00f3kn.\u00a0<\/p><p>Vi\u00f0 t\u00f6kum vel \u00e1 m\u00f3ti \u00fe\u00e9r og a\u00f0sto\u00f0um \u00feig me\u00f0 \u00e1n\u00e6gju.<\/p>\t\t\t\t\t\t\t\t<\/div>\n\t\t\t\t<\/div>\n\t\t\t\t\t<\/div>\n\t\t<\/div>\n\t\t\t\t<div class=\"elementor-column elementor-col-50 elementor-top-column elementor-element elementor-element-42aaa27\" data-id=\"42aaa27\" data-element_type=\"column\" data-e-type=\"column\">\n\t\t\t<div class=\"elementor-widget-wrap elementor-element-populated\">\n\t\t\t\t\t\t<div class=\"elementor-element elementor-element-e7bc62e elementor-widget elementor-widget-image\" data-id=\"e7bc62e\" data-element_type=\"widget\" data-e-type=\"widget\" data-widget_type=\"image.default\">\n\t\t\t\t<div class=\"elementor-widget-container\">\n\t\t\t\t\t\t\t\t\t\t\t\t\t\t\t<img loading=\"lazy\" decoding=\"async\" width=\"640\" height=\"661\" src=\"https:\/\/ilmoliulampar.is\/wp-content\/uploads\/2022\/01\/Ilmoliulampi_700x723mm.jpg\" class=\"attachment-large size-large wp-image-11909\" alt=\"\" srcset=\"https:\/\/ilmoliulampar.is\/wp-content\/uploads\/2022\/01\/Ilmoliulampi_700x723mm.jpg 665w, https:\/\/ilmoliulampar.is\/wp-content\/uploads\/2022\/01\/Ilmoliulampi_700x723mm-290x300.jpg 290w\" sizes=\"(max-width: 640px) 100vw, 640px\" \/>\t\t\t\t\t\t\t\t\t\t\t\t\t\t\t<\/div>\n\t\t\t\t<\/div>\n\t\t\t\t\t<\/div>\n\t\t<\/div>\n\t\t\t\t\t<\/div>\n\t\t<\/section>\n\t\t\t\t<\/div>","protected":false},"excerpt":{"rendered":"<p>Vi\u00f0 tr\u00faum \u00fev\u00ed a\u00f0 fallegt umhverfi auki l\u00edfsgle\u00f0ina. sagan okkar Um Zolo ZOLO &amp; CO er l\u00edti\u00f0 fj\u00f6lskyldufyrirt\u00e6ki \u00ed Keflav\u00edk, sta\u00f0sett a\u00f0 Hafnarg\u00f6tu 23.Okkar markmi\u00f0 er a\u00f0 \u00fej\u00f3na \u00fe\u00e9r vi\u00f0skiptavinur g\u00f3\u00f0ur,eins vel og vi\u00f0 getum. Hj\u00e1 okkur er a\u00f0 finna st\u00f3rkostlegt \u00farval af ilmol\u00edul\u00f6mpum og l\u00edklega landsins mesta \u00farval af ilm- og ilmkjarnaol\u00edum, \u00e1samt ilmst\u00f6ngum, [&hellip;]<\/p>\n","protected":false},"author":1,"featured_media":0,"parent":0,"menu_order":0,"comment_status":"closed","ping_status":"closed","template":"","meta":{"footnotes":""},"class_list":["post-633","page","type-page","status-publish","hentry"],"_links":{"self":[{"href":"https:\/\/ilmoliulampar.is\/en_gb\/wp-json\/wp\/v2\/pages\/633","targetHints":{"allow":["GET"]}}],"collection":[{"href":"https:\/\/ilmoliulampar.is\/en_gb\/wp-json\/wp\/v2\/pages"}],"about":[{"href":"https:\/\/ilmoliulampar.is\/en_gb\/wp-json\/wp\/v2\/types\/page"}],"author":[{"embeddable":true,"href":"https:\/\/ilmoliulampar.is\/en_gb\/wp-json\/wp\/v2\/users\/1"}],"replies":[{"embeddable":true,"href":"https:\/\/ilmoliulampar.is\/en_gb\/wp-json\/wp\/v2\/comments?post=633"}],"version-history":[{"count":34,"href":"https:\/\/ilmoliulampar.is\/en_gb\/wp-json\/wp\/v2\/pages\/633\/revisions"}],"predecessor-version":[{"id":53823,"href":"https:\/\/ilmoliulampar.is\/en_gb\/wp-json\/wp\/v2\/pages\/633\/revisions\/53823"}],"wp:attachment":[{"href":"https:\/\/ilmoliulampar.is\/en_gb\/wp-json\/wp\/v2\/media?parent=633"}],"curies":[{"name":"wp","href":"https:\/\/api.w.org\/{rel}","templated":true}]}}