{"id":7079,"date":"2020-12-30T03:18:01","date_gmt":"2020-12-30T03:18:01","guid":{"rendered":"https:\/\/demo4.drfuri.com\/razzi\/?page_id=7079"},"modified":"2020-12-30T03:18:01","modified_gmt":"2020-12-30T03:18:01","slug":"on-sale","status":"publish","type":"page","link":"https:\/\/ilmoliulampar.is\/en_gb\/on-sale\/","title":{"rendered":"On Sale"},"content":{"rendered":"<div data-elementor-type=\"wp-page\" data-elementor-id=\"7079\" class=\"elementor elementor-7079\" data-elementor-post-type=\"page\">\n\t\t\t\t\t\t<section class=\"elementor-section elementor-top-section elementor-element elementor-element-1dabeaa elementor-section-boxed elementor-section-height-default elementor-section-height-default\" data-id=\"1dabeaa\" data-element_type=\"section\" data-e-type=\"section\">\n\t\t\t\t\t\t<div class=\"elementor-container elementor-column-gap-default\">\n\t\t\t\t\t<div class=\"elementor-column elementor-col-100 elementor-top-column elementor-element elementor-element-a873460\" data-id=\"a873460\" data-element_type=\"column\" data-e-type=\"column\">\n\t\t\t<div class=\"elementor-widget-wrap elementor-element-populated\">\n\t\t\t\t\t\t<div class=\"elementor-element elementor-element-8fbd507 elementor-widget elementor-widget-razzi-products-grid\" data-id=\"8fbd507\" data-element_type=\"widget\" data-e-type=\"widget\" data-settings=\"{&quot;products&quot;:&quot;sale&quot;,&quot;per_page&quot;:8,&quot;columns&quot;:4}\" data-widget_type=\"razzi-products-grid.default\">\n\t\t\t\t<div class=\"elementor-widget-container\">\n\t\t\t\t\t\t\t<div class=\"razzi-products-grid woocommerce\">\r\n\t\t\t<div class=\"product-content\"><ul class=\"products columns-4\">\n<li class=\"product type-product post-53006 status-publish first instock product_cat-adrar-vorur product_cat-heimilid-2 product_cat-kertastjakar product_cat-laekkadverd has-post-thumbnail sale shipping-taxable purchasable product-type-simple\">\n\t<a href=\"https:\/\/ilmoliulampar.is\/en_gb\/product\/vegg-kertahringur-f-4-kerti-2-litir\/\" class=\"woocommerce-LoopProduct-link woocommerce-loop-product__link\">\n\t<span class=\"onsale\" data-no-translation=\"\" data-trp-gettext=\"\">Sale!<\/span>\n\t<img fetchpriority=\"high\" decoding=\"async\" width=\"350\" height=\"420\" src=\"https:\/\/ilmoliulampar.is\/wp-content\/uploads\/2021\/12\/file_000000004e4871f5a572a41d68c8ba5d-350x420.png\" class=\"attachment-woocommerce_thumbnail size-woocommerce_thumbnail\" alt=\"Vegg Kertahringur f\/4 kerti, 2 litir\" \/><h2 class=\"woocommerce-loop-product__title\">Vegg Kertahringur f\/4 kerti, 2 litir<\/h2>\n\t<span class=\"price\"><del aria-hidden=\"true\"><span class=\"woocommerce-Price-amount amount\"><bdi>6.900&nbsp;<span class=\"woocommerce-Price-currencySymbol\">kr.<\/span><\/bdi><\/span><\/del> <span class=\"screen-reader-text\" data-no-translation=\"\" data-trp-gettext=\"\">Original price was: 6.900&nbsp;kr..<\/span><ins aria-hidden=\"true\"><span class=\"woocommerce-Price-amount amount\"><bdi>4.990&nbsp;<span class=\"woocommerce-Price-currencySymbol\">kr.<\/span><\/bdi><\/span><\/ins><span class=\"screen-reader-text\" data-no-translation=\"\" data-trp-gettext=\"\">Current price is: 4.990&nbsp;kr..<\/span><\/span>\n<\/a><a href=\"\/en_gb\/wp-json\/wp\/v2\/pages\/7079?add-to-cart=53006\" aria-describedby=\"woocommerce_loop_add_to_cart_link_describedby_53006\" data-quantity=\"1\" class=\"button product_type_simple add_to_cart_button ajax_add_to_cart\" data-product_id=\"53006\" data-product_sku=\"ZOLO-75535\" aria-label=\"Add to basket: \u201cVegg Kertahringur f\/4 kerti, 2 litir\u201d\" rel=\"nofollow\" data-success_message=\"\u201cVegg Kertahringur f\/4 kerti, 2 litir\u201d has been added to your cart\" role=\"button\" data-no-translation=\"\" data-trp-gettext=\"\" data-no-translation-aria-label=\"\" data-no-translation-data-success_message=\"\">Add to basket<\/a>\t<span id=\"woocommerce_loop_add_to_cart_link_describedby_53006\" class=\"screen-reader-text\">\n\t\t\t<\/span>\n<\/li>\n<li class=\"product type-product post-63410 status-publish instock product_cat-black-friday product_cat-heimilid-2 product_cat-kertastjakar product_cat-laekkadverd product_cat-utsala has-post-thumbnail sale shipping-taxable purchasable product-type-simple\">\n\t<a href=\"https:\/\/ilmoliulampar.is\/en_gb\/product\/kertastjaki-5-arma\/\" class=\"woocommerce-LoopProduct-link woocommerce-loop-product__link\">\n\t<span class=\"onsale\" data-no-translation=\"\" data-trp-gettext=\"\">Sale!<\/span>\n\t<img decoding=\"async\" width=\"350\" height=\"420\" src=\"https:\/\/ilmoliulampar.is\/wp-content\/uploads\/2025\/04\/571020969_879458474410922_1110673662747002860_n-2-350x420.jpg\" class=\"attachment-woocommerce_thumbnail size-woocommerce_thumbnail\" alt=\"Kertastjaki - 5 arma\" \/><h2 class=\"woocommerce-loop-product__title\">Kertastjaki &#8211; 5 arma<\/h2>\n\t<span class=\"price\"><del aria-hidden=\"true\"><span class=\"woocommerce-Price-amount amount\"><bdi>49.900&nbsp;<span class=\"woocommerce-Price-currencySymbol\">kr.<\/span><\/bdi><\/span><\/del> <span class=\"screen-reader-text\" data-no-translation=\"\" data-trp-gettext=\"\">Original price was: 49.900&nbsp;kr..<\/span><ins aria-hidden=\"true\"><span class=\"woocommerce-Price-amount amount\"><bdi>39.900&nbsp;<span class=\"woocommerce-Price-currencySymbol\">kr.<\/span><\/bdi><\/span><\/ins><span class=\"screen-reader-text\" data-no-translation=\"\" data-trp-gettext=\"\">Current price is: 39.900&nbsp;kr..<\/span><\/span>\n<\/a><a href=\"\/en_gb\/wp-json\/wp\/v2\/pages\/7079?add-to-cart=63410\" aria-describedby=\"woocommerce_loop_add_to_cart_link_describedby_63410\" data-quantity=\"1\" class=\"button product_type_simple add_to_cart_button ajax_add_to_cart\" data-product_id=\"63410\" data-product_sku=\"ZOLO-24169\" aria-label=\"Add to basket: \u201cKertastjaki - 5 arma\u201d\" rel=\"nofollow\" data-success_message=\"\u201cKertastjaki - 5 arma\u201d has been added to your cart\" role=\"button\" data-no-translation=\"\" data-trp-gettext=\"\" data-no-translation-aria-label=\"\" data-no-translation-data-success_message=\"\">Add to basket<\/a>\t<span id=\"woocommerce_loop_add_to_cart_link_describedby_63410\" class=\"screen-reader-text\">\n\t\t\t<\/span>\n<\/li>\n<li class=\"product type-product post-59418 status-publish instock product_cat-heimilid-2 product_cat-kertastjakar product_cat-laekkadverd has-post-thumbnail sale shipping-taxable purchasable product-type-simple\">\n\t<a href=\"https:\/\/ilmoliulampar.is\/en_gb\/product\/har-handblasin-amber-kertastjaki\/\" class=\"woocommerce-LoopProduct-link woocommerce-loop-product__link\">\n\t<span class=\"onsale\" data-no-translation=\"\" data-trp-gettext=\"\">Sale!<\/span>\n\t<img decoding=\"async\" width=\"350\" height=\"420\" src=\"https:\/\/ilmoliulampar.is\/wp-content\/uploads\/2024\/03\/22c546d2-b88f-418c-9b2e-01e561338fee-350x420.png\" class=\"attachment-woocommerce_thumbnail size-woocommerce_thumbnail\" alt=\"Handbl\u00e1sinn Amber Kertastjaki\" \/><h2 class=\"woocommerce-loop-product__title\">Handbl\u00e1sinn Amber Kertastjaki<\/h2>\n\t<span class=\"price\"><del aria-hidden=\"true\"><span class=\"woocommerce-Price-amount amount\"><bdi>12.900&nbsp;<span class=\"woocommerce-Price-currencySymbol\">kr.<\/span><\/bdi><\/span><\/del> <span class=\"screen-reader-text\" data-no-translation=\"\" data-trp-gettext=\"\">Original price was: 12.900&nbsp;kr..<\/span><ins aria-hidden=\"true\"><span class=\"woocommerce-Price-amount amount\"><bdi>7.900&nbsp;<span class=\"woocommerce-Price-currencySymbol\">kr.<\/span><\/bdi><\/span><\/ins><span class=\"screen-reader-text\" data-no-translation=\"\" data-trp-gettext=\"\">Current price is: 7.900&nbsp;kr..<\/span><\/span>\n<\/a><a href=\"\/en_gb\/wp-json\/wp\/v2\/pages\/7079?add-to-cart=59418\" aria-describedby=\"woocommerce_loop_add_to_cart_link_describedby_59418\" data-quantity=\"1\" class=\"button product_type_simple add_to_cart_button ajax_add_to_cart\" data-product_id=\"59418\" data-product_sku=\"ZOLO-41219\" aria-label=\"Add to basket: \u201cHandbl\u00e1sinn Amber Kertastjaki\u201d\" rel=\"nofollow\" data-success_message=\"\u201cHandbl\u00e1sinn Amber Kertastjaki\u201d has been added to your cart\" role=\"button\" data-no-translation=\"\" data-trp-gettext=\"\" data-no-translation-aria-label=\"\" data-no-translation-data-success_message=\"\">Add to basket<\/a>\t<span id=\"woocommerce_loop_add_to_cart_link_describedby_59418\" class=\"screen-reader-text\">\n\t\t\t<\/span>\n<\/li>\n<li class=\"product type-product post-52641 status-publish last instock product_cat-fronsku-ljosin-2 product_cat-laekkadverd product_cat-tilbod-adrar-vorur has-post-thumbnail sale shipping-taxable purchasable product-type-variable\">\n\t<a href=\"https:\/\/ilmoliulampar.is\/en_gb\/product\/roxanne-glaert\/\" class=\"woocommerce-LoopProduct-link woocommerce-loop-product__link\">\n\t<span class=\"onsale\" data-no-translation=\"\" data-trp-gettext=\"\">Sale!<\/span>\n\t<img loading=\"lazy\" decoding=\"async\" width=\"350\" height=\"420\" src=\"https:\/\/ilmoliulampar.is\/wp-content\/uploads\/2022\/11\/screen-shot-2020-07-08-at-11.27.14-350x420.png\" class=\"attachment-woocommerce_thumbnail size-woocommerce_thumbnail\" alt=\"Roxanne - Gl\u00e6rt, 2 st\u00e6r\u00f0ir\" \/><h2 class=\"woocommerce-loop-product__title\">Roxanne &#8211; Gl\u00e6rt, 2 st\u00e6r\u00f0ir<\/h2>\n\t<span class=\"price\"><span class=\"woocommerce-Price-amount amount\" aria-hidden=\"true\"><bdi>39.900&nbsp;<span class=\"woocommerce-Price-currencySymbol\">kr.<\/span><\/bdi><\/span> <span aria-hidden=\"true\">&ndash;<\/span> <span class=\"woocommerce-Price-amount amount\" aria-hidden=\"true\"><bdi>44.900&nbsp;<span class=\"woocommerce-Price-currencySymbol\">kr.<\/span><\/bdi><\/span><span class=\"screen-reader-text\" data-no-translation=\"\" data-trp-gettext=\"\">Price range: 39.900&nbsp;kr. through 44.900&nbsp;kr.<\/span><\/span>\n<\/a><a href=\"https:\/\/ilmoliulampar.is\/en_gb\/product\/roxanne-glaert\/\" aria-describedby=\"woocommerce_loop_add_to_cart_link_describedby_52641\" data-quantity=\"1\" class=\"button product_type_variable add_to_cart_button\" data-product_id=\"52641\" data-product_sku=\"ZOLO-47965\" aria-label=\"Select options for \u201cRoxanne - Gl\u00e6rt, 2 st\u00e6r\u00f0ir\u201d\" rel=\"nofollow\" data-no-translation=\"\" data-trp-gettext=\"\" data-no-translation-aria-label=\"\">Select options<\/a>\t<span id=\"woocommerce_loop_add_to_cart_link_describedby_52641\" class=\"screen-reader-text\">\n\t\tThis product has multiple variants. The options may be chosen on the product page\t<\/span>\n<\/li>\n<li class=\"product type-product post-52640 status-publish first instock product_cat-fronsku-ljosin-2 product_cat-laekkadverd has-post-thumbnail sale shipping-taxable purchasable product-type-variable\">\n\t<a href=\"https:\/\/ilmoliulampar.is\/en_gb\/product\/roxanne-bleikt\/\" class=\"woocommerce-LoopProduct-link woocommerce-loop-product__link\">\n\t<span class=\"onsale\" data-no-translation=\"\" data-trp-gettext=\"\">Sale!<\/span>\n\t<img loading=\"lazy\" decoding=\"async\" width=\"350\" height=\"420\" src=\"https:\/\/ilmoliulampar.is\/wp-content\/uploads\/2022\/11\/screen-shot-2020-07-08-at-11.27.24-350x420.png\" class=\"attachment-woocommerce_thumbnail size-woocommerce_thumbnail\" alt=\"Roxanne - Bleikt, 2 st\u00e6r\u00f0ir\" \/><h2 class=\"woocommerce-loop-product__title\">Roxanne &#8211; Bleikt, 2 st\u00e6r\u00f0ir<\/h2>\n\t<span class=\"price\"><span class=\"woocommerce-Price-amount amount\" aria-hidden=\"true\"><bdi>39.900&nbsp;<span class=\"woocommerce-Price-currencySymbol\">kr.<\/span><\/bdi><\/span> <span aria-hidden=\"true\">&ndash;<\/span> <span class=\"woocommerce-Price-amount amount\" aria-hidden=\"true\"><bdi>44.900&nbsp;<span class=\"woocommerce-Price-currencySymbol\">kr.<\/span><\/bdi><\/span><span class=\"screen-reader-text\" data-no-translation=\"\" data-trp-gettext=\"\">Price range: 39.900&nbsp;kr. through 44.900&nbsp;kr.<\/span><\/span>\n<\/a><a href=\"https:\/\/ilmoliulampar.is\/en_gb\/product\/roxanne-bleikt\/\" aria-describedby=\"woocommerce_loop_add_to_cart_link_describedby_52640\" data-quantity=\"1\" class=\"button product_type_variable add_to_cart_button\" data-product_id=\"52640\" data-product_sku=\"ZOLO-56645\" aria-label=\"Select options for \u201cRoxanne - Bleikt, 2 st\u00e6r\u00f0ir\u201d\" rel=\"nofollow\" data-no-translation=\"\" data-trp-gettext=\"\" data-no-translation-aria-label=\"\">Select options<\/a>\t<span id=\"woocommerce_loop_add_to_cart_link_describedby_52640\" class=\"screen-reader-text\">\n\t\tThis product has multiple variants. The options may be chosen on the product page\t<\/span>\n<\/li>\n<li class=\"product type-product post-67086 status-publish instock product_cat-heimilid-2 product_cat-laekkadverd product_cat-sparibaukar has-post-thumbnail sale shipping-taxable purchasable product-type-simple\">\n\t<a href=\"https:\/\/ilmoliulampar.is\/en_gb\/product\/baukur-hundur-med-solgleraugu\/\" class=\"woocommerce-LoopProduct-link woocommerce-loop-product__link\">\n\t<span class=\"onsale\" data-no-translation=\"\" data-trp-gettext=\"\">Sale!<\/span>\n\t<img loading=\"lazy\" decoding=\"async\" width=\"350\" height=\"420\" src=\"https:\/\/ilmoliulampar.is\/wp-content\/uploads\/2026\/01\/file_00000000da08722fbc7b9f64a90d23eb-e1767699833327-350x420.png\" class=\"attachment-woocommerce_thumbnail size-woocommerce_thumbnail\" alt=\"Baukur - Hundur me\u00f0 s\u00f3lgleraugu\" srcset=\"https:\/\/ilmoliulampar.is\/wp-content\/uploads\/2026\/01\/file_00000000da08722fbc7b9f64a90d23eb-e1767699833327-350x420.png 350w, https:\/\/ilmoliulampar.is\/wp-content\/uploads\/2026\/01\/file_00000000da08722fbc7b9f64a90d23eb-e1767699833327-9x12.png 9w\" sizes=\"(max-width: 350px) 100vw, 350px\" \/><h2 class=\"woocommerce-loop-product__title\">Baukur &#8211; Hundur me\u00f0 s\u00f3lgleraugu<\/h2>\n\t<span class=\"price\"><del aria-hidden=\"true\"><span class=\"woocommerce-Price-amount amount\"><bdi>17.900&nbsp;<span class=\"woocommerce-Price-currencySymbol\">kr.<\/span><\/bdi><\/span><\/del> <span class=\"screen-reader-text\" data-no-translation=\"\" data-trp-gettext=\"\">Original price was: 17.900&nbsp;kr..<\/span><ins aria-hidden=\"true\"><span class=\"woocommerce-Price-amount amount\"><bdi>13.900&nbsp;<span class=\"woocommerce-Price-currencySymbol\">kr.<\/span><\/bdi><\/span><\/ins><span class=\"screen-reader-text\" data-no-translation=\"\" data-trp-gettext=\"\">Current price is: 13.900&nbsp;kr..<\/span><\/span>\n<\/a><a href=\"\/en_gb\/wp-json\/wp\/v2\/pages\/7079?add-to-cart=67086\" aria-describedby=\"woocommerce_loop_add_to_cart_link_describedby_67086\" data-quantity=\"1\" class=\"button product_type_simple add_to_cart_button ajax_add_to_cart\" data-product_id=\"67086\" data-product_sku=\"ZOLO-29866\" aria-label=\"Add to basket: \u201cBaukur - Hundur me\u00f0 s\u00f3lgleraugu\u201d\" rel=\"nofollow\" data-success_message=\"\u201cBaukur - Hundur me\u00f0 s\u00f3lgleraugu\u201d has been added to your cart\" role=\"button\" data-no-translation=\"\" data-trp-gettext=\"\" data-no-translation-aria-label=\"\" data-no-translation-data-success_message=\"\">Add to basket<\/a>\t<span id=\"woocommerce_loop_add_to_cart_link_describedby_67086\" class=\"screen-reader-text\">\n\t\t\t<\/span>\n<\/li>\n<li class=\"product type-product post-54906 status-publish instock product_cat-blomapottarvasar product_cat-gerviplontur product_cat-laekkadverd product_cat-tilbod-adrar-vorur product_cat-utsala has-post-thumbnail sale shipping-taxable purchasable product-type-simple\">\n\t<a href=\"https:\/\/ilmoliulampar.is\/en_gb\/product\/hvitar-orkediur-i-gler-potti-20-afslattur\/\" class=\"woocommerce-LoopProduct-link woocommerce-loop-product__link\">\n\t<span class=\"onsale\" data-no-translation=\"\" data-trp-gettext=\"\">Sale!<\/span>\n\t<img loading=\"lazy\" decoding=\"async\" width=\"350\" height=\"420\" src=\"https:\/\/ilmoliulampar.is\/wp-content\/uploads\/2023\/04\/657993173_999421892414579_6738015106447399523_n-350x420.jpg\" class=\"attachment-woocommerce_thumbnail size-woocommerce_thumbnail\" alt=\"Hv\u00edtar Orked\u00edur \u00ed gler potti 50% afsl\u00e1ttur\" \/><h2 class=\"woocommerce-loop-product__title\">Hv\u00edtar Orked\u00edur \u00ed gler potti 50% afsl\u00e1ttur<\/h2>\n\t<span class=\"price\"><del aria-hidden=\"true\"><span class=\"woocommerce-Price-amount amount\"><bdi>67.900&nbsp;<span class=\"woocommerce-Price-currencySymbol\">kr.<\/span><\/bdi><\/span><\/del> <span class=\"screen-reader-text\" data-no-translation=\"\" data-trp-gettext=\"\">Original price was: 67.900&nbsp;kr..<\/span><ins aria-hidden=\"true\"><span class=\"woocommerce-Price-amount amount\"><bdi>33.950&nbsp;<span class=\"woocommerce-Price-currencySymbol\">kr.<\/span><\/bdi><\/span><\/ins><span class=\"screen-reader-text\" data-no-translation=\"\" data-trp-gettext=\"\">Current price is: 33.950&nbsp;kr..<\/span><\/span>\n<\/a><a href=\"\/en_gb\/wp-json\/wp\/v2\/pages\/7079?add-to-cart=54906\" aria-describedby=\"woocommerce_loop_add_to_cart_link_describedby_54906\" data-quantity=\"1\" class=\"button product_type_simple add_to_cart_button ajax_add_to_cart\" data-product_id=\"54906\" data-product_sku=\"ZOLO-92435\" aria-label=\"Add to basket: \u201cHv\u00edtar Orked\u00edur \u00ed gler potti 50% afsl\u00e1ttur\u201d\" rel=\"nofollow\" data-success_message=\"\u201cHv\u00edtar Orked\u00edur \u00ed gler potti 50% afsl\u00e1ttur\u201d has been added to your cart\" role=\"button\" data-no-translation=\"\" data-trp-gettext=\"\" data-no-translation-aria-label=\"\" data-no-translation-data-success_message=\"\">Add to basket<\/a>\t<span id=\"woocommerce_loop_add_to_cart_link_describedby_54906\" class=\"screen-reader-text\">\n\t\t\t<\/span>\n<\/li>\n<li class=\"product type-product post-59478 status-publish last instock product_cat-laekkadverd product_cat-stanleyaukahlutir has-post-thumbnail sale shipping-taxable purchasable product-type-variable\">\n\t<a href=\"https:\/\/ilmoliulampar.is\/en_gb\/product\/roratoppar-jardaber-melona-unicorn-hjarta\/\" class=\"woocommerce-LoopProduct-link woocommerce-loop-product__link\">\n\t<span class=\"onsale\" data-no-translation=\"\" data-trp-gettext=\"\">Sale!<\/span>\n\t<img loading=\"lazy\" decoding=\"async\" width=\"350\" height=\"420\" src=\"https:\/\/ilmoliulampar.is\/wp-content\/uploads\/2024\/03\/612d9h8AeZL._AC_UF8941000_QL80_-350x420.jpg\" class=\"attachment-woocommerce_thumbnail size-woocommerce_thumbnail\" alt=\"R\u00f6ratoppar - Jar\u00f0aber - Mel\u00f3na - Unicorn - Hjarta\" \/><h2 class=\"woocommerce-loop-product__title\">R\u00f6ratoppar &#8211; Jar\u00f0aber &#8211; Mel\u00f3na &#8211; Unicorn &#8211; Hjarta<\/h2>\n\t<span class=\"price\"><del aria-hidden=\"true\"><span class=\"woocommerce-Price-amount amount\"><bdi>390&nbsp;<span class=\"woocommerce-Price-currencySymbol\">kr.<\/span><\/bdi><\/span><\/del> <span class=\"screen-reader-text\" data-no-translation=\"\" data-trp-gettext=\"\">Original price was: 390&nbsp;kr..<\/span><ins aria-hidden=\"true\"><span class=\"woocommerce-Price-amount amount\"><bdi>100&nbsp;<span class=\"woocommerce-Price-currencySymbol\">kr.<\/span><\/bdi><\/span><\/ins><span class=\"screen-reader-text\" data-no-translation=\"\" data-trp-gettext=\"\">Current price is: 100&nbsp;kr..<\/span><\/span>\n<\/a><a href=\"https:\/\/ilmoliulampar.is\/en_gb\/product\/roratoppar-jardaber-melona-unicorn-hjarta\/\" aria-describedby=\"woocommerce_loop_add_to_cart_link_describedby_59478\" data-quantity=\"1\" class=\"button product_type_variable add_to_cart_button\" data-product_id=\"59478\" data-product_sku=\"ZOLO-29387\" aria-label=\"Select options for \u201cR\u00f6ratoppar - Jar\u00f0aber - Mel\u00f3na - Unicorn - Hjarta\u201d\" rel=\"nofollow\" data-no-translation=\"\" data-trp-gettext=\"\" data-no-translation-aria-label=\"\">Select options<\/a>\t<span id=\"woocommerce_loop_add_to_cart_link_describedby_59478\" class=\"screen-reader-text\">\n\t\tThis product has multiple variants. The options may be chosen on the product page\t<\/span>\n<\/li>\n<\/ul>\n<\/div><a href=\"#\" class=\"ajax-load-products razzi-button button-larger\" data-page=\"2\" rel=\"nofollow\">\r\n\t\t\t\t\t\t\t\t\t<span class=\"button-text\">Load More<\/span>\r\n\t\t\t\t\t\t\t\t\t<span class=\"dots razzi-gooey\">\r\n\t\t\t\t\t\t\t\t\t\t<span><\/span>\r\n\t\t\t\t\t\t\t\t\t\t<span><\/span>\r\n\t\t\t\t\t\t\t\t\t\t<span><\/span>\r\n\t\t\t\t\t\t\t\t\t<\/span>\r\n\t\t\t\t\t\t\t\t<\/a>\t\t<\/div>\r\n\t\t\t\t\t\t<\/div>\n\t\t\t\t<\/div>\n\t\t\t\t\t<\/div>\n\t\t<\/div>\n\t\t\t\t\t<\/div>\n\t\t<\/section>\n\t\t\t\t<\/div>","protected":false},"excerpt":{"rendered":"<p>-9% Add to cart Quick View Add to wishlist Dresses Basic Dress Green &pound;&nbsp;174.30 &pound;&nbsp;158.79 Hot -22% Add to cart Quick View Add to wishlist Boots Clarks Women&#8217;s Step Cali &pound;&nbsp;33.23 &pound;&nbsp;25.85 New -12% Add to cart Quick View Add to wishlist Kids Conte of Florence Jarod &pound;&nbsp;36.19 &pound;&nbsp;31.76 Hot -25% Add to cart Quick [&hellip;]<\/p>\n","protected":false},"author":1,"featured_media":0,"parent":0,"menu_order":0,"comment_status":"closed","ping_status":"closed","template":"","meta":{"footnotes":""},"class_list":["post-7079","page","type-page","status-publish","hentry"],"_links":{"self":[{"href":"https:\/\/ilmoliulampar.is\/en_gb\/wp-json\/wp\/v2\/pages\/7079","targetHints":{"allow":["GET"]}}],"collection":[{"href":"https:\/\/ilmoliulampar.is\/en_gb\/wp-json\/wp\/v2\/pages"}],"about":[{"href":"https:\/\/ilmoliulampar.is\/en_gb\/wp-json\/wp\/v2\/types\/page"}],"author":[{"embeddable":true,"href":"https:\/\/ilmoliulampar.is\/en_gb\/wp-json\/wp\/v2\/users\/1"}],"replies":[{"embeddable":true,"href":"https:\/\/ilmoliulampar.is\/en_gb\/wp-json\/wp\/v2\/comments?post=7079"}],"version-history":[{"count":0,"href":"https:\/\/ilmoliulampar.is\/en_gb\/wp-json\/wp\/v2\/pages\/7079\/revisions"}],"wp:attachment":[{"href":"https:\/\/ilmoliulampar.is\/en_gb\/wp-json\/wp\/v2\/media?parent=7079"}],"curies":[{"name":"wp","href":"https:\/\/api.w.org\/{rel}","templated":true}]}}