{"id":51942,"date":"2013-11-05T14:05:34","date_gmt":"2013-11-05T14:05:34","guid":{"rendered":"https:\/\/new.ilmoliulampar.is\/product\/angel-baby\/"},"modified":"2025-11-10T15:45:23","modified_gmt":"2025-11-10T15:45:23","slug":"angel-baby","status":"publish","type":"product","link":"https:\/\/ilmoliulampar.is\/en_gb\/product\/angel-baby\/","title":{"rendered":"ANGEL &#8211; MUGLER"},"content":{"rendered":"","protected":false},"excerpt":{"rendered":"<div class=\"\" data-block=\"true\" data-editor=\"cb8cq\" data-offset-key=\"ahbap-0-0\">\n<div class=\"_1mf _1mj\" data-offset-key=\"ahbap-0-0\"><span data-offset-key=\"ahbap-0-0\">Fullkomin berjablanda, s\u00fakkula\u00f0i, hunang &amp; Sandalwood, bl\u00f6ndu\u00f0 vi\u00f0 austurlenskt krydd&#8230;.. Ni\u00f0ursta\u00f0a &#8212;&gt; \u00f3gleymanlegur ilmur! <\/span><\/div>\n<\/div>\n<div class=\"\" data-block=\"true\" data-editor=\"cb8cq\" data-offset-key=\"2b2sf-0-0\"><\/div>","protected":false},"featured_media":38749,"comment_status":"closed","ping_status":"closed","template":"","meta":[],"product_brand":[],"product_cat":[195,108],"product_tag":[],"class_list":{"0":"post-51942","1":"product","2":"type-product","3":"status-publish","4":"has-post-thumbnail","6":"product_cat-ilmoliur-oliur","7":"product_cat-oliur","9":"first","10":"instock","11":"shipping-taxable","12":"purchasable","13":"product-type-simple"},"_links":{"self":[{"href":"https:\/\/ilmoliulampar.is\/en_gb\/wp-json\/wp\/v2\/product\/51942","targetHints":{"allow":["GET"]}}],"collection":[{"href":"https:\/\/ilmoliulampar.is\/en_gb\/wp-json\/wp\/v2\/product"}],"about":[{"href":"https:\/\/ilmoliulampar.is\/en_gb\/wp-json\/wp\/v2\/types\/product"}],"replies":[{"embeddable":true,"href":"https:\/\/ilmoliulampar.is\/en_gb\/wp-json\/wp\/v2\/comments?post=51942"}],"wp:featuredmedia":[{"embeddable":true,"href":"https:\/\/ilmoliulampar.is\/en_gb\/wp-json\/wp\/v2\/media\/38749"}],"wp:attachment":[{"href":"https:\/\/ilmoliulampar.is\/en_gb\/wp-json\/wp\/v2\/media?parent=51942"}],"wp:term":[{"taxonomy":"product_brand","embeddable":true,"href":"https:\/\/ilmoliulampar.is\/en_gb\/wp-json\/wp\/v2\/product_brand?post=51942"},{"taxonomy":"product_cat","embeddable":true,"href":"https:\/\/ilmoliulampar.is\/en_gb\/wp-json\/wp\/v2\/product_cat?post=51942"},{"taxonomy":"product_tag","embeddable":true,"href":"https:\/\/ilmoliulampar.is\/en_gb\/wp-json\/wp\/v2\/product_tag?post=51942"}],"curies":[{"name":"wp","href":"https:\/\/api.w.org\/{rel}","templated":true}]}}