{"id":51943,"date":"2013-11-08T08:59:43","date_gmt":"2013-11-08T08:59:43","guid":{"rendered":"https:\/\/new.ilmoliulampar.is\/product\/respiratory\/"},"modified":"2025-01-24T13:19:59","modified_gmt":"2025-01-24T13:19:59","slug":"respiratory","status":"publish","type":"product","link":"https:\/\/ilmoliulampar.is\/en_gb\/product\/respiratory\/","title":{"rendered":"RESPIRATORY"},"content":{"rendered":"","protected":false},"excerpt":{"rendered":"<p>Mj\u00f6g g\u00f3\u00f0 lungnaol\u00eda, g\u00f3\u00f0 fyrir lugnasj\u00fakd\u00f3ma svo sem lugna\u00feembu &#8211; lugnab\u00f3lgu, astma o.s.frv.<br \/>\nNotist \u00ed ilmol\u00edulampann yfir n\u00f3tt, m\u00e1 nota allan daginn l\u00edka.<\/p>","protected":false},"featured_media":38754,"comment_status":"closed","ping_status":"open","template":"","meta":[],"product_brand":[],"product_cat":[224,108],"product_tag":[],"class_list":{"0":"post-51943","1":"product","2":"type-product","3":"status-publish","4":"has-post-thumbnail","6":"product_cat-ilmkjarnaoliur-oliur","7":"product_cat-oliur","9":"first","10":"instock","11":"shipping-taxable","12":"purchasable","13":"product-type-simple"},"_links":{"self":[{"href":"https:\/\/ilmoliulampar.is\/en_gb\/wp-json\/wp\/v2\/product\/51943","targetHints":{"allow":["GET"]}}],"collection":[{"href":"https:\/\/ilmoliulampar.is\/en_gb\/wp-json\/wp\/v2\/product"}],"about":[{"href":"https:\/\/ilmoliulampar.is\/en_gb\/wp-json\/wp\/v2\/types\/product"}],"replies":[{"embeddable":true,"href":"https:\/\/ilmoliulampar.is\/en_gb\/wp-json\/wp\/v2\/comments?post=51943"}],"wp:featuredmedia":[{"embeddable":true,"href":"https:\/\/ilmoliulampar.is\/en_gb\/wp-json\/wp\/v2\/media\/38754"}],"wp:attachment":[{"href":"https:\/\/ilmoliulampar.is\/en_gb\/wp-json\/wp\/v2\/media?parent=51943"}],"wp:term":[{"taxonomy":"product_brand","embeddable":true,"href":"https:\/\/ilmoliulampar.is\/en_gb\/wp-json\/wp\/v2\/product_brand?post=51943"},{"taxonomy":"product_cat","embeddable":true,"href":"https:\/\/ilmoliulampar.is\/en_gb\/wp-json\/wp\/v2\/product_cat?post=51943"},{"taxonomy":"product_tag","embeddable":true,"href":"https:\/\/ilmoliulampar.is\/en_gb\/wp-json\/wp\/v2\/product_tag?post=51943"}],"curies":[{"name":"wp","href":"https:\/\/api.w.org\/{rel}","templated":true}]}}