{"id":51944,"date":"2013-11-08T09:00:51","date_gmt":"2013-11-08T09:00:51","guid":{"rendered":"https:\/\/new.ilmoliulampar.is\/product\/easy-breath\/"},"modified":"2024-07-09T17:19:32","modified_gmt":"2024-07-09T17:19:32","slug":"easy-breath","status":"publish","type":"product","link":"https:\/\/ilmoliulampar.is\/en_gb\/product\/easy-breath\/","title":{"rendered":"EASY BREATHE"},"content":{"rendered":"","protected":false},"excerpt":{"rendered":"<p>H\u00fan er g\u00f3\u00f0 vi\u00f0 astma og \u00f6\u00f0rum \u00f6ndunar\u00f6r\u00f0uleikum, svakalega g\u00f3\u00f0 vi\u00f0 kvefi og h\u00e1lsb\u00f3lgu.<\/p>","protected":false},"featured_media":38757,"comment_status":"closed","ping_status":"open","template":"","meta":[],"product_brand":[],"product_cat":[224,108],"product_tag":[],"class_list":{"0":"post-51944","1":"product","2":"type-product","3":"status-publish","4":"has-post-thumbnail","6":"product_cat-ilmkjarnaoliur-oliur","7":"product_cat-oliur","9":"first","10":"instock","11":"shipping-taxable","12":"purchasable","13":"product-type-simple"},"_links":{"self":[{"href":"https:\/\/ilmoliulampar.is\/en_gb\/wp-json\/wp\/v2\/product\/51944","targetHints":{"allow":["GET"]}}],"collection":[{"href":"https:\/\/ilmoliulampar.is\/en_gb\/wp-json\/wp\/v2\/product"}],"about":[{"href":"https:\/\/ilmoliulampar.is\/en_gb\/wp-json\/wp\/v2\/types\/product"}],"replies":[{"embeddable":true,"href":"https:\/\/ilmoliulampar.is\/en_gb\/wp-json\/wp\/v2\/comments?post=51944"}],"wp:featuredmedia":[{"embeddable":true,"href":"https:\/\/ilmoliulampar.is\/en_gb\/wp-json\/wp\/v2\/media\/38757"}],"wp:attachment":[{"href":"https:\/\/ilmoliulampar.is\/en_gb\/wp-json\/wp\/v2\/media?parent=51944"}],"wp:term":[{"taxonomy":"product_brand","embeddable":true,"href":"https:\/\/ilmoliulampar.is\/en_gb\/wp-json\/wp\/v2\/product_brand?post=51944"},{"taxonomy":"product_cat","embeddable":true,"href":"https:\/\/ilmoliulampar.is\/en_gb\/wp-json\/wp\/v2\/product_cat?post=51944"},{"taxonomy":"product_tag","embeddable":true,"href":"https:\/\/ilmoliulampar.is\/en_gb\/wp-json\/wp\/v2\/product_tag?post=51944"}],"curies":[{"name":"wp","href":"https:\/\/api.w.org\/{rel}","templated":true}]}}