{"id":51945,"date":"2013-11-08T09:01:53","date_gmt":"2013-11-08T09:01:53","guid":{"rendered":"https:\/\/new.ilmoliulampar.is\/product\/rest-pure\/"},"modified":"2023-03-24T00:06:06","modified_gmt":"2023-03-24T00:06:06","slug":"rest-pure","status":"publish","type":"product","link":"https:\/\/ilmoliulampar.is\/en_gb\/product\/rest-pure\/","title":{"rendered":"REST PURE"},"content":{"rendered":"","protected":false},"excerpt":{"rendered":"<p>REST er ein af okkar vins\u00e6lustu ol\u00edubl\u00f6ndum. H\u00fan er fr\u00e1b\u00e6r sem hv\u00edldarol\u00eda, notar nokkra dropa \u00fat \u00ed vatni\u00f0 \u00ed ilmol\u00edulampann fyrir n\u00f3ttina, \u00e6ttir a\u00f0 n\u00e1 betri n\u00e6tursvefni.<\/p>\n<p>Er mj\u00f6g g\u00f3\u00f0 fyrir almenna heilsu og hj\u00e1lpar l\u00edka til vi\u00f0 \u00feyngdarstj\u00f3rnun.<\/p>\n<p>Pr\u00f3fa\u00f0u hana \u00ed lampann \u00ed svefnherberginu.<\/p>","protected":false},"featured_media":38760,"comment_status":"closed","ping_status":"open","template":"","meta":[],"product_brand":[],"product_cat":[224,108],"product_tag":[],"class_list":{"0":"post-51945","1":"product","2":"type-product","3":"status-publish","4":"has-post-thumbnail","6":"product_cat-ilmkjarnaoliur-oliur","7":"product_cat-oliur","9":"first","10":"outofstock","11":"shipping-taxable","12":"purchasable","13":"product-type-simple"},"_links":{"self":[{"href":"https:\/\/ilmoliulampar.is\/en_gb\/wp-json\/wp\/v2\/product\/51945","targetHints":{"allow":["GET"]}}],"collection":[{"href":"https:\/\/ilmoliulampar.is\/en_gb\/wp-json\/wp\/v2\/product"}],"about":[{"href":"https:\/\/ilmoliulampar.is\/en_gb\/wp-json\/wp\/v2\/types\/product"}],"replies":[{"embeddable":true,"href":"https:\/\/ilmoliulampar.is\/en_gb\/wp-json\/wp\/v2\/comments?post=51945"}],"wp:featuredmedia":[{"embeddable":true,"href":"https:\/\/ilmoliulampar.is\/en_gb\/wp-json\/wp\/v2\/media\/38760"}],"wp:attachment":[{"href":"https:\/\/ilmoliulampar.is\/en_gb\/wp-json\/wp\/v2\/media?parent=51945"}],"wp:term":[{"taxonomy":"product_brand","embeddable":true,"href":"https:\/\/ilmoliulampar.is\/en_gb\/wp-json\/wp\/v2\/product_brand?post=51945"},{"taxonomy":"product_cat","embeddable":true,"href":"https:\/\/ilmoliulampar.is\/en_gb\/wp-json\/wp\/v2\/product_cat?post=51945"},{"taxonomy":"product_tag","embeddable":true,"href":"https:\/\/ilmoliulampar.is\/en_gb\/wp-json\/wp\/v2\/product_tag?post=51945"}],"curies":[{"name":"wp","href":"https:\/\/api.w.org\/{rel}","templated":true}]}}