{"id":51946,"date":"2013-11-08T09:02:50","date_gmt":"2013-11-08T09:02:50","guid":{"rendered":"https:\/\/new.ilmoliulampar.is\/product\/sterss-and-strain\/"},"modified":"2023-03-24T00:06:06","modified_gmt":"2023-03-24T00:06:06","slug":"sterss-and-strain","status":"publish","type":"product","link":"https:\/\/ilmoliulampar.is\/en_gb\/product\/sterss-and-strain\/","title":{"rendered":"STRESS AND STRAIN"},"content":{"rendered":"","protected":false},"excerpt":{"rendered":"<p>G\u00f3\u00f0 vi\u00f0 spennu og stressi, svakalega g\u00f3\u00f0 sl\u00f6kunarol\u00eda. Notist \u00ed ilmol\u00edulmpann a\u00f0 degi sem n\u00f3ttu.<\/p>\n<p>&nbsp;<\/p>","protected":false},"featured_media":38763,"comment_status":"closed","ping_status":"open","template":"","meta":[],"product_brand":[],"product_cat":[224,108],"product_tag":[],"class_list":{"0":"post-51946","1":"product","2":"type-product","3":"status-publish","4":"has-post-thumbnail","6":"product_cat-ilmkjarnaoliur-oliur","7":"product_cat-oliur","9":"first","10":"outofstock","11":"shipping-taxable","12":"purchasable","13":"product-type-simple"},"_links":{"self":[{"href":"https:\/\/ilmoliulampar.is\/en_gb\/wp-json\/wp\/v2\/product\/51946","targetHints":{"allow":["GET"]}}],"collection":[{"href":"https:\/\/ilmoliulampar.is\/en_gb\/wp-json\/wp\/v2\/product"}],"about":[{"href":"https:\/\/ilmoliulampar.is\/en_gb\/wp-json\/wp\/v2\/types\/product"}],"replies":[{"embeddable":true,"href":"https:\/\/ilmoliulampar.is\/en_gb\/wp-json\/wp\/v2\/comments?post=51946"}],"wp:featuredmedia":[{"embeddable":true,"href":"https:\/\/ilmoliulampar.is\/en_gb\/wp-json\/wp\/v2\/media\/38763"}],"wp:attachment":[{"href":"https:\/\/ilmoliulampar.is\/en_gb\/wp-json\/wp\/v2\/media?parent=51946"}],"wp:term":[{"taxonomy":"product_brand","embeddable":true,"href":"https:\/\/ilmoliulampar.is\/en_gb\/wp-json\/wp\/v2\/product_brand?post=51946"},{"taxonomy":"product_cat","embeddable":true,"href":"https:\/\/ilmoliulampar.is\/en_gb\/wp-json\/wp\/v2\/product_cat?post=51946"},{"taxonomy":"product_tag","embeddable":true,"href":"https:\/\/ilmoliulampar.is\/en_gb\/wp-json\/wp\/v2\/product_tag?post=51946"}],"curies":[{"name":"wp","href":"https:\/\/api.w.org\/{rel}","templated":true}]}}