{"id":51948,"date":"2013-11-08T09:12:32","date_gmt":"2013-11-08T09:12:32","guid":{"rendered":"https:\/\/new.ilmoliulampar.is\/product\/clear-head\/"},"modified":"2024-07-08T17:44:08","modified_gmt":"2024-07-08T17:44:08","slug":"clear-head","status":"publish","type":"product","link":"https:\/\/ilmoliulampar.is\/en_gb\/product\/clear-head\/","title":{"rendered":"CLEAR HEAD"},"content":{"rendered":"","protected":false},"excerpt":{"rendered":"<p>H\u00f6fu\u00f0verkjaol\u00edan okkar. F\u00f3lk me\u00f0 migreni hefur miki\u00f0 lofa\u00f0 \u00feessa ol\u00edu. Notist \u00ed ilmol\u00edulampann a\u00f0 degi sem n\u00f3ttu.<\/p>","protected":false},"featured_media":38769,"comment_status":"closed","ping_status":"open","template":"","meta":[],"product_brand":[],"product_cat":[224,108],"product_tag":[],"class_list":{"0":"post-51948","1":"product","2":"type-product","3":"status-publish","4":"has-post-thumbnail","6":"product_cat-ilmkjarnaoliur-oliur","7":"product_cat-oliur","9":"first","10":"instock","11":"shipping-taxable","12":"purchasable","13":"product-type-simple"},"_links":{"self":[{"href":"https:\/\/ilmoliulampar.is\/en_gb\/wp-json\/wp\/v2\/product\/51948","targetHints":{"allow":["GET"]}}],"collection":[{"href":"https:\/\/ilmoliulampar.is\/en_gb\/wp-json\/wp\/v2\/product"}],"about":[{"href":"https:\/\/ilmoliulampar.is\/en_gb\/wp-json\/wp\/v2\/types\/product"}],"replies":[{"embeddable":true,"href":"https:\/\/ilmoliulampar.is\/en_gb\/wp-json\/wp\/v2\/comments?post=51948"}],"wp:featuredmedia":[{"embeddable":true,"href":"https:\/\/ilmoliulampar.is\/en_gb\/wp-json\/wp\/v2\/media\/38769"}],"wp:attachment":[{"href":"https:\/\/ilmoliulampar.is\/en_gb\/wp-json\/wp\/v2\/media?parent=51948"}],"wp:term":[{"taxonomy":"product_brand","embeddable":true,"href":"https:\/\/ilmoliulampar.is\/en_gb\/wp-json\/wp\/v2\/product_brand?post=51948"},{"taxonomy":"product_cat","embeddable":true,"href":"https:\/\/ilmoliulampar.is\/en_gb\/wp-json\/wp\/v2\/product_cat?post=51948"},{"taxonomy":"product_tag","embeddable":true,"href":"https:\/\/ilmoliulampar.is\/en_gb\/wp-json\/wp\/v2\/product_tag?post=51948"}],"curies":[{"name":"wp","href":"https:\/\/api.w.org\/{rel}","templated":true}]}}