{"id":51954,"date":"2013-11-11T13:30:26","date_gmt":"2013-11-11T13:30:26","guid":{"rendered":"https:\/\/new.ilmoliulampar.is\/product\/fresh-linen-2\/"},"modified":"2026-03-10T15:26:43","modified_gmt":"2026-03-10T15:26:43","slug":"fresh-linen-2","status":"publish","type":"product","link":"https:\/\/ilmoliulampar.is\/en_gb\/product\/fresh-linen-2\/","title":{"rendered":"FRESH LINEN"},"content":{"rendered":"","protected":false},"excerpt":{"rendered":"<p>L\u00e9ttur og uppl\u00edfgandi ilmur af fersku og hreinu l\u00edni sem \u00feornar \u00ed s\u00f3linni. Fr\u00edskandi blanda af tuberose, liljum, appels\u00ednubl\u00f3mum, eik og \u00e1v\u00f6xtum me\u00f0 keim af hl\u00fdjum amber. <a name=\"14234ffbc7c80b90_17\"><\/a><!--?xml:namespace prefix = \"o\" ns = \"urn:schemas-microsoft-com:office:office\" \/--><\/p>","protected":false},"featured_media":38787,"comment_status":"closed","ping_status":"open","template":"","meta":[],"product_brand":[],"product_cat":[195,108],"product_tag":[],"class_list":{"0":"post-51954","1":"product","2":"type-product","3":"status-publish","4":"has-post-thumbnail","6":"product_cat-ilmoliur-oliur","7":"product_cat-oliur","9":"first","10":"instock","11":"shipping-taxable","12":"purchasable","13":"product-type-simple"},"_links":{"self":[{"href":"https:\/\/ilmoliulampar.is\/en_gb\/wp-json\/wp\/v2\/product\/51954","targetHints":{"allow":["GET"]}}],"collection":[{"href":"https:\/\/ilmoliulampar.is\/en_gb\/wp-json\/wp\/v2\/product"}],"about":[{"href":"https:\/\/ilmoliulampar.is\/en_gb\/wp-json\/wp\/v2\/types\/product"}],"replies":[{"embeddable":true,"href":"https:\/\/ilmoliulampar.is\/en_gb\/wp-json\/wp\/v2\/comments?post=51954"}],"wp:featuredmedia":[{"embeddable":true,"href":"https:\/\/ilmoliulampar.is\/en_gb\/wp-json\/wp\/v2\/media\/38787"}],"wp:attachment":[{"href":"https:\/\/ilmoliulampar.is\/en_gb\/wp-json\/wp\/v2\/media?parent=51954"}],"wp:term":[{"taxonomy":"product_brand","embeddable":true,"href":"https:\/\/ilmoliulampar.is\/en_gb\/wp-json\/wp\/v2\/product_brand?post=51954"},{"taxonomy":"product_cat","embeddable":true,"href":"https:\/\/ilmoliulampar.is\/en_gb\/wp-json\/wp\/v2\/product_cat?post=51954"},{"taxonomy":"product_tag","embeddable":true,"href":"https:\/\/ilmoliulampar.is\/en_gb\/wp-json\/wp\/v2\/product_tag?post=51954"}],"curies":[{"name":"wp","href":"https:\/\/api.w.org\/{rel}","templated":true}]}}