{"id":51955,"date":"2013-11-11T13:34:06","date_gmt":"2013-11-11T13:34:06","guid":{"rendered":"https:\/\/new.ilmoliulampar.is\/product\/monsoon\/"},"modified":"2025-07-17T13:03:13","modified_gmt":"2025-07-17T13:03:13","slug":"monsoon","status":"publish","type":"product","link":"https:\/\/ilmoliulampar.is\/en_gb\/product\/monsoon\/","title":{"rendered":"MONSOON"},"content":{"rendered":"","protected":false},"excerpt":{"rendered":"<p>Skapa\u00f0u gle\u00f0ina og r\u00f3nna sem kemur yfir okkur eftir dembandi sumarrigningu. Bl\u00f3mstrandi r\u00f3sir og jasm\u00edna, lyft upp me\u00f0 bl\u00f3mstrandi zagara og hl\u00fdjum patchouli og vanillu.<\/p>\n<p><!--?xml:namespace prefix = \"o\" ns = \"urn:schemas-microsoft-com:office:office\" \/--><\/p>","protected":false},"featured_media":38790,"comment_status":"closed","ping_status":"open","template":"","meta":[],"product_brand":[],"product_cat":[195,108],"product_tag":[],"class_list":{"0":"post-51955","1":"product","2":"type-product","3":"status-publish","4":"has-post-thumbnail","6":"product_cat-ilmoliur-oliur","7":"product_cat-oliur","9":"first","10":"instock","11":"shipping-taxable","12":"purchasable","13":"product-type-simple"},"_links":{"self":[{"href":"https:\/\/ilmoliulampar.is\/en_gb\/wp-json\/wp\/v2\/product\/51955","targetHints":{"allow":["GET"]}}],"collection":[{"href":"https:\/\/ilmoliulampar.is\/en_gb\/wp-json\/wp\/v2\/product"}],"about":[{"href":"https:\/\/ilmoliulampar.is\/en_gb\/wp-json\/wp\/v2\/types\/product"}],"replies":[{"embeddable":true,"href":"https:\/\/ilmoliulampar.is\/en_gb\/wp-json\/wp\/v2\/comments?post=51955"}],"wp:featuredmedia":[{"embeddable":true,"href":"https:\/\/ilmoliulampar.is\/en_gb\/wp-json\/wp\/v2\/media\/38790"}],"wp:attachment":[{"href":"https:\/\/ilmoliulampar.is\/en_gb\/wp-json\/wp\/v2\/media?parent=51955"}],"wp:term":[{"taxonomy":"product_brand","embeddable":true,"href":"https:\/\/ilmoliulampar.is\/en_gb\/wp-json\/wp\/v2\/product_brand?post=51955"},{"taxonomy":"product_cat","embeddable":true,"href":"https:\/\/ilmoliulampar.is\/en_gb\/wp-json\/wp\/v2\/product_cat?post=51955"},{"taxonomy":"product_tag","embeddable":true,"href":"https:\/\/ilmoliulampar.is\/en_gb\/wp-json\/wp\/v2\/product_tag?post=51955"}],"curies":[{"name":"wp","href":"https:\/\/api.w.org\/{rel}","templated":true}]}}