{"id":51956,"date":"2013-11-11T13:35:06","date_gmt":"2013-11-11T13:35:06","guid":{"rendered":"https:\/\/new.ilmoliulampar.is\/product\/vetivera\/"},"modified":"2025-07-17T14:07:15","modified_gmt":"2025-07-17T14:07:15","slug":"vetivera","status":"publish","type":"product","link":"https:\/\/ilmoliulampar.is\/en_gb\/product\/vetivera\/","title":{"rendered":"VETIVERA"},"content":{"rendered":"","protected":false},"excerpt":{"rendered":"<p>N\u00fdt\u00edskulegur, glimrandi og skemmtilegur ilmur. Ferskt gr\u00e6nt gras og \u00e1vextir me\u00f0 eik og indverskum vetiver, musk og furu. <!--?xml:namespace prefix = \"o\" ns = \"urn:schemas-microsoft-com:office:office\" \/--><\/p>","protected":false},"featured_media":38793,"comment_status":"closed","ping_status":"open","template":"","meta":[],"product_brand":[],"product_cat":[195,108],"product_tag":[],"class_list":{"0":"post-51956","1":"product","2":"type-product","3":"status-publish","4":"has-post-thumbnail","6":"product_cat-ilmoliur-oliur","7":"product_cat-oliur","9":"first","10":"instock","11":"shipping-taxable","12":"purchasable","13":"product-type-simple"},"_links":{"self":[{"href":"https:\/\/ilmoliulampar.is\/en_gb\/wp-json\/wp\/v2\/product\/51956","targetHints":{"allow":["GET"]}}],"collection":[{"href":"https:\/\/ilmoliulampar.is\/en_gb\/wp-json\/wp\/v2\/product"}],"about":[{"href":"https:\/\/ilmoliulampar.is\/en_gb\/wp-json\/wp\/v2\/types\/product"}],"replies":[{"embeddable":true,"href":"https:\/\/ilmoliulampar.is\/en_gb\/wp-json\/wp\/v2\/comments?post=51956"}],"wp:featuredmedia":[{"embeddable":true,"href":"https:\/\/ilmoliulampar.is\/en_gb\/wp-json\/wp\/v2\/media\/38793"}],"wp:attachment":[{"href":"https:\/\/ilmoliulampar.is\/en_gb\/wp-json\/wp\/v2\/media?parent=51956"}],"wp:term":[{"taxonomy":"product_brand","embeddable":true,"href":"https:\/\/ilmoliulampar.is\/en_gb\/wp-json\/wp\/v2\/product_brand?post=51956"},{"taxonomy":"product_cat","embeddable":true,"href":"https:\/\/ilmoliulampar.is\/en_gb\/wp-json\/wp\/v2\/product_cat?post=51956"},{"taxonomy":"product_tag","embeddable":true,"href":"https:\/\/ilmoliulampar.is\/en_gb\/wp-json\/wp\/v2\/product_tag?post=51956"}],"curies":[{"name":"wp","href":"https:\/\/api.w.org\/{rel}","templated":true}]}}