{"id":51959,"date":"2013-11-05T14:16:40","date_gmt":"2013-11-05T14:16:40","guid":{"rendered":"https:\/\/new.ilmoliulampar.is\/product\/blue-lagoon\/"},"modified":"2025-07-15T17:44:33","modified_gmt":"2025-07-15T17:44:33","slug":"blue-lagoon","status":"publish","type":"product","link":"https:\/\/ilmoliulampar.is\/en_gb\/product\/blue-lagoon\/","title":{"rendered":"L\u00d3NI\u00d0"},"content":{"rendered":"","protected":false},"excerpt":{"rendered":"<p>L\u00d3NI\u00d0 er eins og nafni\u00f0 gefur til kynna hreinn og d\u00e1samlegur ilmur. \u00a0Ef \u00fe\u00fa \u00e1tt erfitt me\u00f0 a\u00f0 \u00feola ilmi yfir\u00a0<!--?xml:namespace prefix = \"u5\" \/-->h\u00f6fu\u00f0 \u00fe\u00e1 er \u00feessi sennilega akkurat fyrir \u00feig. Alveg \u00feess vir\u00f0i a\u00f0 pr\u00f3fa \ud83d\ude42<\/p>\n<p>&nbsp;<\/p>","protected":false},"featured_media":38804,"comment_status":"closed","ping_status":"open","template":"","meta":[],"product_brand":[],"product_cat":[195,108],"product_tag":[],"class_list":{"0":"post-51959","1":"product","2":"type-product","3":"status-publish","4":"has-post-thumbnail","6":"product_cat-ilmoliur-oliur","7":"product_cat-oliur","9":"first","10":"instock","11":"shipping-taxable","12":"purchasable","13":"product-type-simple"},"_links":{"self":[{"href":"https:\/\/ilmoliulampar.is\/en_gb\/wp-json\/wp\/v2\/product\/51959","targetHints":{"allow":["GET"]}}],"collection":[{"href":"https:\/\/ilmoliulampar.is\/en_gb\/wp-json\/wp\/v2\/product"}],"about":[{"href":"https:\/\/ilmoliulampar.is\/en_gb\/wp-json\/wp\/v2\/types\/product"}],"replies":[{"embeddable":true,"href":"https:\/\/ilmoliulampar.is\/en_gb\/wp-json\/wp\/v2\/comments?post=51959"}],"wp:featuredmedia":[{"embeddable":true,"href":"https:\/\/ilmoliulampar.is\/en_gb\/wp-json\/wp\/v2\/media\/38804"}],"wp:attachment":[{"href":"https:\/\/ilmoliulampar.is\/en_gb\/wp-json\/wp\/v2\/media?parent=51959"}],"wp:term":[{"taxonomy":"product_brand","embeddable":true,"href":"https:\/\/ilmoliulampar.is\/en_gb\/wp-json\/wp\/v2\/product_brand?post=51959"},{"taxonomy":"product_cat","embeddable":true,"href":"https:\/\/ilmoliulampar.is\/en_gb\/wp-json\/wp\/v2\/product_cat?post=51959"},{"taxonomy":"product_tag","embeddable":true,"href":"https:\/\/ilmoliulampar.is\/en_gb\/wp-json\/wp\/v2\/product_tag?post=51959"}],"curies":[{"name":"wp","href":"https:\/\/api.w.org\/{rel}","templated":true}]}}