{"id":51961,"date":"2013-11-05T14:30:35","date_gmt":"2013-11-05T14:30:35","guid":{"rendered":"https:\/\/new.ilmoliulampar.is\/product\/cool-citrus-basil\/"},"modified":"2025-11-10T15:42:58","modified_gmt":"2025-11-10T15:42:58","slug":"cool-citrus-basil","status":"publish","type":"product","link":"https:\/\/ilmoliulampar.is\/en_gb\/product\/cool-citrus-basil\/","title":{"rendered":"COOL CITRUS BASIL &#8211; BBW"},"content":{"rendered":"","protected":false},"excerpt":{"rendered":"<p>Cool Citrus Basil, Bath &amp; bodyworks<\/p>\n<p>Svalur ilmur me\u00f0 s\u00edtrus og basil. Gr\u00e6nt gult og girnilegt!<\/p>","protected":false},"featured_media":38820,"comment_status":"closed","ping_status":"closed","template":"","meta":[],"product_brand":[],"product_cat":[195,108],"product_tag":[],"class_list":{"0":"post-51961","1":"product","2":"type-product","3":"status-publish","4":"has-post-thumbnail","6":"product_cat-ilmoliur-oliur","7":"product_cat-oliur","9":"first","10":"instock","11":"shipping-taxable","12":"purchasable","13":"product-type-simple"},"_links":{"self":[{"href":"https:\/\/ilmoliulampar.is\/en_gb\/wp-json\/wp\/v2\/product\/51961","targetHints":{"allow":["GET"]}}],"collection":[{"href":"https:\/\/ilmoliulampar.is\/en_gb\/wp-json\/wp\/v2\/product"}],"about":[{"href":"https:\/\/ilmoliulampar.is\/en_gb\/wp-json\/wp\/v2\/types\/product"}],"replies":[{"embeddable":true,"href":"https:\/\/ilmoliulampar.is\/en_gb\/wp-json\/wp\/v2\/comments?post=51961"}],"wp:featuredmedia":[{"embeddable":true,"href":"https:\/\/ilmoliulampar.is\/en_gb\/wp-json\/wp\/v2\/media\/38820"}],"wp:attachment":[{"href":"https:\/\/ilmoliulampar.is\/en_gb\/wp-json\/wp\/v2\/media?parent=51961"}],"wp:term":[{"taxonomy":"product_brand","embeddable":true,"href":"https:\/\/ilmoliulampar.is\/en_gb\/wp-json\/wp\/v2\/product_brand?post=51961"},{"taxonomy":"product_cat","embeddable":true,"href":"https:\/\/ilmoliulampar.is\/en_gb\/wp-json\/wp\/v2\/product_cat?post=51961"},{"taxonomy":"product_tag","embeddable":true,"href":"https:\/\/ilmoliulampar.is\/en_gb\/wp-json\/wp\/v2\/product_tag?post=51961"}],"curies":[{"name":"wp","href":"https:\/\/api.w.org\/{rel}","templated":true}]}}