{"id":51965,"date":"2013-11-05T14:55:16","date_gmt":"2013-11-05T14:55:16","guid":{"rendered":"https:\/\/new.ilmoliulampar.is\/product\/lavender-vanilla\/"},"modified":"2025-07-15T17:45:30","modified_gmt":"2025-07-15T17:45:30","slug":"lavender-vanilla","status":"publish","type":"product","link":"https:\/\/ilmoliulampar.is\/en_gb\/product\/lavender-vanilla\/","title":{"rendered":"LAVENDER VANILLA"},"content":{"rendered":"","protected":false},"excerpt":{"rendered":"<p>Lavender og vanilla saman komin \u00ed eitt. Ilmurinn sk\u00fdrir sig sj\u00e1lfur, r\u00f3andi og mj\u00fakur. \u00deessi er ein af okkar s\u00f6luh\u00e6stu&#8230;..<\/p>","protected":false},"featured_media":38836,"comment_status":"closed","ping_status":"open","template":"","meta":[],"product_brand":[],"product_cat":[195,108],"product_tag":[],"class_list":{"0":"post-51965","1":"product","2":"type-product","3":"status-publish","4":"has-post-thumbnail","6":"product_cat-ilmoliur-oliur","7":"product_cat-oliur","9":"first","10":"instock","11":"shipping-taxable","12":"purchasable","13":"product-type-simple"},"_links":{"self":[{"href":"https:\/\/ilmoliulampar.is\/en_gb\/wp-json\/wp\/v2\/product\/51965","targetHints":{"allow":["GET"]}}],"collection":[{"href":"https:\/\/ilmoliulampar.is\/en_gb\/wp-json\/wp\/v2\/product"}],"about":[{"href":"https:\/\/ilmoliulampar.is\/en_gb\/wp-json\/wp\/v2\/types\/product"}],"replies":[{"embeddable":true,"href":"https:\/\/ilmoliulampar.is\/en_gb\/wp-json\/wp\/v2\/comments?post=51965"}],"wp:featuredmedia":[{"embeddable":true,"href":"https:\/\/ilmoliulampar.is\/en_gb\/wp-json\/wp\/v2\/media\/38836"}],"wp:attachment":[{"href":"https:\/\/ilmoliulampar.is\/en_gb\/wp-json\/wp\/v2\/media?parent=51965"}],"wp:term":[{"taxonomy":"product_brand","embeddable":true,"href":"https:\/\/ilmoliulampar.is\/en_gb\/wp-json\/wp\/v2\/product_brand?post=51965"},{"taxonomy":"product_cat","embeddable":true,"href":"https:\/\/ilmoliulampar.is\/en_gb\/wp-json\/wp\/v2\/product_cat?post=51965"},{"taxonomy":"product_tag","embeddable":true,"href":"https:\/\/ilmoliulampar.is\/en_gb\/wp-json\/wp\/v2\/product_tag?post=51965"}],"curies":[{"name":"wp","href":"https:\/\/api.w.org\/{rel}","templated":true}]}}