{"id":51969,"date":"2013-11-15T14:49:56","date_gmt":"2013-11-15T14:49:56","guid":{"rendered":"https:\/\/new.ilmoliulampar.is\/product\/airways-pure\/"},"modified":"2026-03-14T15:23:18","modified_gmt":"2026-03-14T15:23:18","slug":"airways-pure","status":"publish","type":"product","link":"https:\/\/ilmoliulampar.is\/en_gb\/product\/airways-pure\/","title":{"rendered":"AIRWAYS PURE"},"content":{"rendered":"","protected":false},"excerpt":{"rendered":"<p>\u00deetta er ein besta astma ol\u00edan okkar, anda\u00f0u henni a\u00f0 \u00fe\u00e9r hvort sem er a\u00f0 degi til e\u00f0a<br \/>\nn\u00f3ttu, \u00f6ndunin ver\u00f0ur miklu l\u00e9ttari, k\u00f6llum \u00feessa hreinsunar ol\u00eduna okkar fyrir andardr\u00e1ttinn.<\/p>\n<p>\u00dea\u00f0 eru mj\u00f6g margir sem m\u00e6la me\u00f0 \u00feessari ol\u00edu, h\u00fan l\u00e9ttir l\u00edka yfirleitt miki\u00f0 \u00e1 h\u00f3sta, b\u00e6\u00f0i hj\u00e1 b\u00f6rnum og fullor\u00f0num.<\/p>","protected":false},"featured_media":38851,"comment_status":"closed","ping_status":"open","template":"","meta":[],"product_brand":[],"product_cat":[224,108],"product_tag":[],"class_list":{"0":"post-51969","1":"product","2":"type-product","3":"status-publish","4":"has-post-thumbnail","6":"product_cat-ilmkjarnaoliur-oliur","7":"product_cat-oliur","9":"first","10":"instock","11":"shipping-taxable","12":"purchasable","13":"product-type-simple"},"_links":{"self":[{"href":"https:\/\/ilmoliulampar.is\/en_gb\/wp-json\/wp\/v2\/product\/51969","targetHints":{"allow":["GET"]}}],"collection":[{"href":"https:\/\/ilmoliulampar.is\/en_gb\/wp-json\/wp\/v2\/product"}],"about":[{"href":"https:\/\/ilmoliulampar.is\/en_gb\/wp-json\/wp\/v2\/types\/product"}],"replies":[{"embeddable":true,"href":"https:\/\/ilmoliulampar.is\/en_gb\/wp-json\/wp\/v2\/comments?post=51969"}],"wp:featuredmedia":[{"embeddable":true,"href":"https:\/\/ilmoliulampar.is\/en_gb\/wp-json\/wp\/v2\/media\/38851"}],"wp:attachment":[{"href":"https:\/\/ilmoliulampar.is\/en_gb\/wp-json\/wp\/v2\/media?parent=51969"}],"wp:term":[{"taxonomy":"product_brand","embeddable":true,"href":"https:\/\/ilmoliulampar.is\/en_gb\/wp-json\/wp\/v2\/product_brand?post=51969"},{"taxonomy":"product_cat","embeddable":true,"href":"https:\/\/ilmoliulampar.is\/en_gb\/wp-json\/wp\/v2\/product_cat?post=51969"},{"taxonomy":"product_tag","embeddable":true,"href":"https:\/\/ilmoliulampar.is\/en_gb\/wp-json\/wp\/v2\/product_tag?post=51969"}],"curies":[{"name":"wp","href":"https:\/\/api.w.org\/{rel}","templated":true}]}}