{"id":51972,"date":"2014-01-13T08:43:51","date_gmt":"2014-01-13T08:43:51","guid":{"rendered":"https:\/\/new.ilmoliulampar.is\/product\/vanilla-lace-2\/"},"modified":"2026-01-26T14:42:24","modified_gmt":"2026-01-26T14:42:24","slug":"vanilla-lace-2","status":"publish","type":"product","link":"https:\/\/ilmoliulampar.is\/en_gb\/product\/vanilla-lace-2\/","title":{"rendered":"VANILLA LACE &#8211; VS"},"content":{"rendered":"","protected":false},"excerpt":{"rendered":"<p>Vanilla Lace ilmol\u00eda<\/p>\n<p>Victoria\u00b4s Secret upp\u00e1hald \u00ed \u00e1rara\u00f0ir. Meira a\u00f0 segja \u00feeir sem \u00feola ekki vanilluilm eru l\u00edklegir til a\u00f0 elska \u00feessa !! T\u00e6landi og d\u00e1lei\u00f0andi, einfaldlega magna\u00f0ur ilmur. Vanilla me\u00f0 leyndarm\u00e1l \u00ed grunninn\u2026..Vanilla og ork\u00eddeur me\u00f0 l\u00e9ttum Amber musk, vi\u00f0 l\u00e9tum framlei\u00f0a hannbeint fr\u00e1 VS ilminum svo \u00fe\u00fa getur veri\u00f0 viss um a\u00f0 hann er ekta<\/p>\n<p>&nbsp;<\/p>\n<p>(ATH um er a\u00f0 r\u00e6\u00f0a ilmol\u00edu me\u00f0 sama ilm og er af Vanilla Lace ilminum fr\u00e1 VS)<\/p>","protected":false},"featured_media":38868,"comment_status":"closed","ping_status":"closed","template":"","meta":[],"product_brand":[],"product_cat":[195,108],"product_tag":[],"class_list":{"0":"post-51972","1":"product","2":"type-product","3":"status-publish","4":"has-post-thumbnail","6":"product_cat-ilmoliur-oliur","7":"product_cat-oliur","9":"first","10":"instock","11":"shipping-taxable","12":"purchasable","13":"product-type-simple"},"_links":{"self":[{"href":"https:\/\/ilmoliulampar.is\/en_gb\/wp-json\/wp\/v2\/product\/51972","targetHints":{"allow":["GET"]}}],"collection":[{"href":"https:\/\/ilmoliulampar.is\/en_gb\/wp-json\/wp\/v2\/product"}],"about":[{"href":"https:\/\/ilmoliulampar.is\/en_gb\/wp-json\/wp\/v2\/types\/product"}],"replies":[{"embeddable":true,"href":"https:\/\/ilmoliulampar.is\/en_gb\/wp-json\/wp\/v2\/comments?post=51972"}],"wp:featuredmedia":[{"embeddable":true,"href":"https:\/\/ilmoliulampar.is\/en_gb\/wp-json\/wp\/v2\/media\/38868"}],"wp:attachment":[{"href":"https:\/\/ilmoliulampar.is\/en_gb\/wp-json\/wp\/v2\/media?parent=51972"}],"wp:term":[{"taxonomy":"product_brand","embeddable":true,"href":"https:\/\/ilmoliulampar.is\/en_gb\/wp-json\/wp\/v2\/product_brand?post=51972"},{"taxonomy":"product_cat","embeddable":true,"href":"https:\/\/ilmoliulampar.is\/en_gb\/wp-json\/wp\/v2\/product_cat?post=51972"},{"taxonomy":"product_tag","embeddable":true,"href":"https:\/\/ilmoliulampar.is\/en_gb\/wp-json\/wp\/v2\/product_tag?post=51972"}],"curies":[{"name":"wp","href":"https:\/\/api.w.org\/{rel}","templated":true}]}}