{"id":51977,"date":"2014-03-11T08:52:06","date_gmt":"2014-03-11T08:52:06","guid":{"rendered":"https:\/\/new.ilmoliulampar.is\/product\/clarity\/"},"modified":"2025-11-10T15:14:58","modified_gmt":"2025-11-10T15:14:58","slug":"clarity","status":"publish","type":"product","link":"https:\/\/ilmoliulampar.is\/en_gb\/product\/clarity\/","title":{"rendered":"Clarity &#8211; Made by Zen"},"content":{"rendered":"","protected":false},"excerpt":{"rendered":"<p>Minta, grape, engifer og mandar\u00edna.<br \/>\n\u00deessi blanda hefur \u00ed raun \u00f6rvandi \u00e1hrif, blanda sem stu\u00f0lar a\u00f0 andlegri skerpu og \u00e1rvekni.<br \/>\nFr\u00e1b\u00e6r \u00feegar \u00e1 \u00fearf a\u00f0 halda eins og undir pr\u00f3flestri.<\/p>\n<p>&nbsp;<\/p>","protected":false},"featured_media":66049,"comment_status":"closed","ping_status":"closed","template":"","meta":[],"product_brand":[],"product_cat":[224,108],"product_tag":[],"class_list":{"0":"post-51977","1":"product","2":"type-product","3":"status-publish","4":"has-post-thumbnail","6":"product_cat-ilmkjarnaoliur-oliur","7":"product_cat-oliur","9":"first","10":"instock","11":"shipping-taxable","12":"purchasable","13":"product-type-simple"},"_links":{"self":[{"href":"https:\/\/ilmoliulampar.is\/en_gb\/wp-json\/wp\/v2\/product\/51977","targetHints":{"allow":["GET"]}}],"collection":[{"href":"https:\/\/ilmoliulampar.is\/en_gb\/wp-json\/wp\/v2\/product"}],"about":[{"href":"https:\/\/ilmoliulampar.is\/en_gb\/wp-json\/wp\/v2\/types\/product"}],"replies":[{"embeddable":true,"href":"https:\/\/ilmoliulampar.is\/en_gb\/wp-json\/wp\/v2\/comments?post=51977"}],"wp:featuredmedia":[{"embeddable":true,"href":"https:\/\/ilmoliulampar.is\/en_gb\/wp-json\/wp\/v2\/media\/66049"}],"wp:attachment":[{"href":"https:\/\/ilmoliulampar.is\/en_gb\/wp-json\/wp\/v2\/media?parent=51977"}],"wp:term":[{"taxonomy":"product_brand","embeddable":true,"href":"https:\/\/ilmoliulampar.is\/en_gb\/wp-json\/wp\/v2\/product_brand?post=51977"},{"taxonomy":"product_cat","embeddable":true,"href":"https:\/\/ilmoliulampar.is\/en_gb\/wp-json\/wp\/v2\/product_cat?post=51977"},{"taxonomy":"product_tag","embeddable":true,"href":"https:\/\/ilmoliulampar.is\/en_gb\/wp-json\/wp\/v2\/product_tag?post=51977"}],"curies":[{"name":"wp","href":"https:\/\/api.w.org\/{rel}","templated":true}]}}