{"id":51981,"date":"2014-03-11T08:57:27","date_gmt":"2014-03-11T08:57:27","guid":{"rendered":"https:\/\/new.ilmoliulampar.is\/product\/love-2\/"},"modified":"2025-11-10T15:14:49","modified_gmt":"2025-11-10T15:14:49","slug":"love-2","status":"publish","type":"product","link":"https:\/\/ilmoliulampar.is\/en_gb\/product\/love-2\/","title":{"rendered":"Love &#8211; Made by Zen"},"content":{"rendered":"","protected":false},"excerpt":{"rendered":"<p>R\u00f3sir, ylang ylang, vanilla, sandalwood, pine og clove.<br \/>\nR\u00f3mant\u00edsk blanda af \u00feessum fr\u00e1b\u00e6ru ilmkjarnaol\u00edum.<br \/>\nSkapa\u00f0u r\u00f3mant\u00edskt umhverfi. mata\u00f0u \u00feig og a\u00f0ra af \u00e1st<\/p>","protected":false},"featured_media":66047,"comment_status":"closed","ping_status":"closed","template":"","meta":[],"product_brand":[],"product_cat":[224,108],"product_tag":[],"class_list":{"0":"post-51981","1":"product","2":"type-product","3":"status-publish","4":"has-post-thumbnail","6":"product_cat-ilmkjarnaoliur-oliur","7":"product_cat-oliur","9":"first","10":"instock","11":"shipping-taxable","12":"purchasable","13":"product-type-simple"},"_links":{"self":[{"href":"https:\/\/ilmoliulampar.is\/en_gb\/wp-json\/wp\/v2\/product\/51981","targetHints":{"allow":["GET"]}}],"collection":[{"href":"https:\/\/ilmoliulampar.is\/en_gb\/wp-json\/wp\/v2\/product"}],"about":[{"href":"https:\/\/ilmoliulampar.is\/en_gb\/wp-json\/wp\/v2\/types\/product"}],"replies":[{"embeddable":true,"href":"https:\/\/ilmoliulampar.is\/en_gb\/wp-json\/wp\/v2\/comments?post=51981"}],"wp:featuredmedia":[{"embeddable":true,"href":"https:\/\/ilmoliulampar.is\/en_gb\/wp-json\/wp\/v2\/media\/66047"}],"wp:attachment":[{"href":"https:\/\/ilmoliulampar.is\/en_gb\/wp-json\/wp\/v2\/media?parent=51981"}],"wp:term":[{"taxonomy":"product_brand","embeddable":true,"href":"https:\/\/ilmoliulampar.is\/en_gb\/wp-json\/wp\/v2\/product_brand?post=51981"},{"taxonomy":"product_cat","embeddable":true,"href":"https:\/\/ilmoliulampar.is\/en_gb\/wp-json\/wp\/v2\/product_cat?post=51981"},{"taxonomy":"product_tag","embeddable":true,"href":"https:\/\/ilmoliulampar.is\/en_gb\/wp-json\/wp\/v2\/product_tag?post=51981"}],"curies":[{"name":"wp","href":"https:\/\/api.w.org\/{rel}","templated":true}]}}