{"id":51988,"date":"2014-03-18T13:22:44","date_gmt":"2014-03-18T13:22:44","guid":{"rendered":"https:\/\/new.ilmoliulampar.is\/product\/berjabomba\/"},"modified":"2025-07-15T16:34:54","modified_gmt":"2025-07-15T16:34:54","slug":"berjabomba","status":"publish","type":"product","link":"https:\/\/ilmoliulampar.is\/en_gb\/product\/berjabomba\/","title":{"rendered":"BERJABOMBA"},"content":{"rendered":"","protected":false},"excerpt":{"rendered":"<p>Berjabomban er eins og nafni\u00f0 gefur til kynna, algj\u00f6r bomba af allskonar berjum.<br \/>\nS\u00e6tur og g\u00f3\u00f0ur ilmur. Rosalega sumarlegur.<\/p>","protected":false},"featured_media":38952,"comment_status":"closed","ping_status":"closed","template":"","meta":[],"product_brand":[],"product_cat":[195,108],"product_tag":[],"class_list":{"0":"post-51988","1":"product","2":"type-product","3":"status-publish","4":"has-post-thumbnail","6":"product_cat-ilmoliur-oliur","7":"product_cat-oliur","9":"first","10":"instock","11":"shipping-taxable","12":"purchasable","13":"product-type-simple"},"_links":{"self":[{"href":"https:\/\/ilmoliulampar.is\/en_gb\/wp-json\/wp\/v2\/product\/51988","targetHints":{"allow":["GET"]}}],"collection":[{"href":"https:\/\/ilmoliulampar.is\/en_gb\/wp-json\/wp\/v2\/product"}],"about":[{"href":"https:\/\/ilmoliulampar.is\/en_gb\/wp-json\/wp\/v2\/types\/product"}],"replies":[{"embeddable":true,"href":"https:\/\/ilmoliulampar.is\/en_gb\/wp-json\/wp\/v2\/comments?post=51988"}],"wp:featuredmedia":[{"embeddable":true,"href":"https:\/\/ilmoliulampar.is\/en_gb\/wp-json\/wp\/v2\/media\/38952"}],"wp:attachment":[{"href":"https:\/\/ilmoliulampar.is\/en_gb\/wp-json\/wp\/v2\/media?parent=51988"}],"wp:term":[{"taxonomy":"product_brand","embeddable":true,"href":"https:\/\/ilmoliulampar.is\/en_gb\/wp-json\/wp\/v2\/product_brand?post=51988"},{"taxonomy":"product_cat","embeddable":true,"href":"https:\/\/ilmoliulampar.is\/en_gb\/wp-json\/wp\/v2\/product_cat?post=51988"},{"taxonomy":"product_tag","embeddable":true,"href":"https:\/\/ilmoliulampar.is\/en_gb\/wp-json\/wp\/v2\/product_tag?post=51988"}],"curies":[{"name":"wp","href":"https:\/\/api.w.org\/{rel}","templated":true}]}}