{"id":51990,"date":"2014-07-31T23:07:49","date_gmt":"2014-07-31T23:07:49","guid":{"rendered":"https:\/\/new.ilmoliulampar.is\/product\/abercrombie-fitch\/"},"modified":"2025-10-30T17:04:44","modified_gmt":"2025-10-30T17:04:44","slug":"abercrombie-fitch","status":"publish","type":"product","link":"https:\/\/ilmoliulampar.is\/en_gb\/product\/abercrombie-fitch\/","title":{"rendered":"ABERCROMBIE &#038; FITCH"},"content":{"rendered":"<p>\u00deessi ilmur er engum l\u00edkur, \u00feennan \u00feekkja millj\u00f3nir manna um allan heim. \u00de\u00fa ver\u00f0ur bara a\u00f0 pr\u00f3fa hann, \u00fea\u00f0 er ekkert \u00f6\u00f0ruv\u00edsi.<\/p>\n<p>&nbsp;<\/p>","protected":false},"excerpt":{"rendered":"<p>\u00deessi er ein af okkar allra vins\u00e6lustu ilmol\u00edum&#8230;. Abercrombie &amp; Fitch &#8211; Fierce raksp\u00fdrinn sem hefur slegi\u00f0 svo r\u00e6kilega \u00ed gegn um allan heim.<\/p>\n<p>&nbsp;<\/p>\n<p>&nbsp;<\/p>\n<p>(Athugi\u00f0, um er a\u00f0 r\u00e6\u00f0a ilmol\u00edu me\u00f0 Abercrombie ilminum, ekki sj\u00e1lfan raksp\u00fdrann)<\/p>","protected":false},"featured_media":38964,"comment_status":"closed","ping_status":"closed","template":"","meta":[],"product_brand":[],"product_cat":[195,108],"product_tag":[],"class_list":{"0":"post-51990","1":"product","2":"type-product","3":"status-publish","4":"has-post-thumbnail","6":"product_cat-ilmoliur-oliur","7":"product_cat-oliur","9":"first","10":"instock","11":"shipping-taxable","12":"purchasable","13":"product-type-simple"},"_links":{"self":[{"href":"https:\/\/ilmoliulampar.is\/en_gb\/wp-json\/wp\/v2\/product\/51990","targetHints":{"allow":["GET"]}}],"collection":[{"href":"https:\/\/ilmoliulampar.is\/en_gb\/wp-json\/wp\/v2\/product"}],"about":[{"href":"https:\/\/ilmoliulampar.is\/en_gb\/wp-json\/wp\/v2\/types\/product"}],"replies":[{"embeddable":true,"href":"https:\/\/ilmoliulampar.is\/en_gb\/wp-json\/wp\/v2\/comments?post=51990"}],"wp:featuredmedia":[{"embeddable":true,"href":"https:\/\/ilmoliulampar.is\/en_gb\/wp-json\/wp\/v2\/media\/38964"}],"wp:attachment":[{"href":"https:\/\/ilmoliulampar.is\/en_gb\/wp-json\/wp\/v2\/media?parent=51990"}],"wp:term":[{"taxonomy":"product_brand","embeddable":true,"href":"https:\/\/ilmoliulampar.is\/en_gb\/wp-json\/wp\/v2\/product_brand?post=51990"},{"taxonomy":"product_cat","embeddable":true,"href":"https:\/\/ilmoliulampar.is\/en_gb\/wp-json\/wp\/v2\/product_cat?post=51990"},{"taxonomy":"product_tag","embeddable":true,"href":"https:\/\/ilmoliulampar.is\/en_gb\/wp-json\/wp\/v2\/product_tag?post=51990"}],"curies":[{"name":"wp","href":"https:\/\/api.w.org\/{rel}","templated":true}]}}