{"id":51991,"date":"2014-09-10T23:44:08","date_gmt":"2014-09-10T23:44:08","guid":{"rendered":"https:\/\/new.ilmoliulampar.is\/product\/aruba-coconut\/"},"modified":"2026-03-11T13:35:14","modified_gmt":"2026-03-11T13:35:14","slug":"aruba-coconut","status":"publish","type":"product","link":"https:\/\/ilmoliulampar.is\/en_gb\/product\/aruba-coconut\/","title":{"rendered":"ARUBA COCONUT &#8211; BBW"},"content":{"rendered":"","protected":false},"excerpt":{"rendered":"<p>Aruba Coconut <strong><em>ilmol\u00eda<\/em><\/strong>, fr\u00e1 Bath &amp; Bodyworks<\/p>\n<p>Safar\u00edkur mang\u00f3 og epli, blanda\u00f0 saman vi\u00f0 hv\u00edta Nectarine, \u00e1samt k\u00f3kos rj\u00f3ma, Tahitian vanillu, vanillu Orchid og dass af Sandalwood.<br \/>\nFar\u00f0u \u00ed fr\u00ed til Aruba me\u00f0 \u00feessari !<\/p>\n<p>&nbsp;<\/p>\n<p>&nbsp;<\/p>\n<p>&nbsp;<\/p>\n<p>&nbsp;<\/p>\n<p>(ATH, um er a\u00f0 r\u00e6\u00f0a ilmol\u00edu, myndin er notu\u00f0 til \u00feess a\u00f0 l\u00fdsa ilminum sem \u00e1tt er vi\u00f0)<\/p>","protected":false},"featured_media":38967,"comment_status":"closed","ping_status":"closed","template":"","meta":[],"product_brand":[],"product_cat":[195,108],"product_tag":[],"class_list":{"0":"post-51991","1":"product","2":"type-product","3":"status-publish","4":"has-post-thumbnail","6":"product_cat-ilmoliur-oliur","7":"product_cat-oliur","9":"first","10":"instock","11":"shipping-taxable","12":"purchasable","13":"product-type-simple"},"_links":{"self":[{"href":"https:\/\/ilmoliulampar.is\/en_gb\/wp-json\/wp\/v2\/product\/51991","targetHints":{"allow":["GET"]}}],"collection":[{"href":"https:\/\/ilmoliulampar.is\/en_gb\/wp-json\/wp\/v2\/product"}],"about":[{"href":"https:\/\/ilmoliulampar.is\/en_gb\/wp-json\/wp\/v2\/types\/product"}],"replies":[{"embeddable":true,"href":"https:\/\/ilmoliulampar.is\/en_gb\/wp-json\/wp\/v2\/comments?post=51991"}],"wp:featuredmedia":[{"embeddable":true,"href":"https:\/\/ilmoliulampar.is\/en_gb\/wp-json\/wp\/v2\/media\/38967"}],"wp:attachment":[{"href":"https:\/\/ilmoliulampar.is\/en_gb\/wp-json\/wp\/v2\/media?parent=51991"}],"wp:term":[{"taxonomy":"product_brand","embeddable":true,"href":"https:\/\/ilmoliulampar.is\/en_gb\/wp-json\/wp\/v2\/product_brand?post=51991"},{"taxonomy":"product_cat","embeddable":true,"href":"https:\/\/ilmoliulampar.is\/en_gb\/wp-json\/wp\/v2\/product_cat?post=51991"},{"taxonomy":"product_tag","embeddable":true,"href":"https:\/\/ilmoliulampar.is\/en_gb\/wp-json\/wp\/v2\/product_tag?post=51991"}],"curies":[{"name":"wp","href":"https:\/\/api.w.org\/{rel}","templated":true}]}}