{"id":51992,"date":"2014-09-11T00:13:07","date_gmt":"2014-09-11T00:13:07","guid":{"rendered":"https:\/\/new.ilmoliulampar.is\/product\/green-apple\/"},"modified":"2025-10-30T17:03:36","modified_gmt":"2025-10-30T17:03:36","slug":"green-apple","status":"publish","type":"product","link":"https:\/\/ilmoliulampar.is\/en_gb\/product\/green-apple\/","title":{"rendered":"GREEN APPLE"},"content":{"rendered":"","protected":false},"excerpt":{"rendered":"<p>Green Apple<\/p>\n<p>H\u00fan er \u00e6\u00f0isleg, ekta gr\u00e6n eplalykt.<\/p>\n<p>Fersk Brasil\u00edsk gr\u00e6n epli me\u00f0 dass af s\u00edtr\u00f3nu og bl\u00f6du\u00f0um berjum.<\/p>\n<p>&nbsp;<\/p>","protected":false},"featured_media":38972,"comment_status":"closed","ping_status":"closed","template":"","meta":[],"product_brand":[],"product_cat":[195,108],"product_tag":[],"class_list":{"0":"post-51992","1":"product","2":"type-product","3":"status-publish","4":"has-post-thumbnail","6":"product_cat-ilmoliur-oliur","7":"product_cat-oliur","9":"first","10":"instock","11":"shipping-taxable","12":"purchasable","13":"product-type-simple"},"_links":{"self":[{"href":"https:\/\/ilmoliulampar.is\/en_gb\/wp-json\/wp\/v2\/product\/51992","targetHints":{"allow":["GET"]}}],"collection":[{"href":"https:\/\/ilmoliulampar.is\/en_gb\/wp-json\/wp\/v2\/product"}],"about":[{"href":"https:\/\/ilmoliulampar.is\/en_gb\/wp-json\/wp\/v2\/types\/product"}],"replies":[{"embeddable":true,"href":"https:\/\/ilmoliulampar.is\/en_gb\/wp-json\/wp\/v2\/comments?post=51992"}],"wp:featuredmedia":[{"embeddable":true,"href":"https:\/\/ilmoliulampar.is\/en_gb\/wp-json\/wp\/v2\/media\/38972"}],"wp:attachment":[{"href":"https:\/\/ilmoliulampar.is\/en_gb\/wp-json\/wp\/v2\/media?parent=51992"}],"wp:term":[{"taxonomy":"product_brand","embeddable":true,"href":"https:\/\/ilmoliulampar.is\/en_gb\/wp-json\/wp\/v2\/product_brand?post=51992"},{"taxonomy":"product_cat","embeddable":true,"href":"https:\/\/ilmoliulampar.is\/en_gb\/wp-json\/wp\/v2\/product_cat?post=51992"},{"taxonomy":"product_tag","embeddable":true,"href":"https:\/\/ilmoliulampar.is\/en_gb\/wp-json\/wp\/v2\/product_tag?post=51992"}],"curies":[{"name":"wp","href":"https:\/\/api.w.org\/{rel}","templated":true}]}}