{"id":51993,"date":"2014-09-11T00:14:52","date_gmt":"2014-09-11T00:14:52","guid":{"rendered":"https:\/\/new.ilmoliulampar.is\/product\/mango-peach-salsa\/"},"modified":"2025-10-31T17:30:03","modified_gmt":"2025-10-31T17:30:03","slug":"mango-peach-salsa","status":"publish","type":"product","link":"https:\/\/ilmoliulampar.is\/en_gb\/product\/mango-peach-salsa\/","title":{"rendered":"MANGO PEACH SALSA"},"content":{"rendered":"","protected":false},"excerpt":{"rendered":"<p>Mango Peach Salsa<\/p>\n<p>H\u00fan er svo g\u00f3\u00f0, h\u00fan er svo s\u00e6t og samt svo fersk.<\/p>\n<p>Ferskur mang\u00f3, ferskjur og dass af citrus og k\u00f3r\u00edander.<\/p>\n<p>Hressandi, orkugefandi og hressandi !<\/p>","protected":false},"featured_media":38977,"comment_status":"closed","ping_status":"closed","template":"","meta":[],"product_brand":[],"product_cat":[195,108],"product_tag":[],"class_list":{"0":"post-51993","1":"product","2":"type-product","3":"status-publish","4":"has-post-thumbnail","6":"product_cat-ilmoliur-oliur","7":"product_cat-oliur","9":"first","10":"instock","11":"shipping-taxable","12":"purchasable","13":"product-type-simple"},"_links":{"self":[{"href":"https:\/\/ilmoliulampar.is\/en_gb\/wp-json\/wp\/v2\/product\/51993","targetHints":{"allow":["GET"]}}],"collection":[{"href":"https:\/\/ilmoliulampar.is\/en_gb\/wp-json\/wp\/v2\/product"}],"about":[{"href":"https:\/\/ilmoliulampar.is\/en_gb\/wp-json\/wp\/v2\/types\/product"}],"replies":[{"embeddable":true,"href":"https:\/\/ilmoliulampar.is\/en_gb\/wp-json\/wp\/v2\/comments?post=51993"}],"wp:featuredmedia":[{"embeddable":true,"href":"https:\/\/ilmoliulampar.is\/en_gb\/wp-json\/wp\/v2\/media\/38977"}],"wp:attachment":[{"href":"https:\/\/ilmoliulampar.is\/en_gb\/wp-json\/wp\/v2\/media?parent=51993"}],"wp:term":[{"taxonomy":"product_brand","embeddable":true,"href":"https:\/\/ilmoliulampar.is\/en_gb\/wp-json\/wp\/v2\/product_brand?post=51993"},{"taxonomy":"product_cat","embeddable":true,"href":"https:\/\/ilmoliulampar.is\/en_gb\/wp-json\/wp\/v2\/product_cat?post=51993"},{"taxonomy":"product_tag","embeddable":true,"href":"https:\/\/ilmoliulampar.is\/en_gb\/wp-json\/wp\/v2\/product_tag?post=51993"}],"curies":[{"name":"wp","href":"https:\/\/api.w.org\/{rel}","templated":true}]}}