{"id":51995,"date":"2014-10-22T23:42:44","date_gmt":"2014-10-22T23:42:44","guid":{"rendered":"https:\/\/new.ilmoliulampar.is\/product\/simmus-oil-flensu-olia\/"},"modified":"2026-03-14T15:13:53","modified_gmt":"2026-03-14T15:13:53","slug":"simmus-oil-flensu-olia","status":"publish","type":"product","link":"https:\/\/ilmoliulampar.is\/en_gb\/product\/simmus-oil-flensu-olia\/","title":{"rendered":"Ancient Wisdom &#8211; Simmus oil (Flensu ol\u00eda)"},"content":{"rendered":"","protected":false},"excerpt":{"rendered":"<p>\u00deessa ol\u00edu ver\u00f0a allir a\u00f0 eiga \u00ed ol\u00edu safninu s\u00ednu. H\u00fan virkar rosalega vel \u00e1 flensu og slappleika, \u00fe\u00e1 er best a\u00f0 nota hana yfir n\u00f3tt \u00ed ilmol\u00edulampanum. L\u00edka h\u00e6gt a\u00f0 hella henni \u00ed \u00fevottastykki og halda a\u00f0 vitunum, anda dj\u00fapt. Ilmkjarnaol\u00edu blanda\u00a0 sem inniheldur: orange, peppermint, tea tree, eucalyptus, camphor &amp; geranium.<\/p>\n<p>&nbsp;<\/p>\n<p>N\u00fdtt \u00fatlit, sama g\u00f3\u00f0a ol\u00edan!<\/p>\n<p>&nbsp;<\/p>","protected":false},"featured_media":38983,"comment_status":"closed","ping_status":"closed","template":"","meta":[],"product_brand":[],"product_cat":[224,108],"product_tag":[],"class_list":{"0":"post-51995","1":"product","2":"type-product","3":"status-publish","4":"has-post-thumbnail","6":"product_cat-ilmkjarnaoliur-oliur","7":"product_cat-oliur","9":"first","10":"instock","11":"shipping-taxable","12":"purchasable","13":"product-type-simple"},"_links":{"self":[{"href":"https:\/\/ilmoliulampar.is\/en_gb\/wp-json\/wp\/v2\/product\/51995","targetHints":{"allow":["GET"]}}],"collection":[{"href":"https:\/\/ilmoliulampar.is\/en_gb\/wp-json\/wp\/v2\/product"}],"about":[{"href":"https:\/\/ilmoliulampar.is\/en_gb\/wp-json\/wp\/v2\/types\/product"}],"replies":[{"embeddable":true,"href":"https:\/\/ilmoliulampar.is\/en_gb\/wp-json\/wp\/v2\/comments?post=51995"}],"wp:featuredmedia":[{"embeddable":true,"href":"https:\/\/ilmoliulampar.is\/en_gb\/wp-json\/wp\/v2\/media\/38983"}],"wp:attachment":[{"href":"https:\/\/ilmoliulampar.is\/en_gb\/wp-json\/wp\/v2\/media?parent=51995"}],"wp:term":[{"taxonomy":"product_brand","embeddable":true,"href":"https:\/\/ilmoliulampar.is\/en_gb\/wp-json\/wp\/v2\/product_brand?post=51995"},{"taxonomy":"product_cat","embeddable":true,"href":"https:\/\/ilmoliulampar.is\/en_gb\/wp-json\/wp\/v2\/product_cat?post=51995"},{"taxonomy":"product_tag","embeddable":true,"href":"https:\/\/ilmoliulampar.is\/en_gb\/wp-json\/wp\/v2\/product_tag?post=51995"}],"curies":[{"name":"wp","href":"https:\/\/api.w.org\/{rel}","templated":true}]}}