{"id":51997,"date":"2014-11-11T21:32:30","date_gmt":"2014-11-11T21:32:30","guid":{"rendered":"https:\/\/new.ilmoliulampar.is\/product\/skye\/"},"modified":"2026-01-29T17:53:23","modified_gmt":"2026-01-29T17:53:23","slug":"skye","status":"publish","type":"product","link":"https:\/\/ilmoliulampar.is\/en_gb\/product\/skye\/","title":{"rendered":"SKYE &#8211; ilmol\u00edulampi"},"content":{"rendered":"","protected":false},"excerpt":{"rendered":"<p>\u00cd Skye er notast vi\u00f0 n\u00fat\u00edma t\u00e6kni til a\u00f0 brj\u00f3ta kranavatn og ilm e\u00f0a ilmol\u00edu ni\u00f0ur \u00ed sm\u00e1ar agnir sem s\u00ed\u00f0an er \u00fa\u00f0a\u00f0 \u00fat \u00ed andr\u00famslofti\u00f0; l\u00edtill brunnur af ilmandi \u00fa\u00f0a.<br \/>\nB\u00e6ttu andr\u00famslofti\u00f0 \u00ed umhverfinu \u00fe\u00ednu me\u00f0 litu\u00f0um lj\u00f3sum Skye, en LED lj\u00f3sin nota litla orku. \u00deau breytast h\u00e6gt gegnum heilan regnboga af lj\u00fafum og mildum litum. \u00de\u00fa getur einnig vali\u00f0 \u00feinn upp\u00e1halds lit \u00ed takt vi\u00f0 skapi\u00f0 \u00fe\u00e1 og \u00feegar.<br \/>\nN\u00e6turstilling gerir \u00fe\u00e9r kleift a\u00f0 sl\u00f6kkva \u00e1 lj\u00f3sunum og \u00feannig er Skye hinn fullkomni f\u00e9lagi \u00e1 n\u00f3ttunni.\u00a0 Skye tekur 100 ml af vatni, \u00fe\u00fa getur nota\u00f0 hann \u00ed 7- 8 klukkut\u00edma \u00e1n \u00feess a\u00f0 \u00feurfa a\u00f0 fylla af vatni (og ol\u00edu). Skye er l\u00edka j\u00f3nut\u00e6ki.<\/p>\n<p>St\u00e6r\u00f0: Umm\u00e1l 18,8 cm x 13,0 cm \u00e1 h\u00e6\u00f0.<\/p>\n<p>&nbsp;<\/p>","protected":false},"featured_media":38997,"comment_status":"closed","ping_status":"closed","template":"","meta":[],"product_brand":[],"product_cat":[182,107],"product_tag":[],"class_list":{"0":"post-51997","1":"product","2":"type-product","3":"status-publish","4":"has-post-thumbnail","6":"product_cat-ilmoliulampar","7":"product_cat-lampar","9":"first","10":"instock","11":"shipping-taxable","12":"purchasable","13":"product-type-simple"},"_links":{"self":[{"href":"https:\/\/ilmoliulampar.is\/en_gb\/wp-json\/wp\/v2\/product\/51997","targetHints":{"allow":["GET"]}}],"collection":[{"href":"https:\/\/ilmoliulampar.is\/en_gb\/wp-json\/wp\/v2\/product"}],"about":[{"href":"https:\/\/ilmoliulampar.is\/en_gb\/wp-json\/wp\/v2\/types\/product"}],"replies":[{"embeddable":true,"href":"https:\/\/ilmoliulampar.is\/en_gb\/wp-json\/wp\/v2\/comments?post=51997"}],"wp:featuredmedia":[{"embeddable":true,"href":"https:\/\/ilmoliulampar.is\/en_gb\/wp-json\/wp\/v2\/media\/38997"}],"wp:attachment":[{"href":"https:\/\/ilmoliulampar.is\/en_gb\/wp-json\/wp\/v2\/media?parent=51997"}],"wp:term":[{"taxonomy":"product_brand","embeddable":true,"href":"https:\/\/ilmoliulampar.is\/en_gb\/wp-json\/wp\/v2\/product_brand?post=51997"},{"taxonomy":"product_cat","embeddable":true,"href":"https:\/\/ilmoliulampar.is\/en_gb\/wp-json\/wp\/v2\/product_cat?post=51997"},{"taxonomy":"product_tag","embeddable":true,"href":"https:\/\/ilmoliulampar.is\/en_gb\/wp-json\/wp\/v2\/product_tag?post=51997"}],"curies":[{"name":"wp","href":"https:\/\/api.w.org\/{rel}","templated":true}]}}