{"id":52019,"date":"2015-06-10T00:24:23","date_gmt":"2015-06-10T00:24:23","guid":{"rendered":"https:\/\/new.ilmoliulampar.is\/product\/happy\/"},"modified":"2025-11-10T15:14:43","modified_gmt":"2025-11-10T15:14:43","slug":"happy","status":"publish","type":"product","link":"https:\/\/ilmoliulampar.is\/en_gb\/product\/happy\/","title":{"rendered":"Happy &#8211; Made by Zen"},"content":{"rendered":"","protected":false},"excerpt":{"rendered":"<p>Hl\u00fd, bj\u00f6rt og \u00e1n\u00e6gjuleg blanda sem er tilvalin fyrir h\u00e1t\u00ed\u00f0legar stundir.<\/p>\n<p>Innihald:\u00a0Orange, Cinnamon &amp; Rosewood.<\/p>","protected":false},"featured_media":39096,"comment_status":"closed","ping_status":"closed","template":"","meta":[],"product_brand":[],"product_cat":[224,108],"product_tag":[],"class_list":{"0":"post-52019","1":"product","2":"type-product","3":"status-publish","4":"has-post-thumbnail","6":"product_cat-ilmkjarnaoliur-oliur","7":"product_cat-oliur","9":"first","10":"instock","11":"shipping-taxable","12":"purchasable","13":"product-type-simple"},"_links":{"self":[{"href":"https:\/\/ilmoliulampar.is\/en_gb\/wp-json\/wp\/v2\/product\/52019","targetHints":{"allow":["GET"]}}],"collection":[{"href":"https:\/\/ilmoliulampar.is\/en_gb\/wp-json\/wp\/v2\/product"}],"about":[{"href":"https:\/\/ilmoliulampar.is\/en_gb\/wp-json\/wp\/v2\/types\/product"}],"replies":[{"embeddable":true,"href":"https:\/\/ilmoliulampar.is\/en_gb\/wp-json\/wp\/v2\/comments?post=52019"}],"wp:featuredmedia":[{"embeddable":true,"href":"https:\/\/ilmoliulampar.is\/en_gb\/wp-json\/wp\/v2\/media\/39096"}],"wp:attachment":[{"href":"https:\/\/ilmoliulampar.is\/en_gb\/wp-json\/wp\/v2\/media?parent=52019"}],"wp:term":[{"taxonomy":"product_brand","embeddable":true,"href":"https:\/\/ilmoliulampar.is\/en_gb\/wp-json\/wp\/v2\/product_brand?post=52019"},{"taxonomy":"product_cat","embeddable":true,"href":"https:\/\/ilmoliulampar.is\/en_gb\/wp-json\/wp\/v2\/product_cat?post=52019"},{"taxonomy":"product_tag","embeddable":true,"href":"https:\/\/ilmoliulampar.is\/en_gb\/wp-json\/wp\/v2\/product_tag?post=52019"}],"curies":[{"name":"wp","href":"https:\/\/api.w.org\/{rel}","templated":true}]}}