{"id":52021,"date":"2015-06-10T00:30:50","date_gmt":"2015-06-10T00:30:50","guid":{"rendered":"https:\/\/new.ilmoliulampar.is\/product\/unwind\/"},"modified":"2025-11-10T15:14:34","modified_gmt":"2025-11-10T15:14:34","slug":"unwind","status":"publish","type":"product","link":"https:\/\/ilmoliulampar.is\/en_gb\/product\/unwind\/","title":{"rendered":"Unwind &#8211; Made by Zen"},"content":{"rendered":"","protected":false},"excerpt":{"rendered":"<p><strong>\u2013<\/strong> R\u00f3andi og slakandi blanda sem hj\u00e1lpar til vi\u00f0 a\u00f0 losa um streitu.\u00a0Bara eins og nafni\u00f0 segir til um, vindur ofan af \u00fe\u00e9r \u00fereytuna eftir daginn, fullkominn ilmur til dekurs.<\/p>\n<p>Innihald:\u00a0Lavender, Ylang Ylang, Rosewood &amp; Jasmine.<\/p>","protected":false},"featured_media":39104,"comment_status":"closed","ping_status":"closed","template":"","meta":[],"product_brand":[],"product_cat":[224,108],"product_tag":[],"class_list":{"0":"post-52021","1":"product","2":"type-product","3":"status-publish","4":"has-post-thumbnail","6":"product_cat-ilmkjarnaoliur-oliur","7":"product_cat-oliur","9":"first","10":"instock","11":"shipping-taxable","12":"purchasable","13":"product-type-simple"},"_links":{"self":[{"href":"https:\/\/ilmoliulampar.is\/en_gb\/wp-json\/wp\/v2\/product\/52021","targetHints":{"allow":["GET"]}}],"collection":[{"href":"https:\/\/ilmoliulampar.is\/en_gb\/wp-json\/wp\/v2\/product"}],"about":[{"href":"https:\/\/ilmoliulampar.is\/en_gb\/wp-json\/wp\/v2\/types\/product"}],"replies":[{"embeddable":true,"href":"https:\/\/ilmoliulampar.is\/en_gb\/wp-json\/wp\/v2\/comments?post=52021"}],"wp:featuredmedia":[{"embeddable":true,"href":"https:\/\/ilmoliulampar.is\/en_gb\/wp-json\/wp\/v2\/media\/39104"}],"wp:attachment":[{"href":"https:\/\/ilmoliulampar.is\/en_gb\/wp-json\/wp\/v2\/media?parent=52021"}],"wp:term":[{"taxonomy":"product_brand","embeddable":true,"href":"https:\/\/ilmoliulampar.is\/en_gb\/wp-json\/wp\/v2\/product_brand?post=52021"},{"taxonomy":"product_cat","embeddable":true,"href":"https:\/\/ilmoliulampar.is\/en_gb\/wp-json\/wp\/v2\/product_cat?post=52021"},{"taxonomy":"product_tag","embeddable":true,"href":"https:\/\/ilmoliulampar.is\/en_gb\/wp-json\/wp\/v2\/product_tag?post=52021"}],"curies":[{"name":"wp","href":"https:\/\/api.w.org\/{rel}","templated":true}]}}