{"id":52022,"date":"2015-06-10T00:34:14","date_gmt":"2015-06-10T00:34:14","guid":{"rendered":"https:\/\/new.ilmoliulampar.is\/product\/relax\/"},"modified":"2025-11-10T15:14:28","modified_gmt":"2025-11-10T15:14:28","slug":"relax","status":"publish","type":"product","link":"https:\/\/ilmoliulampar.is\/en_gb\/product\/relax\/","title":{"rendered":"Relax &#8211; Made by Zen"},"content":{"rendered":"","protected":false},"excerpt":{"rendered":"<p><strong>\u2013<\/strong> Freistandi og r\u00f3andi ilmur. \u00deessi blanda er b\u00e6\u00f0i l\u00e9tt og fersk eins og vori\u00f0.<\/p>\n<p>Innihald:\u00a0Sweet Anise, Lavender, Vetiver, Amber and Spice.<\/p>","protected":false},"featured_media":39109,"comment_status":"closed","ping_status":"closed","template":"","meta":[],"product_brand":[],"product_cat":[224,108],"product_tag":[],"class_list":{"0":"post-52022","1":"product","2":"type-product","3":"status-publish","4":"has-post-thumbnail","6":"product_cat-ilmkjarnaoliur-oliur","7":"product_cat-oliur","9":"first","10":"instock","11":"shipping-taxable","12":"purchasable","13":"product-type-simple"},"_links":{"self":[{"href":"https:\/\/ilmoliulampar.is\/en_gb\/wp-json\/wp\/v2\/product\/52022","targetHints":{"allow":["GET"]}}],"collection":[{"href":"https:\/\/ilmoliulampar.is\/en_gb\/wp-json\/wp\/v2\/product"}],"about":[{"href":"https:\/\/ilmoliulampar.is\/en_gb\/wp-json\/wp\/v2\/types\/product"}],"replies":[{"embeddable":true,"href":"https:\/\/ilmoliulampar.is\/en_gb\/wp-json\/wp\/v2\/comments?post=52022"}],"wp:featuredmedia":[{"embeddable":true,"href":"https:\/\/ilmoliulampar.is\/en_gb\/wp-json\/wp\/v2\/media\/39109"}],"wp:attachment":[{"href":"https:\/\/ilmoliulampar.is\/en_gb\/wp-json\/wp\/v2\/media?parent=52022"}],"wp:term":[{"taxonomy":"product_brand","embeddable":true,"href":"https:\/\/ilmoliulampar.is\/en_gb\/wp-json\/wp\/v2\/product_brand?post=52022"},{"taxonomy":"product_cat","embeddable":true,"href":"https:\/\/ilmoliulampar.is\/en_gb\/wp-json\/wp\/v2\/product_cat?post=52022"},{"taxonomy":"product_tag","embeddable":true,"href":"https:\/\/ilmoliulampar.is\/en_gb\/wp-json\/wp\/v2\/product_tag?post=52022"}],"curies":[{"name":"wp","href":"https:\/\/api.w.org\/{rel}","templated":true}]}}