{"id":52023,"date":"2025-07-09T20:50:05","date_gmt":"2025-07-09T20:50:05","guid":{"rendered":"https:\/\/new.ilmoliulampar.is\/product\/athena-grar\/"},"modified":"2026-04-07T15:54:29","modified_gmt":"2026-04-07T15:54:29","slug":"athena-grar","status":"publish","type":"product","link":"https:\/\/ilmoliulampar.is\/en_gb\/product\/athena-grar\/","title":{"rendered":"ATHENA &#8211; ilmol\u00edulampi"},"content":{"rendered":"","protected":false},"excerpt":{"rendered":"<p>Athena Ultrasonic ilm\u00fa\u00f0inn er fallega hanna\u00f0ur me\u00f0 gl\u00e6silega \u00fatskornum gler k\u00fapli.<\/p>\n<p>Hann fer fullkomlega vel \u00e1 bor\u00f0i e\u00f0a hillu \u00ed svefnherberginu, Athena ilm\u00fa\u00f0inn l\u00fdsir mj\u00faku lj\u00f3si me\u00f0 hagkv\u00e6mum LED perum sem hj\u00e1lpar \u00fe\u00e9r a\u00f0 slaka \u00e1 me\u00f0an \u00fe\u00fa undirb\u00fdr\u00f0 \u00feig fyrir \u00feetta einstaka kv\u00f6ld. Hann m\u00e1 nota me\u00f0 s\u00f6mu virkni \u00e1n lj\u00f3ssins og hann umvefur \u00feig ilmi. \u00deessi gl\u00e6silegi ilm\u00fa\u00f0i gerir svefnherbergi\u00f0 \u00feitt a\u00f0 d\u00fdru spa me\u00f0an hann veitir mj\u00fakum ilmi a\u00f0 eigin vali og gefur fr\u00e1 s\u00e9r lj\u00f3s sem framkallar skuggamynstur \u00ed herberginu.<\/p>\n<p>Athena ilm\u00fa\u00f0inn sameinar ultrasonic t\u00e6kni og n\u00fdt\u00edsku h\u00f6nnun. Hann f\u00e6rir \u00fe\u00e9r glam\u00far og glimmer \u00ed hva\u00f0a herbergi sem er og \u00e1 sama t\u00edma gefur \u00fe\u00e9r \u00feessa almennu vell\u00ed\u00f0unartilfinningu og una\u00f0 \u00e1n h\u00e6ttunnar \u00e1 opnum eldi e\u00f0a ska\u00f0legum reyk.<\/p>\n<p>Me\u00f0 \u00fev\u00ed a\u00f0 setja kranavatn og nokkra dropa af upp\u00e1halds ilmol\u00edunni \u00feinni \u00ed \u00fa\u00f0ann, mun hann, me\u00f0 \u00fev\u00ed a\u00f0 \u00fdta \u00e1 takka, um lei\u00f0 veita hitalausum og fullkomlega \u00f6ruggu f\u00ednu misti af ilmandi gufu \u00fat \u00ed andr\u00famslofti\u00f0. \u00deetta er talin vera besta lei\u00f0in til a\u00f0 veita hva\u00f0a ilmi sem er \u00fat \u00ed andr\u00famslofti\u00f0, \u00fear sem a\u00f0 \u00e1n beins hita, er komi\u00f0 \u00ed veg fyrir a\u00f0 ol\u00edurnar skemmist. A\u00f0 auki, ef \u00fe\u00fa k\u00fdst a\u00f0 nota ekki ilmol\u00edur, getur samt sem \u00e1\u00f0ur noti\u00f0 g\u00f3\u00f0s af rakagefandi \u00fa\u00f0anum, sem er tilvalinn til a\u00f0 berjast gegn \u00feurrkinum sem loftr\u00e6stikerfi n\u00fat\u00edmans valda, sem og upphitun \u00ed h\u00edb\u00fdlum.<\/p>\n<p>Athena slekkur \u00e1 s\u00e9r sj\u00e1lfur \u00feegar vatni\u00f0 fer ni\u00f0ur fyrir \u00e1kve\u00f0in m\u00f6rk, sem gerir hann fullkomlega \u00f6ruggan og tilvalinn til notkunar \u00fear sem eru b\u00f6rn e\u00f0a g\u00e6lud\u00fdr.<\/p>\n<p>Ilm\u00fa\u00f0i.<br \/>\nSvefnstilling sem leyfir \u00fe\u00e9r a\u00f0 nota hann \u00e1n lj\u00f3ss, tilvali\u00f0 \u00e1 n\u00f3ttunni.<br \/>\nL\u00edti\u00f0 rakat\u00e6ki.<br \/>\nSj\u00e1lfvirkur sl\u00f6kkvari \u2013auki\u00f0 \u00f6ryggi.<br \/>\nHreinsun \u00e1 lofti<br \/>\nJ\u00f3nat\u00e6ki<br \/>\nSt\u00e6r\u00f0: 10.65 x 10.65 x 17,8 cm<\/p>\n<p>Er \u00ed gangi \u00ed 5 klst \u00e1\u00f0ur en hann slekkur sj\u00e1lfur<\/p>\n<p>Tekur 100 ml af vatni<\/p>","protected":false},"featured_media":39114,"comment_status":"closed","ping_status":"closed","template":"","meta":[],"product_brand":[],"product_cat":[182,230,107],"product_tag":[],"class_list":{"0":"post-52023","1":"product","2":"type-product","3":"status-publish","4":"has-post-thumbnail","6":"product_cat-ilmoliulampar","7":"product_cat-laekkadverd","8":"product_cat-lampar","10":"first","11":"instock","12":"shipping-taxable","13":"purchasable","14":"product-type-simple"},"_links":{"self":[{"href":"https:\/\/ilmoliulampar.is\/en_gb\/wp-json\/wp\/v2\/product\/52023","targetHints":{"allow":["GET"]}}],"collection":[{"href":"https:\/\/ilmoliulampar.is\/en_gb\/wp-json\/wp\/v2\/product"}],"about":[{"href":"https:\/\/ilmoliulampar.is\/en_gb\/wp-json\/wp\/v2\/types\/product"}],"replies":[{"embeddable":true,"href":"https:\/\/ilmoliulampar.is\/en_gb\/wp-json\/wp\/v2\/comments?post=52023"}],"wp:featuredmedia":[{"embeddable":true,"href":"https:\/\/ilmoliulampar.is\/en_gb\/wp-json\/wp\/v2\/media\/39114"}],"wp:attachment":[{"href":"https:\/\/ilmoliulampar.is\/en_gb\/wp-json\/wp\/v2\/media?parent=52023"}],"wp:term":[{"taxonomy":"product_brand","embeddable":true,"href":"https:\/\/ilmoliulampar.is\/en_gb\/wp-json\/wp\/v2\/product_brand?post=52023"},{"taxonomy":"product_cat","embeddable":true,"href":"https:\/\/ilmoliulampar.is\/en_gb\/wp-json\/wp\/v2\/product_cat?post=52023"},{"taxonomy":"product_tag","embeddable":true,"href":"https:\/\/ilmoliulampar.is\/en_gb\/wp-json\/wp\/v2\/product_tag?post=52023"}],"curies":[{"name":"wp","href":"https:\/\/api.w.org\/{rel}","templated":true}]}}