{"id":52031,"date":"2015-09-10T09:25:11","date_gmt":"2015-09-10T09:25:11","guid":{"rendered":"https:\/\/new.ilmoliulampar.is\/product\/blissful-blackberry-2\/"},"modified":"2025-11-10T15:41:18","modified_gmt":"2025-11-10T15:41:18","slug":"blissful-blackberry-2","status":"publish","type":"product","link":"https:\/\/ilmoliulampar.is\/en_gb\/product\/blissful-blackberry-2\/","title":{"rendered":"BLISSFUL BLACKBERRY &#8211; BBW"},"content":{"rendered":"","protected":false},"excerpt":{"rendered":"<p>Rosalega g\u00f3\u00f0ur ilmur fr\u00e1\u00a0Bath and Body Works, s\u00e6t berjablanda sem er samt svo mj\u00fak og g\u00f3\u00f0. Pr\u00f3fa\u00f0u \u00feessa&#8230;&#8230;.<\/p>\n<p>&nbsp;<\/p>","protected":false},"featured_media":39181,"comment_status":"closed","ping_status":"closed","template":"","meta":[],"product_brand":[],"product_cat":[195,108],"product_tag":[],"class_list":{"0":"post-52031","1":"product","2":"type-product","3":"status-publish","4":"has-post-thumbnail","6":"product_cat-ilmoliur-oliur","7":"product_cat-oliur","9":"first","10":"instock","11":"shipping-taxable","12":"purchasable","13":"product-type-simple"},"_links":{"self":[{"href":"https:\/\/ilmoliulampar.is\/en_gb\/wp-json\/wp\/v2\/product\/52031","targetHints":{"allow":["GET"]}}],"collection":[{"href":"https:\/\/ilmoliulampar.is\/en_gb\/wp-json\/wp\/v2\/product"}],"about":[{"href":"https:\/\/ilmoliulampar.is\/en_gb\/wp-json\/wp\/v2\/types\/product"}],"replies":[{"embeddable":true,"href":"https:\/\/ilmoliulampar.is\/en_gb\/wp-json\/wp\/v2\/comments?post=52031"}],"wp:featuredmedia":[{"embeddable":true,"href":"https:\/\/ilmoliulampar.is\/en_gb\/wp-json\/wp\/v2\/media\/39181"}],"wp:attachment":[{"href":"https:\/\/ilmoliulampar.is\/en_gb\/wp-json\/wp\/v2\/media?parent=52031"}],"wp:term":[{"taxonomy":"product_brand","embeddable":true,"href":"https:\/\/ilmoliulampar.is\/en_gb\/wp-json\/wp\/v2\/product_brand?post=52031"},{"taxonomy":"product_cat","embeddable":true,"href":"https:\/\/ilmoliulampar.is\/en_gb\/wp-json\/wp\/v2\/product_cat?post=52031"},{"taxonomy":"product_tag","embeddable":true,"href":"https:\/\/ilmoliulampar.is\/en_gb\/wp-json\/wp\/v2\/product_tag?post=52031"}],"curies":[{"name":"wp","href":"https:\/\/api.w.org\/{rel}","templated":true}]}}