{"id":52041,"date":"2015-09-16T22:49:42","date_gmt":"2015-09-16T22:49:42","guid":{"rendered":"https:\/\/new.ilmoliulampar.is\/product\/square-raudur-2\/"},"modified":"2024-09-17T17:05:54","modified_gmt":"2024-09-17T17:05:54","slug":"square-raudur-2","status":"publish","type":"product","link":"https:\/\/ilmoliulampar.is\/en_gb\/product\/square-raudur-2\/","title":{"rendered":"Square &#8211; Rau\u00f0ur"},"content":{"rendered":"","protected":false},"excerpt":{"rendered":"<p>Square er svaka smart pottur hvort sem \u00feig langar a\u00f0 hafa hann inni e\u00f0a \u00fati.<\/p>\n<p>Hann kemur \u00ed tveimur st\u00e6r\u00f0um, \u00feessi er 50 cm \u00e1 h\u00e6\u00f0 og 40 cm \u00e1 breidd.<\/p>","protected":false},"featured_media":39246,"comment_status":"closed","ping_status":"open","template":"","meta":[],"product_brand":[],"product_cat":[119],"product_tag":[],"class_list":{"0":"post-52041","1":"product","2":"type-product","3":"status-publish","4":"has-post-thumbnail","6":"product_cat-bloom-blomapottar","8":"first","9":"instock","10":"shipping-taxable","11":"purchasable","12":"product-type-simple"},"_links":{"self":[{"href":"https:\/\/ilmoliulampar.is\/en_gb\/wp-json\/wp\/v2\/product\/52041","targetHints":{"allow":["GET"]}}],"collection":[{"href":"https:\/\/ilmoliulampar.is\/en_gb\/wp-json\/wp\/v2\/product"}],"about":[{"href":"https:\/\/ilmoliulampar.is\/en_gb\/wp-json\/wp\/v2\/types\/product"}],"replies":[{"embeddable":true,"href":"https:\/\/ilmoliulampar.is\/en_gb\/wp-json\/wp\/v2\/comments?post=52041"}],"wp:featuredmedia":[{"embeddable":true,"href":"https:\/\/ilmoliulampar.is\/en_gb\/wp-json\/wp\/v2\/media\/39246"}],"wp:attachment":[{"href":"https:\/\/ilmoliulampar.is\/en_gb\/wp-json\/wp\/v2\/media?parent=52041"}],"wp:term":[{"taxonomy":"product_brand","embeddable":true,"href":"https:\/\/ilmoliulampar.is\/en_gb\/wp-json\/wp\/v2\/product_brand?post=52041"},{"taxonomy":"product_cat","embeddable":true,"href":"https:\/\/ilmoliulampar.is\/en_gb\/wp-json\/wp\/v2\/product_cat?post=52041"},{"taxonomy":"product_tag","embeddable":true,"href":"https:\/\/ilmoliulampar.is\/en_gb\/wp-json\/wp\/v2\/product_tag?post=52041"}],"curies":[{"name":"wp","href":"https:\/\/api.w.org\/{rel}","templated":true}]}}