{"id":52044,"date":"2015-09-16T23:09:22","date_gmt":"2015-09-16T23:09:22","guid":{"rendered":"https:\/\/new.ilmoliulampar.is\/product\/bulb-hvitur\/"},"modified":"2023-03-24T00:07:19","modified_gmt":"2023-03-24T00:07:19","slug":"bulb-hvitur","status":"publish","type":"product","link":"https:\/\/ilmoliulampar.is\/en_gb\/product\/bulb-hvitur\/","title":{"rendered":"Bulb &#8211; Hv\u00edtur Uppseldur"},"content":{"rendered":"","protected":false},"excerpt":{"rendered":"<p>Bulb er svakalega smart &#8211; h\u00f6nnunin er einst\u00f6k. Hann er b\u00e6\u00f0i flottur \u00fati og inni l\u00edka. \u00cd honum eru 2 sparperur sem gefa mj\u00f6g flotta l\u00fdsingu. \u00dea\u00f0 er l\u00edka fallegt a\u00f0 setja \u00ed hann perur sem skipta litum, \u00fe\u00e1 getur\u00f0u r\u00e1\u00f0i\u00f0 hvernig lit hann hefur \u00ed dag, allt eftir skapi. L\u00edka h\u00e6gt a\u00f0 stilla peruna \u00feannig a\u00f0 hann skipti litum h\u00e6gt og r\u00f3lega. \u00dea\u00f0 er dimmer \u00e1 \u00feessum perum. F\u00e6r\u00f0 perurnar undir A\u00d0RAR V\u00d6RUR \u00e1 s\u00ed\u00f0unni. \u00a0\u00a0Pottarnir \u00feola mj\u00f6g vel \u00edslenska ve\u00f0r\u00e1ttu, snj\u00f3, rok, rigningu og frost.<\/p>\n<p>St\u00e6r\u00f0: H\u00e6\u00f0 70 cm &#8211; breidd \u00fear sem hann er brei\u00f0astur er 58 cm\/ m\u00e1l \u00e1 gati a\u00f0 ofan 28 cm<\/p>","protected":false},"featured_media":39255,"comment_status":"closed","ping_status":"open","template":"","meta":[],"product_brand":[],"product_cat":[119],"product_tag":[],"class_list":{"0":"post-52044","1":"product","2":"type-product","3":"status-publish","4":"has-post-thumbnail","6":"product_cat-bloom-blomapottar","8":"first","9":"outofstock","10":"shipping-taxable","11":"purchasable","12":"product-type-simple"},"_links":{"self":[{"href":"https:\/\/ilmoliulampar.is\/en_gb\/wp-json\/wp\/v2\/product\/52044","targetHints":{"allow":["GET"]}}],"collection":[{"href":"https:\/\/ilmoliulampar.is\/en_gb\/wp-json\/wp\/v2\/product"}],"about":[{"href":"https:\/\/ilmoliulampar.is\/en_gb\/wp-json\/wp\/v2\/types\/product"}],"replies":[{"embeddable":true,"href":"https:\/\/ilmoliulampar.is\/en_gb\/wp-json\/wp\/v2\/comments?post=52044"}],"wp:featuredmedia":[{"embeddable":true,"href":"https:\/\/ilmoliulampar.is\/en_gb\/wp-json\/wp\/v2\/media\/39255"}],"wp:attachment":[{"href":"https:\/\/ilmoliulampar.is\/en_gb\/wp-json\/wp\/v2\/media?parent=52044"}],"wp:term":[{"taxonomy":"product_brand","embeddable":true,"href":"https:\/\/ilmoliulampar.is\/en_gb\/wp-json\/wp\/v2\/product_brand?post=52044"},{"taxonomy":"product_cat","embeddable":true,"href":"https:\/\/ilmoliulampar.is\/en_gb\/wp-json\/wp\/v2\/product_cat?post=52044"},{"taxonomy":"product_tag","embeddable":true,"href":"https:\/\/ilmoliulampar.is\/en_gb\/wp-json\/wp\/v2\/product_tag?post=52044"}],"curies":[{"name":"wp","href":"https:\/\/api.w.org\/{rel}","templated":true}]}}