{"id":52053,"date":"2015-09-16T23:57:37","date_gmt":"2015-09-16T23:57:37","guid":{"rendered":"https:\/\/new.ilmoliulampar.is\/product\/pot-hvitur-4\/"},"modified":"2024-09-17T16:52:46","modified_gmt":"2024-09-17T16:52:46","slug":"pot-hvitur-4","status":"publish","type":"product","link":"https:\/\/ilmoliulampar.is\/en_gb\/product\/pot-hvitur-4\/","title":{"rendered":"POT &#8211; RAU\u00d0UR"},"content":{"rendered":"","protected":false},"excerpt":{"rendered":"<p>ATH &#8211; UM ER A\u00d0 R\u00c6\u00d0A RAU\u00d0AN POTT, HV\u00cdTU ERU UPPSELDIR \u00cd \u00deESSARI ST\u00c6R\u00d0!<\/p>\n<p>&nbsp;<\/p>\n<p>Pot pottarnir eru til \u00ed 4 st\u00e6r\u00f0um me\u00f0 l\u00fdsingu. \u00deeir \u00feola mj\u00f6g vel \u00edslenska ve\u00f0r\u00e1ttu eins og rigningu, rok, snj\u00f3 og frost. Rafkerfi\u00f0 er mj\u00f6g vanda\u00f0 og gott, \u00feeir eru me\u00f0 spar-perum og nota l\u00edti\u00f0 rafmagn.<\/p>\n<p>Bl\u00f3mapottarnir er einstakir og bj\u00f3\u00f0a upp \u00e1 a\u00f0 setja \u00ed \u00fe\u00e1 fallega skreytingu e\u00f0a fallegt tr\u00e9 \u00fat \u00ed gar\u00f0i einu sinni \u00e1 \u00e1ri e\u00f0a til framb\u00fa\u00f0ar.<\/p>\n<p>Einnig l\u00fdsa \u00feeir upp hluta af gar\u00f0inum, ver\u00f6ndinni e\u00f0a l\u00fdsa upp h\u00fasi\u00f0 \u00feegar fer a\u00f0 hausta.<\/p>\n<p>\u00deeir eru einstaklega fallegir \u00feegar halda \u00e1 veislur e\u00f0a part\u00fd og eru miki\u00f0 augnayndi fyrir ykkar gesti.<\/p>\n<p>\u00dea\u00f0 er h\u00e6gt a\u00f0 nota \u00feessa potta fyrir svo margt, t.d setja glerpl\u00f6tu ofan \u00e1 \u00fe\u00e1 og nota sem bor\u00f0, fylla hann af \u00eds og nota sem bj\u00f3r\/v\u00edn\/gos k\u00e6li ofl ofl<\/p>\n<p>St\u00e6r\u00f0: H\u00e6\u00f0 100 cm &#8211; 110 cm \u00ed umm\u00e1l<\/p>","protected":false},"featured_media":39265,"comment_status":"closed","ping_status":"open","template":"","meta":[],"product_brand":[],"product_cat":[119],"product_tag":[],"class_list":{"0":"post-52053","1":"product","2":"type-product","3":"status-publish","4":"has-post-thumbnail","6":"product_cat-bloom-blomapottar","8":"first","9":"instock","10":"shipping-taxable","11":"purchasable","12":"product-type-simple"},"_links":{"self":[{"href":"https:\/\/ilmoliulampar.is\/en_gb\/wp-json\/wp\/v2\/product\/52053","targetHints":{"allow":["GET"]}}],"collection":[{"href":"https:\/\/ilmoliulampar.is\/en_gb\/wp-json\/wp\/v2\/product"}],"about":[{"href":"https:\/\/ilmoliulampar.is\/en_gb\/wp-json\/wp\/v2\/types\/product"}],"replies":[{"embeddable":true,"href":"https:\/\/ilmoliulampar.is\/en_gb\/wp-json\/wp\/v2\/comments?post=52053"}],"wp:featuredmedia":[{"embeddable":true,"href":"https:\/\/ilmoliulampar.is\/en_gb\/wp-json\/wp\/v2\/media\/39265"}],"wp:attachment":[{"href":"https:\/\/ilmoliulampar.is\/en_gb\/wp-json\/wp\/v2\/media?parent=52053"}],"wp:term":[{"taxonomy":"product_brand","embeddable":true,"href":"https:\/\/ilmoliulampar.is\/en_gb\/wp-json\/wp\/v2\/product_brand?post=52053"},{"taxonomy":"product_cat","embeddable":true,"href":"https:\/\/ilmoliulampar.is\/en_gb\/wp-json\/wp\/v2\/product_cat?post=52053"},{"taxonomy":"product_tag","embeddable":true,"href":"https:\/\/ilmoliulampar.is\/en_gb\/wp-json\/wp\/v2\/product_tag?post=52053"}],"curies":[{"name":"wp","href":"https:\/\/api.w.org\/{rel}","templated":true}]}}