{"id":52060,"date":"2015-10-07T23:54:31","date_gmt":"2015-10-07T23:54:31","guid":{"rendered":"https:\/\/new.ilmoliulampar.is\/product\/rosemary-2\/"},"modified":"2024-07-11T16:41:32","modified_gmt":"2024-07-11T16:41:32","slug":"rosemary-2","status":"publish","type":"product","link":"https:\/\/ilmoliulampar.is\/en_gb\/product\/rosemary-2\/","title":{"rendered":"ROSEMARY"},"content":{"rendered":"","protected":false},"excerpt":{"rendered":"<p><span id=\"fbPhotoSnowliftCaption\" class=\"fbPhotosPhotoCaption\" tabindex=\"0\" data-ft=\"{&quot;tn&quot;:&quot;K&quot;}\"><span class=\"hasCaption\">Settu nokkra dropa \u00ed ilmol\u00edulampann \u00feinn vi\u00f0 \u00feynnku, ef \u00fe\u00fa ert \u00ed pr\u00f3flestri \u00fev\u00ed h\u00fan virkjar einbeitninguna vel.<span class=\"text_exposed_show\"><\/p>\n<p>H\u00fan virkar vel vi\u00f0 s\u00fdkingum \u00ed \u00f6ndunarf\u00e6rum, g\u00f3\u00f0 vi\u00f0 st\u00edflum \u00ed berkjum og ennisholum, \u00f6rvar lungu og au\u00f0veldar \u00f6ndun.<\/p>\n<p>Fr\u00e1b\u00e6r uppskrift vi\u00f0 h\u00e1lsb\u00f3lgu:<br \/>\n3 dropar Rosemary<br \/>\n2 dropar Lavender<br \/>\n1 dropi piparmynta<br \/>\n2 dropar Eucalyptus<br \/>\nSettu \u00feessa bl\u00f6ndu \u00ed ilmol\u00edulampann \u00feinn e\u00f0a blanda\u00f0u henni vi\u00f0 10 ml af g\u00f3\u00f0ri grunnol\u00edu og ber\u00f0u bl\u00f6nduna \u00e1 sv\u00e6\u00f0i\u00f0 fyrir framan og aftan eyrun, undir kj\u00e1lkann, ni\u00f0ur a\u00f0 vi\u00f0beini og \u00e1 h\u00e1lsinn. Haf\u00f0u mj\u00fakan kl\u00fat \u00e1 h\u00e1lsinum til a\u00f0 halda honum heitum.<br \/>\nRosemary er notu\u00f0 vi\u00f0 hverskonar v\u00f6\u00f0vab\u00f3lgu-vandam\u00e1lum,h\u00fan \u00f6rvar bl\u00f3\u00f0r\u00e1s, er vatnslosandi, og vinnur gegn appels\u00ednuh\u00fa\u00f0(cellulitis), bj\u00fag, li\u00f0verkjum, gigt, er b\u00f3lguey\u00f0andi, h\u00f6fu\u00f0verkjum og minnisleysi. Eykur einbeitingu, er gegn \u00feunglyndi, l\u00e1gum bl\u00f3\u00f0\u00fer\u00fdstingi og meltingartruflunum hvers konar, s.s. har\u00f0l\u00edfi, vindgangi og ni\u00f0urgangi.<\/p>\n<p>ATH: FOR\u00d0IST \u00e1 me\u00f0g\u00f6ngu og me\u00f0 h\u00e1um bl\u00f3\u00f0\u00fer\u00fdstingi og flogaveiki. Mj\u00f6g \u00f6rvandi, notist ekki fyrir svefn. Getur ert h\u00fa\u00f0.<\/span><\/span><\/span><\/p>","protected":false},"featured_media":39155,"comment_status":"open","ping_status":"open","template":"","meta":[],"product_brand":[],"product_cat":[224,108],"product_tag":[],"class_list":{"0":"post-52060","1":"product","2":"type-product","3":"status-publish","4":"has-post-thumbnail","6":"product_cat-ilmkjarnaoliur-oliur","7":"product_cat-oliur","9":"first","10":"instock","11":"shipping-taxable","12":"purchasable","13":"product-type-simple"},"_links":{"self":[{"href":"https:\/\/ilmoliulampar.is\/en_gb\/wp-json\/wp\/v2\/product\/52060","targetHints":{"allow":["GET"]}}],"collection":[{"href":"https:\/\/ilmoliulampar.is\/en_gb\/wp-json\/wp\/v2\/product"}],"about":[{"href":"https:\/\/ilmoliulampar.is\/en_gb\/wp-json\/wp\/v2\/types\/product"}],"replies":[{"embeddable":true,"href":"https:\/\/ilmoliulampar.is\/en_gb\/wp-json\/wp\/v2\/comments?post=52060"}],"wp:featuredmedia":[{"embeddable":true,"href":"https:\/\/ilmoliulampar.is\/en_gb\/wp-json\/wp\/v2\/media\/39155"}],"wp:attachment":[{"href":"https:\/\/ilmoliulampar.is\/en_gb\/wp-json\/wp\/v2\/media?parent=52060"}],"wp:term":[{"taxonomy":"product_brand","embeddable":true,"href":"https:\/\/ilmoliulampar.is\/en_gb\/wp-json\/wp\/v2\/product_brand?post=52060"},{"taxonomy":"product_cat","embeddable":true,"href":"https:\/\/ilmoliulampar.is\/en_gb\/wp-json\/wp\/v2\/product_cat?post=52060"},{"taxonomy":"product_tag","embeddable":true,"href":"https:\/\/ilmoliulampar.is\/en_gb\/wp-json\/wp\/v2\/product_tag?post=52060"}],"curies":[{"name":"wp","href":"https:\/\/api.w.org\/{rel}","templated":true}]}}