{"id":52062,"date":"2015-10-08T00:02:56","date_gmt":"2015-10-08T00:02:56","guid":{"rendered":"https:\/\/new.ilmoliulampar.is\/product\/lavender\/"},"modified":"2024-07-10T17:30:05","modified_gmt":"2024-07-10T17:30:05","slug":"lavender","status":"publish","type":"product","link":"https:\/\/ilmoliulampar.is\/en_gb\/product\/lavender\/","title":{"rendered":"LAVENDER"},"content":{"rendered":"","protected":false},"excerpt":{"rendered":"<p>Lavender ilmkjarnaol\u00edan&#8230;&#8230;.<\/p>\n<p>\u00cd Ilmol\u00edulampann<br \/>\nLavender ol\u00edan ilmar d\u00e1samlega, settu nokkra dropa \u00ed ilmol\u00edulampann \u00feinn og allt ilmar.<br \/>\nH\u00fan er r\u00f3andi og slakandi. Tilvali\u00f0 til a\u00f0 losna vi\u00f0 \u00f3\u00e6skilega lykt.<span class=\"text_exposed_show\"><br \/>\nLavender \u00ed lampann \u00feinn veitir almenna vell\u00ed\u00f0an.<br \/>\nPr\u00f3fa\u00f0u bara&#8230;..<\/span><\/p>\n<p>Frj\u00f3kornaofn\u00e6mi<br \/>\nPrufa\u00f0u a\u00f0 \u00fer\u00edfa lampann extra vel &#8211; settu svo sm\u00e1 vatn og p\u00ednu edik &#8211; lampann \u00ed gang \u00ed ca 15 &#8211; 20 m\u00edn.<br \/>\nHelltu \u00fe\u00e1 \u00far honum og settu aftur vatn og LAVENDER ilmkjarnaol\u00edu.<br \/>\nPrufa\u00f0u l\u00edka a\u00f0 setja einn dropa af henni \u00ed l\u00f3fana og nudda\u00f0u \u00feeim saman &#8211; anda\u00f0u svo vel a\u00f0 \u00fe\u00e9r \u00ed nokkrar m\u00edn\u00fatur.<\/p>\n<div class=\"text_exposed_show\">\n<p>Fyrir h\u00fasverkin<br \/>\nFyrir hreinan og ilmandi \u00fevott er tilvali\u00f0 a\u00f0 setja eina teskei\u00f0 af Lavenderol\u00edu \u00fat \u00ed h\u00e1lfan l\u00edter af ediki og hrista duglega. G\u00e6ti\u00f0 \u00feess a\u00f0 merkja fl\u00f6skuna og a\u00f0 \u00feetta er a\u00f0eins \u00e6tla\u00f0 til \u00fevottar. Ediki\u00f0 er afar gott hreinsiefni, s\u00f3tthreinsandi og fr\u00edskandi a\u00f0 auki. Lavenderol\u00edan gefur \u00fevottinum g\u00f3\u00f0an ilm og veitir v\u00f6rn gegn bakter\u00edum og sveppamyndun. Til \u00feess a\u00f0 \u00fer\u00edfa g\u00f3lfin og f\u00e1 g\u00f3\u00f0a angan m\u00e1 b\u00e6ta \u00feessari bl\u00f6ndu \u00ed vatn og renna yfir g\u00f3lfin. \u00dea\u00f0 eru \u00ferif sem eru b\u00e6\u00f0i g\u00f3\u00f0 fyrir heimili\u00f0 sem og umhverfi\u00f0. \u00dea\u00f0 gerist ekki betra.<\/p>\n<p>Fyrir heimili\u00f0<br \/>\nB\u00e6ttu nokkrum dropum af Lavenderol\u00edu \u00fat \u00ed \u00fa\u00f0abr\u00fasa me\u00f0 hreinu vatni. \u00da\u00f0a\u00f0u bl\u00f6ndunni l\u00e9tt yfir r\u00famf\u00f6tin \u00fev\u00ed \u00fea\u00f0 gefur ferskan ilm og g\u00f3\u00f0an svefn.<\/p>\n<p>Fyrir \u00feig<br \/>\nLavenderol\u00edan er til svo \u00f3tr\u00falega margra hluta nytsamleg. H\u00fan er til a\u00f0 mynda fr\u00e1b\u00e6r \u00ed ba\u00f0i\u00f0 jafnt sem f\u00f3taba\u00f0i\u00f0, enda hamlar h\u00fan afskaplega miki\u00f0 sveppamyndun. Sumir sem gl\u00edma vi\u00f0 kv\u00ed\u00f0a setja dropa aftan vi\u00f0 eyrun \u00feegar kv\u00ed\u00f0atilfinningar gera vart vi\u00f0 sig \u00fev\u00ed \u00feessi kjarnmikla ol\u00eda er svo einstaklega r\u00f3andi. Svo er gott a\u00f0 \u00feynna hana \u00ed vatni og nudda \u00e1 gagnaugun ef h\u00f6fu\u00f0verkur gerir vart vi\u00f0 sig.<br \/>\nLavender er g\u00f3\u00f0 gegn; bruna, s\u00f3lbruna, \u00feurrkablettum, exemi og unglingab\u00f3lum. H\u00fan er r\u00f3andi, og virkar gegn kv\u00ed\u00f0a, \u00feunglyndi, svefnleysi, horm\u00f3na\u00f3jafnv\u00e6gi, m\u00edgreni, h\u00f6fu\u00f0verkjum og meltingartruflunum.<\/p>\n<\/div>","protected":false},"featured_media":39359,"comment_status":"closed","ping_status":"open","template":"","meta":[],"product_brand":[],"product_cat":[224,108],"product_tag":[],"class_list":{"0":"post-52062","1":"product","2":"type-product","3":"status-publish","4":"has-post-thumbnail","6":"product_cat-ilmkjarnaoliur-oliur","7":"product_cat-oliur","9":"first","10":"instock","11":"shipping-taxable","12":"purchasable","13":"product-type-simple"},"_links":{"self":[{"href":"https:\/\/ilmoliulampar.is\/en_gb\/wp-json\/wp\/v2\/product\/52062","targetHints":{"allow":["GET"]}}],"collection":[{"href":"https:\/\/ilmoliulampar.is\/en_gb\/wp-json\/wp\/v2\/product"}],"about":[{"href":"https:\/\/ilmoliulampar.is\/en_gb\/wp-json\/wp\/v2\/types\/product"}],"replies":[{"embeddable":true,"href":"https:\/\/ilmoliulampar.is\/en_gb\/wp-json\/wp\/v2\/comments?post=52062"}],"wp:featuredmedia":[{"embeddable":true,"href":"https:\/\/ilmoliulampar.is\/en_gb\/wp-json\/wp\/v2\/media\/39359"}],"wp:attachment":[{"href":"https:\/\/ilmoliulampar.is\/en_gb\/wp-json\/wp\/v2\/media?parent=52062"}],"wp:term":[{"taxonomy":"product_brand","embeddable":true,"href":"https:\/\/ilmoliulampar.is\/en_gb\/wp-json\/wp\/v2\/product_brand?post=52062"},{"taxonomy":"product_cat","embeddable":true,"href":"https:\/\/ilmoliulampar.is\/en_gb\/wp-json\/wp\/v2\/product_cat?post=52062"},{"taxonomy":"product_tag","embeddable":true,"href":"https:\/\/ilmoliulampar.is\/en_gb\/wp-json\/wp\/v2\/product_tag?post=52062"}],"curies":[{"name":"wp","href":"https:\/\/api.w.org\/{rel}","templated":true}]}}