{"id":52063,"date":"2015-10-08T00:12:29","date_gmt":"2015-10-08T00:12:29","guid":{"rendered":"https:\/\/new.ilmoliulampar.is\/product\/patchouli-2\/"},"modified":"2025-07-31T13:21:21","modified_gmt":"2025-07-31T13:21:21","slug":"patchouli-2","status":"publish","type":"product","link":"https:\/\/ilmoliulampar.is\/en_gb\/product\/patchouli-2\/","title":{"rendered":"PATCHOULI"},"content":{"rendered":"","protected":false},"excerpt":{"rendered":"<p><span style=\"font-size: medium;\">Hefur jar\u00f0tengjandi \u00e1hrif og veitir huganum jafnv\u00e6gi. Skerpir hugsun og hj\u00e1lpar okkur a\u00f0 opna hugann og leysa \u00far vandam\u00e1lum.<br \/>\nH\u00fan hj\u00e1lpar til vi\u00f0 a\u00f0 \u00fe\u00e9tta lausa h\u00fa\u00f0 jafnvel eftir miki\u00f0 \u00feyngdartap. H\u00fan vir\u00f0ist draga \u00far hungri og hefur \u00feess vegna g\u00f3\u00f0 \u00e1hrif \u00feegar veri\u00f0 er \u00ed \u00e1taki og hj\u00e1lpar til vi\u00f0 \u00feyngdartap. Er vatnslosandi og hefur g\u00f3\u00f0 \u00e1hrif \u00e1 Cellulite. Er g\u00f3\u00f0 \u00e1 skord\u00fdra og sn\u00e1kabit. Hefur g\u00f3\u00f0 \u00e1hrif \u00e1 gr\u00f3fa, sprungna og s\u00e1ra h\u00fa\u00f0. Oft notu\u00f0 vi\u00f0 \u00feunlyndi og kv\u00ed\u00f0a.<\/span><\/p>\n<p>Minnir oft \u00e1 hippat\u00edmabili\u00f0, var notu\u00f0 miki\u00f0 \u00ed ilmv\u00f6tn og bara beint \u00e1 \u00fev\u00ed t\u00edmabili. Patchouli er talin kyn\u00f6rvandi.<\/p>","protected":false},"featured_media":39364,"comment_status":"closed","ping_status":"open","template":"","meta":[],"product_brand":[],"product_cat":[224,108],"product_tag":[],"class_list":{"0":"post-52063","1":"product","2":"type-product","3":"status-publish","4":"has-post-thumbnail","6":"product_cat-ilmkjarnaoliur-oliur","7":"product_cat-oliur","9":"first","10":"instock","11":"shipping-taxable","12":"purchasable","13":"product-type-simple"},"_links":{"self":[{"href":"https:\/\/ilmoliulampar.is\/en_gb\/wp-json\/wp\/v2\/product\/52063","targetHints":{"allow":["GET"]}}],"collection":[{"href":"https:\/\/ilmoliulampar.is\/en_gb\/wp-json\/wp\/v2\/product"}],"about":[{"href":"https:\/\/ilmoliulampar.is\/en_gb\/wp-json\/wp\/v2\/types\/product"}],"replies":[{"embeddable":true,"href":"https:\/\/ilmoliulampar.is\/en_gb\/wp-json\/wp\/v2\/comments?post=52063"}],"wp:featuredmedia":[{"embeddable":true,"href":"https:\/\/ilmoliulampar.is\/en_gb\/wp-json\/wp\/v2\/media\/39364"}],"wp:attachment":[{"href":"https:\/\/ilmoliulampar.is\/en_gb\/wp-json\/wp\/v2\/media?parent=52063"}],"wp:term":[{"taxonomy":"product_brand","embeddable":true,"href":"https:\/\/ilmoliulampar.is\/en_gb\/wp-json\/wp\/v2\/product_brand?post=52063"},{"taxonomy":"product_cat","embeddable":true,"href":"https:\/\/ilmoliulampar.is\/en_gb\/wp-json\/wp\/v2\/product_cat?post=52063"},{"taxonomy":"product_tag","embeddable":true,"href":"https:\/\/ilmoliulampar.is\/en_gb\/wp-json\/wp\/v2\/product_tag?post=52063"}],"curies":[{"name":"wp","href":"https:\/\/api.w.org\/{rel}","templated":true}]}}