{"id":52064,"date":"2015-10-08T00:14:21","date_gmt":"2015-10-08T00:14:21","guid":{"rendered":"https:\/\/new.ilmoliulampar.is\/product\/tea-tree-2\/"},"modified":"2025-10-30T16:29:07","modified_gmt":"2025-10-30T16:29:07","slug":"tea-tree-2","status":"publish","type":"product","link":"https:\/\/ilmoliulampar.is\/en_gb\/product\/tea-tree-2\/","title":{"rendered":"TEA TREE"},"content":{"rendered":"","protected":false},"excerpt":{"rendered":"<p>Er besta ol\u00edan til a\u00f0 vinna \u00e1 sj\u00fakd\u00f3mum tengdum s\u00fdkingum eins og bakter\u00edur, sveppa og<br \/>\nv\u00edrusar. Tekur \u00fat bit \u00e1 m\u00f3sk\u00edt\u00f3, Frunsur, munnangur (bori\u00f0 beint \u00e1). Best \u00e1 b\u00f3lur<br \/>\nme\u00f0 s\u00fdkingum. Styrkir \u00f3n\u00e6miskerfi\u00f0. Mj\u00f6g g\u00f3\u00f0 vi\u00f0 alls konar s\u00fdkingum, blandist<br \/>\nvi\u00f0 Eucalyptus vi\u00f0 kvefi og flensu.<\/p>\n<p>Tea tree er fr\u00e1b\u00e6r til a\u00f0 blanda \u00ed vatnsbr\u00fasa og spreyja yfir h\u00e1ri\u00f0 \u00e1 b\u00f6rnunum okkar \u00e1\u00f0ur en \u00feau fara \u00ed sk\u00f3lann\/leiksk\u00f3lann \u00feegar l\u00fas er \u00e1 sveimi. Notist \u00fe\u00e1 \u00e1 hverjum morgni me\u00f0an l\u00fasin er a\u00f0 ganga.<\/p>\n<p>&nbsp;<\/p>","protected":false},"featured_media":66060,"comment_status":"closed","ping_status":"closed","template":"","meta":[],"product_brand":[],"product_cat":[224,108],"product_tag":[],"class_list":{"0":"post-52064","1":"product","2":"type-product","3":"status-publish","4":"has-post-thumbnail","6":"product_cat-ilmkjarnaoliur-oliur","7":"product_cat-oliur","9":"first","10":"instock","11":"shipping-taxable","12":"purchasable","13":"product-type-simple"},"_links":{"self":[{"href":"https:\/\/ilmoliulampar.is\/en_gb\/wp-json\/wp\/v2\/product\/52064","targetHints":{"allow":["GET"]}}],"collection":[{"href":"https:\/\/ilmoliulampar.is\/en_gb\/wp-json\/wp\/v2\/product"}],"about":[{"href":"https:\/\/ilmoliulampar.is\/en_gb\/wp-json\/wp\/v2\/types\/product"}],"replies":[{"embeddable":true,"href":"https:\/\/ilmoliulampar.is\/en_gb\/wp-json\/wp\/v2\/comments?post=52064"}],"wp:featuredmedia":[{"embeddable":true,"href":"https:\/\/ilmoliulampar.is\/en_gb\/wp-json\/wp\/v2\/media\/66060"}],"wp:attachment":[{"href":"https:\/\/ilmoliulampar.is\/en_gb\/wp-json\/wp\/v2\/media?parent=52064"}],"wp:term":[{"taxonomy":"product_brand","embeddable":true,"href":"https:\/\/ilmoliulampar.is\/en_gb\/wp-json\/wp\/v2\/product_brand?post=52064"},{"taxonomy":"product_cat","embeddable":true,"href":"https:\/\/ilmoliulampar.is\/en_gb\/wp-json\/wp\/v2\/product_cat?post=52064"},{"taxonomy":"product_tag","embeddable":true,"href":"https:\/\/ilmoliulampar.is\/en_gb\/wp-json\/wp\/v2\/product_tag?post=52064"}],"curies":[{"name":"wp","href":"https:\/\/api.w.org\/{rel}","templated":true}]}}