{"id":52065,"date":"2015-10-08T00:16:27","date_gmt":"2015-10-08T00:16:27","guid":{"rendered":"https:\/\/new.ilmoliulampar.is\/product\/peppermint-2\/"},"modified":"2024-07-11T13:30:20","modified_gmt":"2024-07-11T13:30:20","slug":"peppermint-2","status":"publish","type":"product","link":"https:\/\/ilmoliulampar.is\/en_gb\/product\/peppermint-2\/","title":{"rendered":"PEPPERMINT"},"content":{"rendered":"","protected":false},"excerpt":{"rendered":"<p>Er best fyrir meltingarvandam\u00e1l.<br \/>\nNotist \u00ed ilmol\u00edulampann yfir n\u00f3tt og \u00e1 daginn. Er ol\u00edan sem byggir upp og endurn\u00fdjar.<\/p>\n<p>Blandast vel me\u00f0 rosemary og lemon.<br \/>\nPeppermint er oft k\u00f6llu\u00f0 h\u00f6fu\u00f0hreinsir.<br \/>\nH\u00fan er notu\u00f0 \u00feegar flensa er a\u00f0 b\u00faa um sig og \u00fe\u00e1 til inn\u00f6ndunar. F\u00f3lk sem er me\u00f0 l\u00e1gan bl\u00f3\u00f0\u00fer\u00fdsting \u00e6tti EKKI a\u00f0 nota peppermint, \u00fev\u00ed h\u00fan l\u00e6kkar bl\u00f3\u00f0\u00fer\u00fdsting. H\u00fan er \u00fev\u00ed g\u00f3\u00f0 fyrir \u00fe\u00e1 sem hafa h\u00e1an bl\u00f3\u00f0\u00fer\u00fdsting. Peppermint er miki\u00f0 notu\u00f0 til a\u00f0 deyfa t.d.v\u00f6\u00f0vaverki, vi\u00f0 h\u00f6fu\u00f0verkjum og m\u00edgreni. Einnig er h\u00fan notu\u00f0 vi\u00f0 gall- og lifrarvandam\u00e1lum, gigt og \u00e6\u00f0ahn\u00fatum.<br \/>\nPeppermint er mj\u00f6g g\u00f3\u00f0 vi\u00f0 fl\u00f6kurleika.<br \/>\nATH&#8230;&#8230; Ef \u00fe\u00fa \u00e1tt b\u00edla (fer\u00f0a) lampa \u00fe\u00e1 er PEPPERMINT svakalega g\u00f3\u00f0 vi\u00f0 b\u00edlveiki.Ef \u00fe\u00fa ert \u00f3fr\u00edsk og fl\u00f6kurt&#8230;.. pr\u00f3fa\u00f0u \u00fe\u00e1 !<\/p>","protected":false},"featured_media":39369,"comment_status":"open","ping_status":"open","template":"","meta":[],"product_brand":[],"product_cat":[224,108],"product_tag":[],"class_list":{"0":"post-52065","1":"product","2":"type-product","3":"status-publish","4":"has-post-thumbnail","6":"product_cat-ilmkjarnaoliur-oliur","7":"product_cat-oliur","9":"first","10":"instock","11":"shipping-taxable","12":"purchasable","13":"product-type-simple"},"_links":{"self":[{"href":"https:\/\/ilmoliulampar.is\/en_gb\/wp-json\/wp\/v2\/product\/52065","targetHints":{"allow":["GET"]}}],"collection":[{"href":"https:\/\/ilmoliulampar.is\/en_gb\/wp-json\/wp\/v2\/product"}],"about":[{"href":"https:\/\/ilmoliulampar.is\/en_gb\/wp-json\/wp\/v2\/types\/product"}],"replies":[{"embeddable":true,"href":"https:\/\/ilmoliulampar.is\/en_gb\/wp-json\/wp\/v2\/comments?post=52065"}],"wp:featuredmedia":[{"embeddable":true,"href":"https:\/\/ilmoliulampar.is\/en_gb\/wp-json\/wp\/v2\/media\/39369"}],"wp:attachment":[{"href":"https:\/\/ilmoliulampar.is\/en_gb\/wp-json\/wp\/v2\/media?parent=52065"}],"wp:term":[{"taxonomy":"product_brand","embeddable":true,"href":"https:\/\/ilmoliulampar.is\/en_gb\/wp-json\/wp\/v2\/product_brand?post=52065"},{"taxonomy":"product_cat","embeddable":true,"href":"https:\/\/ilmoliulampar.is\/en_gb\/wp-json\/wp\/v2\/product_cat?post=52065"},{"taxonomy":"product_tag","embeddable":true,"href":"https:\/\/ilmoliulampar.is\/en_gb\/wp-json\/wp\/v2\/product_tag?post=52065"}],"curies":[{"name":"wp","href":"https:\/\/api.w.org\/{rel}","templated":true}]}}