{"id":52073,"date":"2015-11-01T22:32:13","date_gmt":"2015-11-01T22:32:13","guid":{"rendered":"https:\/\/new.ilmoliulampar.is\/product\/jol-home-sweet-home\/"},"modified":"2025-10-30T17:04:26","modified_gmt":"2025-10-30T17:04:26","slug":"jol-home-sweet-home","status":"publish","type":"product","link":"https:\/\/ilmoliulampar.is\/en_gb\/product\/jol-home-sweet-home\/","title":{"rendered":"HOME SWEET HOME &#8211; YANKEE TYPE"},"content":{"rendered":"","protected":false},"excerpt":{"rendered":"<p>Home sweet home er svona ekta velkomin heim &#8211; hl\u00fdr ilmur af kanil, kryddi, dass af eplum og vanillu!<\/p>\n<p>&nbsp;<\/p>\n<p>&nbsp;<\/p>\n<p>&nbsp;<\/p>\n<p>(ath, um er a\u00f0 r\u00e6\u00f0a ilmol\u00edu, myndin er a\u00f0eins notu\u00f0 til \u00feess a\u00f0 l\u00fdsa ilminum sem um er a\u00f0 r\u00e6\u00f0a)<\/p>","protected":false},"featured_media":39399,"comment_status":"closed","ping_status":"closed","template":"","meta":[],"product_brand":[],"product_cat":[195,197,108],"product_tag":[],"class_list":{"0":"post-52073","1":"product","2":"type-product","3":"status-publish","4":"has-post-thumbnail","6":"product_cat-ilmoliur-oliur","7":"product_cat-jolaoliur-oliur","8":"product_cat-oliur","10":"first","11":"instock","12":"shipping-taxable","13":"purchasable","14":"product-type-simple"},"_links":{"self":[{"href":"https:\/\/ilmoliulampar.is\/en_gb\/wp-json\/wp\/v2\/product\/52073","targetHints":{"allow":["GET"]}}],"collection":[{"href":"https:\/\/ilmoliulampar.is\/en_gb\/wp-json\/wp\/v2\/product"}],"about":[{"href":"https:\/\/ilmoliulampar.is\/en_gb\/wp-json\/wp\/v2\/types\/product"}],"replies":[{"embeddable":true,"href":"https:\/\/ilmoliulampar.is\/en_gb\/wp-json\/wp\/v2\/comments?post=52073"}],"wp:featuredmedia":[{"embeddable":true,"href":"https:\/\/ilmoliulampar.is\/en_gb\/wp-json\/wp\/v2\/media\/39399"}],"wp:attachment":[{"href":"https:\/\/ilmoliulampar.is\/en_gb\/wp-json\/wp\/v2\/media?parent=52073"}],"wp:term":[{"taxonomy":"product_brand","embeddable":true,"href":"https:\/\/ilmoliulampar.is\/en_gb\/wp-json\/wp\/v2\/product_brand?post=52073"},{"taxonomy":"product_cat","embeddable":true,"href":"https:\/\/ilmoliulampar.is\/en_gb\/wp-json\/wp\/v2\/product_cat?post=52073"},{"taxonomy":"product_tag","embeddable":true,"href":"https:\/\/ilmoliulampar.is\/en_gb\/wp-json\/wp\/v2\/product_tag?post=52073"}],"curies":[{"name":"wp","href":"https:\/\/api.w.org\/{rel}","templated":true}]}}