{"id":52074,"date":"2015-11-05T23:14:10","date_gmt":"2015-11-05T23:14:10","guid":{"rendered":"https:\/\/new.ilmoliulampar.is\/product\/winter-garden\/"},"modified":"2025-10-30T17:09:30","modified_gmt":"2025-10-30T17:09:30","slug":"winter-garden","status":"publish","type":"product","link":"https:\/\/ilmoliulampar.is\/en_gb\/product\/winter-garden\/","title":{"rendered":"WINTER GARDEN"},"content":{"rendered":"","protected":false},"excerpt":{"rendered":"<p>Winter garden e\u00f0a vetrargar\u00f0urinn er rosalega g\u00f3\u00f0ur ilmur. \u00cdmynda\u00f0u \u00fe\u00e9r a\u00f0 \u00fe\u00fa s\u00e9rt a\u00f0 labba \u00ed miklu frosti og logni \u00ed fallegum st\u00f3rum gar\u00f0i e\u00f0a sk\u00f3gi, \u00feannig er ilmurinn \ud83d\ude42 Eucalyptus &#8211; Hyacinta &#8211; frosnar apr\u00edk\u00f3sur og greni.<\/p>","protected":false},"featured_media":39406,"comment_status":"closed","ping_status":"closed","template":"","meta":[],"product_brand":[],"product_cat":[195,197,108],"product_tag":[],"class_list":{"0":"post-52074","1":"product","2":"type-product","3":"status-publish","4":"has-post-thumbnail","6":"product_cat-ilmoliur-oliur","7":"product_cat-jolaoliur-oliur","8":"product_cat-oliur","10":"first","11":"instock","12":"shipping-taxable","13":"purchasable","14":"product-type-simple"},"_links":{"self":[{"href":"https:\/\/ilmoliulampar.is\/en_gb\/wp-json\/wp\/v2\/product\/52074","targetHints":{"allow":["GET"]}}],"collection":[{"href":"https:\/\/ilmoliulampar.is\/en_gb\/wp-json\/wp\/v2\/product"}],"about":[{"href":"https:\/\/ilmoliulampar.is\/en_gb\/wp-json\/wp\/v2\/types\/product"}],"replies":[{"embeddable":true,"href":"https:\/\/ilmoliulampar.is\/en_gb\/wp-json\/wp\/v2\/comments?post=52074"}],"wp:featuredmedia":[{"embeddable":true,"href":"https:\/\/ilmoliulampar.is\/en_gb\/wp-json\/wp\/v2\/media\/39406"}],"wp:attachment":[{"href":"https:\/\/ilmoliulampar.is\/en_gb\/wp-json\/wp\/v2\/media?parent=52074"}],"wp:term":[{"taxonomy":"product_brand","embeddable":true,"href":"https:\/\/ilmoliulampar.is\/en_gb\/wp-json\/wp\/v2\/product_brand?post=52074"},{"taxonomy":"product_cat","embeddable":true,"href":"https:\/\/ilmoliulampar.is\/en_gb\/wp-json\/wp\/v2\/product_cat?post=52074"},{"taxonomy":"product_tag","embeddable":true,"href":"https:\/\/ilmoliulampar.is\/en_gb\/wp-json\/wp\/v2\/product_tag?post=52074"}],"curies":[{"name":"wp","href":"https:\/\/api.w.org\/{rel}","templated":true}]}}