{"id":52076,"date":"2015-11-07T21:45:31","date_gmt":"2015-11-07T21:45:31","guid":{"rendered":"https:\/\/new.ilmoliulampar.is\/product\/cristmas-fantasy\/"},"modified":"2025-07-15T17:24:15","modified_gmt":"2025-07-15T17:24:15","slug":"cristmas-fantasy","status":"publish","type":"product","link":"https:\/\/ilmoliulampar.is\/en_gb\/product\/cristmas-fantasy\/","title":{"rendered":"Cristmas Fantasy"},"content":{"rendered":"","protected":false},"excerpt":{"rendered":"<p>J\u00f3labrj\u00f3stsykur, krydda\u00f0 te, keimur af kanil og bl\u00f3mum. Sannk\u00f6llu\u00f0 j\u00f3lafantas\u00eda. Ilmur sem<br \/>\nskapar sanna j\u00f3lastemningu, yndislegur j\u00f3la-ilmur.<\/p>","protected":false},"featured_media":39412,"comment_status":"closed","ping_status":"closed","template":"","meta":[],"product_brand":[],"product_cat":[197,108],"product_tag":[],"class_list":{"0":"post-52076","1":"product","2":"type-product","3":"status-publish","4":"has-post-thumbnail","6":"product_cat-jolaoliur-oliur","7":"product_cat-oliur","9":"first","10":"instock","11":"shipping-taxable","12":"purchasable","13":"product-type-simple"},"_links":{"self":[{"href":"https:\/\/ilmoliulampar.is\/en_gb\/wp-json\/wp\/v2\/product\/52076","targetHints":{"allow":["GET"]}}],"collection":[{"href":"https:\/\/ilmoliulampar.is\/en_gb\/wp-json\/wp\/v2\/product"}],"about":[{"href":"https:\/\/ilmoliulampar.is\/en_gb\/wp-json\/wp\/v2\/types\/product"}],"replies":[{"embeddable":true,"href":"https:\/\/ilmoliulampar.is\/en_gb\/wp-json\/wp\/v2\/comments?post=52076"}],"wp:featuredmedia":[{"embeddable":true,"href":"https:\/\/ilmoliulampar.is\/en_gb\/wp-json\/wp\/v2\/media\/39412"}],"wp:attachment":[{"href":"https:\/\/ilmoliulampar.is\/en_gb\/wp-json\/wp\/v2\/media?parent=52076"}],"wp:term":[{"taxonomy":"product_brand","embeddable":true,"href":"https:\/\/ilmoliulampar.is\/en_gb\/wp-json\/wp\/v2\/product_brand?post=52076"},{"taxonomy":"product_cat","embeddable":true,"href":"https:\/\/ilmoliulampar.is\/en_gb\/wp-json\/wp\/v2\/product_cat?post=52076"},{"taxonomy":"product_tag","embeddable":true,"href":"https:\/\/ilmoliulampar.is\/en_gb\/wp-json\/wp\/v2\/product_tag?post=52076"}],"curies":[{"name":"wp","href":"https:\/\/api.w.org\/{rel}","templated":true}]}}