{"id":52077,"date":"2015-11-07T21:51:45","date_gmt":"2015-11-07T21:51:45","guid":{"rendered":"https:\/\/new.ilmoliulampar.is\/product\/winter-wonderland-2\/"},"modified":"2025-11-08T14:04:24","modified_gmt":"2025-11-08T14:04:24","slug":"winter-wonderland-2","status":"publish","type":"product","link":"https:\/\/ilmoliulampar.is\/en_gb\/product\/winter-wonderland-2\/","title":{"rendered":"WINTER WONDERLAND &#8211; BBW"},"content":{"rendered":"","protected":false},"excerpt":{"rendered":"<p>Winter Wonderland, Bath &amp; Bodyworks.<\/p>\n<p>\u00deetta er einhvernvegin svo fullkominn j\u00f3lailmur. Vanilla musk, mulberry, sm\u00e1 kanill og l\u00edka furun\u00e1lar. Get eiginlega ekki l\u00edst honum, hann er bara fr\u00e1b\u00e6r.<\/p>\n<p>&nbsp;<\/p>\n<p><em>(ATH. um er a\u00f0 r\u00e6\u00f0a ilmol\u00edu, myndin er notu\u00f0 til \u00feess a\u00f0 l\u00fdsa ilminum sem vi\u00f0 er \u00e1tt)<\/em><\/p>","protected":false},"featured_media":39415,"comment_status":"closed","ping_status":"closed","template":"","meta":[],"product_brand":[],"product_cat":[197,108],"product_tag":[],"class_list":{"0":"post-52077","1":"product","2":"type-product","3":"status-publish","4":"has-post-thumbnail","6":"product_cat-jolaoliur-oliur","7":"product_cat-oliur","9":"first","10":"instock","11":"shipping-taxable","12":"purchasable","13":"product-type-simple"},"_links":{"self":[{"href":"https:\/\/ilmoliulampar.is\/en_gb\/wp-json\/wp\/v2\/product\/52077","targetHints":{"allow":["GET"]}}],"collection":[{"href":"https:\/\/ilmoliulampar.is\/en_gb\/wp-json\/wp\/v2\/product"}],"about":[{"href":"https:\/\/ilmoliulampar.is\/en_gb\/wp-json\/wp\/v2\/types\/product"}],"replies":[{"embeddable":true,"href":"https:\/\/ilmoliulampar.is\/en_gb\/wp-json\/wp\/v2\/comments?post=52077"}],"wp:featuredmedia":[{"embeddable":true,"href":"https:\/\/ilmoliulampar.is\/en_gb\/wp-json\/wp\/v2\/media\/39415"}],"wp:attachment":[{"href":"https:\/\/ilmoliulampar.is\/en_gb\/wp-json\/wp\/v2\/media?parent=52077"}],"wp:term":[{"taxonomy":"product_brand","embeddable":true,"href":"https:\/\/ilmoliulampar.is\/en_gb\/wp-json\/wp\/v2\/product_brand?post=52077"},{"taxonomy":"product_cat","embeddable":true,"href":"https:\/\/ilmoliulampar.is\/en_gb\/wp-json\/wp\/v2\/product_cat?post=52077"},{"taxonomy":"product_tag","embeddable":true,"href":"https:\/\/ilmoliulampar.is\/en_gb\/wp-json\/wp\/v2\/product_tag?post=52077"}],"curies":[{"name":"wp","href":"https:\/\/api.w.org\/{rel}","templated":true}]}}