{"id":52080,"date":"2016-01-04T22:05:08","date_gmt":"2016-01-04T22:05:08","guid":{"rendered":"https:\/\/new.ilmoliulampar.is\/product\/pink-victorias-secret-type\/"},"modified":"2026-03-11T14:05:20","modified_gmt":"2026-03-11T14:05:20","slug":"pink-victorias-secret-type","status":"publish","type":"product","link":"https:\/\/ilmoliulampar.is\/en_gb\/product\/pink-victorias-secret-type\/","title":{"rendered":"PINK &#8211; VS"},"content":{"rendered":"","protected":false},"excerpt":{"rendered":"<div>Pink VS type &#8211; <strong>ilmol\u00eda<\/strong><\/div>\n<div><\/div>\n<div>Einn af vins\u00e6lustu ilmunum fr\u00e1 Victoria\u00b4s Secret, d\u00e1samlegur, s\u00e6tur &amp; \u00e6\u00f0islegur!<\/div>\n<div><\/div>\n<div><\/div>\n<div><em>(ATH, um er a\u00f0 r\u00e6\u00f0a ilmol\u00edu, myndin er notu\u00f0 til \u00feess a\u00f0 l\u00fdsa ilminum sem \u00e1tt er vi\u00f0)<\/em><\/div>","protected":false},"featured_media":39430,"comment_status":"closed","ping_status":"closed","template":"","meta":[],"product_brand":[],"product_cat":[195,108],"product_tag":[],"class_list":{"0":"post-52080","1":"product","2":"type-product","3":"status-publish","4":"has-post-thumbnail","6":"product_cat-ilmoliur-oliur","7":"product_cat-oliur","9":"first","10":"instock","11":"shipping-taxable","12":"purchasable","13":"product-type-simple"},"_links":{"self":[{"href":"https:\/\/ilmoliulampar.is\/en_gb\/wp-json\/wp\/v2\/product\/52080","targetHints":{"allow":["GET"]}}],"collection":[{"href":"https:\/\/ilmoliulampar.is\/en_gb\/wp-json\/wp\/v2\/product"}],"about":[{"href":"https:\/\/ilmoliulampar.is\/en_gb\/wp-json\/wp\/v2\/types\/product"}],"replies":[{"embeddable":true,"href":"https:\/\/ilmoliulampar.is\/en_gb\/wp-json\/wp\/v2\/comments?post=52080"}],"wp:featuredmedia":[{"embeddable":true,"href":"https:\/\/ilmoliulampar.is\/en_gb\/wp-json\/wp\/v2\/media\/39430"}],"wp:attachment":[{"href":"https:\/\/ilmoliulampar.is\/en_gb\/wp-json\/wp\/v2\/media?parent=52080"}],"wp:term":[{"taxonomy":"product_brand","embeddable":true,"href":"https:\/\/ilmoliulampar.is\/en_gb\/wp-json\/wp\/v2\/product_brand?post=52080"},{"taxonomy":"product_cat","embeddable":true,"href":"https:\/\/ilmoliulampar.is\/en_gb\/wp-json\/wp\/v2\/product_cat?post=52080"},{"taxonomy":"product_tag","embeddable":true,"href":"https:\/\/ilmoliulampar.is\/en_gb\/wp-json\/wp\/v2\/product_tag?post=52080"}],"curies":[{"name":"wp","href":"https:\/\/api.w.org\/{rel}","templated":true}]}}