{"id":52084,"date":"2016-01-21T10:45:00","date_gmt":"2016-01-21T10:45:00","guid":{"rendered":"https:\/\/new.ilmoliulampar.is\/product\/oliu-tilbod\/"},"modified":"2023-10-31T15:05:51","modified_gmt":"2023-10-31T15:05:51","slug":"oliu-tilbod","status":"publish","type":"product","link":"https:\/\/ilmoliulampar.is\/en_gb\/product\/oliu-tilbod\/","title":{"rendered":"OL\u00cdU TILBO\u00d0"},"content":{"rendered":"","protected":false},"excerpt":{"rendered":"<p>&#8216;&#8212;&#8212;&#8212;&#8212;&#8212;&#8212;&#8212;&#8211; OL\u00cdU TILBO\u00d0 &#8212;&#8212;&#8212;&#8212;&#8212;&#8212;&#8212;<\/p>\n<p>&nbsp;<\/p>\n<p>2 ilmir saman \u00ed litlum s\u00e6tum poka.<\/p>\n<p>Allskonar blanda\u00f0 saman, vi\u00f0skiptavinum<\/p>\n<p>okkar finnst yfirleitt mj\u00f6g spennandi a\u00f0<\/p>\n<p>panta svona poka, hva\u00f0 kemur upp \u00far pokanum<\/p>\n<p>\u00ed \u00a0\u00feetta skipti\u00f0 \ud83d\ude42 \u00a0 \u00a0 Fr\u00e1b\u00e6rt ver\u00f0<\/p>","protected":false},"featured_media":39457,"comment_status":"closed","ping_status":"closed","template":"","meta":[],"product_brand":[],"product_cat":[195,198,108,116],"product_tag":[],"class_list":{"0":"post-52084","1":"product","2":"type-product","3":"status-publish","4":"has-post-thumbnail","6":"product_cat-ilmoliur-oliur","7":"product_cat-ilmoliutilbod-oliur","8":"product_cat-oliur","9":"product_cat-tilbod","11":"first","12":"instock","13":"sale","14":"shipping-taxable","15":"purchasable","16":"product-type-simple"},"_links":{"self":[{"href":"https:\/\/ilmoliulampar.is\/en_gb\/wp-json\/wp\/v2\/product\/52084","targetHints":{"allow":["GET"]}}],"collection":[{"href":"https:\/\/ilmoliulampar.is\/en_gb\/wp-json\/wp\/v2\/product"}],"about":[{"href":"https:\/\/ilmoliulampar.is\/en_gb\/wp-json\/wp\/v2\/types\/product"}],"replies":[{"embeddable":true,"href":"https:\/\/ilmoliulampar.is\/en_gb\/wp-json\/wp\/v2\/comments?post=52084"}],"wp:featuredmedia":[{"embeddable":true,"href":"https:\/\/ilmoliulampar.is\/en_gb\/wp-json\/wp\/v2\/media\/39457"}],"wp:attachment":[{"href":"https:\/\/ilmoliulampar.is\/en_gb\/wp-json\/wp\/v2\/media?parent=52084"}],"wp:term":[{"taxonomy":"product_brand","embeddable":true,"href":"https:\/\/ilmoliulampar.is\/en_gb\/wp-json\/wp\/v2\/product_brand?post=52084"},{"taxonomy":"product_cat","embeddable":true,"href":"https:\/\/ilmoliulampar.is\/en_gb\/wp-json\/wp\/v2\/product_cat?post=52084"},{"taxonomy":"product_tag","embeddable":true,"href":"https:\/\/ilmoliulampar.is\/en_gb\/wp-json\/wp\/v2\/product_tag?post=52084"}],"curies":[{"name":"wp","href":"https:\/\/api.w.org\/{rel}","templated":true}]}}