{"id":52087,"date":"2016-03-21T12:31:45","date_gmt":"2016-03-21T12:31:45","guid":{"rendered":"https:\/\/new.ilmoliulampar.is\/product\/love-spell\/"},"modified":"2026-03-11T14:03:12","modified_gmt":"2026-03-11T14:03:12","slug":"love-spell","status":"publish","type":"product","link":"https:\/\/ilmoliulampar.is\/en_gb\/product\/love-spell\/","title":{"rendered":"LOVE SPELL &#8211; VS"},"content":{"rendered":"","protected":false},"excerpt":{"rendered":"<p>Flestir \u00feekkja \u00feessa \ud83d\ude42<\/p>\n<p>Victoria&#8217;s Secret\u00a0 &#8211; <strong>ilmol\u00eda<\/strong><\/p>\n<p>\u00c6\u00f0isleg blanda af cherry blossom, rau\u00f0um eplum, ferksjum og \u00f6rl\u00edti\u00f0 af vi\u00f0art\u00f3num.<\/p>\n<p>&nbsp;<\/p>\n<p>&nbsp;<\/p>\n<p><em>(ATH &#8211; Um er a\u00f0 r\u00e6\u00f0a ilmol\u00edu, myndin er notu\u00f0 til \u00feess a\u00f0 l\u00fdsa ilminum sem vi\u00f0 er \u00e1tt)<\/em><\/p>","protected":false},"featured_media":39466,"comment_status":"closed","ping_status":"closed","template":"","meta":[],"product_brand":[],"product_cat":[195,108],"product_tag":[],"class_list":{"0":"post-52087","1":"product","2":"type-product","3":"status-publish","4":"has-post-thumbnail","6":"product_cat-ilmoliur-oliur","7":"product_cat-oliur","9":"first","10":"instock","11":"shipping-taxable","12":"purchasable","13":"product-type-simple"},"_links":{"self":[{"href":"https:\/\/ilmoliulampar.is\/en_gb\/wp-json\/wp\/v2\/product\/52087","targetHints":{"allow":["GET"]}}],"collection":[{"href":"https:\/\/ilmoliulampar.is\/en_gb\/wp-json\/wp\/v2\/product"}],"about":[{"href":"https:\/\/ilmoliulampar.is\/en_gb\/wp-json\/wp\/v2\/types\/product"}],"replies":[{"embeddable":true,"href":"https:\/\/ilmoliulampar.is\/en_gb\/wp-json\/wp\/v2\/comments?post=52087"}],"wp:featuredmedia":[{"embeddable":true,"href":"https:\/\/ilmoliulampar.is\/en_gb\/wp-json\/wp\/v2\/media\/39466"}],"wp:attachment":[{"href":"https:\/\/ilmoliulampar.is\/en_gb\/wp-json\/wp\/v2\/media?parent=52087"}],"wp:term":[{"taxonomy":"product_brand","embeddable":true,"href":"https:\/\/ilmoliulampar.is\/en_gb\/wp-json\/wp\/v2\/product_brand?post=52087"},{"taxonomy":"product_cat","embeddable":true,"href":"https:\/\/ilmoliulampar.is\/en_gb\/wp-json\/wp\/v2\/product_cat?post=52087"},{"taxonomy":"product_tag","embeddable":true,"href":"https:\/\/ilmoliulampar.is\/en_gb\/wp-json\/wp\/v2\/product_tag?post=52087"}],"curies":[{"name":"wp","href":"https:\/\/api.w.org\/{rel}","templated":true}]}}