{"id":52089,"date":"2016-03-21T12:41:46","date_gmt":"2016-03-21T12:41:46","guid":{"rendered":"https:\/\/new.ilmoliulampar.is\/product\/pink-sugar\/"},"modified":"2025-10-30T16:57:16","modified_gmt":"2025-10-30T16:57:16","slug":"pink-sugar","status":"publish","type":"product","link":"https:\/\/ilmoliulampar.is\/en_gb\/product\/pink-sugar\/","title":{"rendered":"PINK SUGAR"},"content":{"rendered":"","protected":false},"excerpt":{"rendered":"<p style=\"text-align: left;\"><!--more--><\/p>\n<p>Pink Sugar By Aquolina<\/p>\n<p style=\"text-align: left;\">\u00deennan ilm \u00feekkja flestir&#8230;.\u00a0 svo g\u00f3\u00f0, h\u00fan er \u00e6\u00f0i \ud83d\ude42 Sykurs\u00e6t&#8230;&#8230;<\/p>","protected":false},"featured_media":39476,"comment_status":"closed","ping_status":"closed","template":"","meta":[],"product_brand":[],"product_cat":[195,198,230,108,121],"product_tag":[],"class_list":{"0":"post-52089","1":"product","2":"type-product","3":"status-publish","4":"has-post-thumbnail","6":"product_cat-ilmoliur-oliur","7":"product_cat-ilmoliutilbod-oliur","8":"product_cat-laekkadverd","9":"product_cat-oliur","10":"product_cat-tilbod-adrar-vorur","12":"first","13":"instock","14":"sale","15":"shipping-taxable","16":"purchasable","17":"product-type-simple"},"_links":{"self":[{"href":"https:\/\/ilmoliulampar.is\/en_gb\/wp-json\/wp\/v2\/product\/52089","targetHints":{"allow":["GET"]}}],"collection":[{"href":"https:\/\/ilmoliulampar.is\/en_gb\/wp-json\/wp\/v2\/product"}],"about":[{"href":"https:\/\/ilmoliulampar.is\/en_gb\/wp-json\/wp\/v2\/types\/product"}],"replies":[{"embeddable":true,"href":"https:\/\/ilmoliulampar.is\/en_gb\/wp-json\/wp\/v2\/comments?post=52089"}],"wp:featuredmedia":[{"embeddable":true,"href":"https:\/\/ilmoliulampar.is\/en_gb\/wp-json\/wp\/v2\/media\/39476"}],"wp:attachment":[{"href":"https:\/\/ilmoliulampar.is\/en_gb\/wp-json\/wp\/v2\/media?parent=52089"}],"wp:term":[{"taxonomy":"product_brand","embeddable":true,"href":"https:\/\/ilmoliulampar.is\/en_gb\/wp-json\/wp\/v2\/product_brand?post=52089"},{"taxonomy":"product_cat","embeddable":true,"href":"https:\/\/ilmoliulampar.is\/en_gb\/wp-json\/wp\/v2\/product_cat?post=52089"},{"taxonomy":"product_tag","embeddable":true,"href":"https:\/\/ilmoliulampar.is\/en_gb\/wp-json\/wp\/v2\/product_tag?post=52089"}],"curies":[{"name":"wp","href":"https:\/\/api.w.org\/{rel}","templated":true}]}}