{"id":52090,"date":"2016-04-01T23:58:08","date_gmt":"2016-04-01T23:58:08","guid":{"rendered":"https:\/\/new.ilmoliulampar.is\/product\/serenity-2\/"},"modified":"2025-11-10T15:14:21","modified_gmt":"2025-11-10T15:14:21","slug":"serenity-2","status":"publish","type":"product","link":"https:\/\/ilmoliulampar.is\/en_gb\/product\/serenity-2\/","title":{"rendered":"SERENITY &#8211; Made by Zen"},"content":{"rendered":"","protected":false},"excerpt":{"rendered":"<div dir=\"auto\">Lj\u00fafur, mildur og hreinn bl\u00f3mailmur \u00ed bland vi\u00f0 l\u00e9tta t\u00f3na af Sandalwood, hv\u00edtar r\u00f3sir \u00a0&amp; Musk .<\/div>\n<div dir=\"auto\">Mildur og hreinlegur ilmur sem vert er a\u00f0 pr\u00f3fa!<\/div>\n<div dir=\"auto\"><\/div>\n<p>&nbsp;<\/p>","protected":false},"featured_media":39481,"comment_status":"closed","ping_status":"closed","template":"","meta":[],"product_brand":[],"product_cat":[195,108],"product_tag":[],"class_list":{"0":"post-52090","1":"product","2":"type-product","3":"status-publish","4":"has-post-thumbnail","6":"product_cat-ilmoliur-oliur","7":"product_cat-oliur","9":"first","10":"instock","11":"shipping-taxable","12":"purchasable","13":"product-type-simple"},"_links":{"self":[{"href":"https:\/\/ilmoliulampar.is\/en_gb\/wp-json\/wp\/v2\/product\/52090","targetHints":{"allow":["GET"]}}],"collection":[{"href":"https:\/\/ilmoliulampar.is\/en_gb\/wp-json\/wp\/v2\/product"}],"about":[{"href":"https:\/\/ilmoliulampar.is\/en_gb\/wp-json\/wp\/v2\/types\/product"}],"replies":[{"embeddable":true,"href":"https:\/\/ilmoliulampar.is\/en_gb\/wp-json\/wp\/v2\/comments?post=52090"}],"wp:featuredmedia":[{"embeddable":true,"href":"https:\/\/ilmoliulampar.is\/en_gb\/wp-json\/wp\/v2\/media\/39481"}],"wp:attachment":[{"href":"https:\/\/ilmoliulampar.is\/en_gb\/wp-json\/wp\/v2\/media?parent=52090"}],"wp:term":[{"taxonomy":"product_brand","embeddable":true,"href":"https:\/\/ilmoliulampar.is\/en_gb\/wp-json\/wp\/v2\/product_brand?post=52090"},{"taxonomy":"product_cat","embeddable":true,"href":"https:\/\/ilmoliulampar.is\/en_gb\/wp-json\/wp\/v2\/product_cat?post=52090"},{"taxonomy":"product_tag","embeddable":true,"href":"https:\/\/ilmoliulampar.is\/en_gb\/wp-json\/wp\/v2\/product_tag?post=52090"}],"curies":[{"name":"wp","href":"https:\/\/api.w.org\/{rel}","templated":true}]}}